{"id":1102,"date":"2021-06-10T16:51:37","date_gmt":"2021-06-10T14:51:37","guid":{"rendered":"https:\/\/fetedelascience.ucly.fr\/?page_id=1102"},"modified":"2025-07-08T12:02:24","modified_gmt":"2025-07-08T10:02:24","slug":"scolaire-lycee","status":"publish","type":"page","link":"https:\/\/fetedelascience.ucly.fr\/en\/programme\/scolaire-lycee\/","title":{"rendered":"Programme scolaire - Niveau lyc\u00e9e"},"content":{"rendered":"<p>Le Village des Sciences Confluence 2025 r\u00e9unit plusieurs partenaires : UCLy,\u00a0INL, Mus\u00e9e des Sciences biologiques du Docteur M\u00e9rieux, ANSES.<\/p><p><\/p><div class=\"wp-block-list js-fade-scroll\">\n  <p class=\"wp-block-list-title\">Ateliers Niveau Lyc\u00e9e 2025<\/p>\n  <div class=\"wp-block-list-intro\"><\/div>\n\n          <a class=\"wp-block-list-item\" href=\"https:\/\/fetedelascience.ucly.fr\/inscription-groupe-scolaire\/\" title=\"Inscription d'un Groupe Scolaire\" target=\"_blank\" >\n      \n        <div class=\"wp-block-list-item-title\">REMONTEZ LE TEMPS A LA RENCONTRE DES GRANDS PHILOSOPHES ET SCIENTIFIQUES <\/div>\n        <div class=\"wp-block-list-item-intro\"><p><strong>Jeu de piste g\u00e9ant m\u00ealant savants, intrigues et d\u00e9couvertes.<\/strong><\/p>\n<p>Embarquer avec le c\u00e9l\u00e8bre aventurier Arthur Dent et son fid\u00e8le robot Marvin dans un jeu de piste g\u00e9ant m\u00ealant intrigue scientifique et r\u00e9flexion philosophique. Remonter le temps pour aller \u00e0 la rencontre des plus grands savants et philosophes parmi lesquels Aristote, Galil\u00e9e, Descartes, Marie Curie et Einstein.<\/p>\n<p>Vous d\u00e9couvrirez ainsi la r\u00e9ponse \u00e0 la grande question de la repr\u00e9sentation de l\u2019univers et de la terre par les scientifiques et philosophes d\u2019hier et d\u2019aujourd\u2019hui ?<\/p>\n<p><strong>Mots-clefs<\/strong>\u00a0: Perception univers, philosophes, scientifiques, Descartes, g\u00e9ocentrisme, th\u00e9orie \u00e9volution, chronologie<\/p>\n<p><strong>Dur\u00e9e : 2h \u2013 1 classe par cr\u00e9neau<\/strong><\/p>\n<p><strong>Mercredi 9 octobre : <\/strong>de 10h \u00e0 12h | de 14h \u00e0 16h<\/p>\n<\/div>\n\n                <span class=\"wp-block-list-item-link\">\n            <span class=\"icon-more\"><\/span>\n          <\/span>\n        <\/a>\n                  <a class=\"wp-block-list-item\" href=\"https:\/\/fetedelascience.ucly.fr\/inscription-groupe-scolaire\/\" title=\"Inscription d'un Groupe Scolaire\" target=\"_blank\" >\n      \n        <div class=\"wp-block-list-item-title\">CANCER : MUTER N\u2019EST PAS JOUER<\/div>\n        <div class=\"wp-block-list-item-intro\"><p><strong>Quels sont les m\u00e9canismes mis en place lors d&#8217;un cancer?<\/strong><\/p>\n<p>Jeu de plateau : Biologie du cancer &#8211; Les diff\u00e9rents facteurs de risques<\/p>\n<p>Jeu memory : Syst\u00e8me immunitaire et d\u00e9veloppement du cancer<\/p>\n<p>Jeu type Cluedo : Epid\u00e9miologie<\/p>\n<p><strong>Dur\u00e9e : 2h\u2013 1 classe par cr\u00e9neau<\/strong><\/p>\n<p><strong>Lundi 7 octobre :<\/strong> de 10h \u00e0 12h | de 14h \u00e0 16h<strong><br \/>\n<\/strong><\/p>\n<p><strong>Mardi 8 octobre :<\/strong> de 10h \u00e0 12h | de 14h \u00e0 16h<\/p>\n<p><strong>Mercredi 9 octobre:<\/strong> de 10h \u00e0 12h<\/p>\n<\/div>\n\n                <span class=\"wp-block-list-item-link\">\n            <span class=\"icon-more\"><\/span>\n          <\/span>\n        <\/a>\n          <\/div>","protected":false},"excerpt":{"rendered":"<p>Le Village des Sciences Confluence 2025 r\u00e9unit plusieurs partenaires : UCLy,\u00a0INL, Mus\u00e9e des Sciences biologiques du Docteur M\u00e9rieux, ANSES.<\/p>\n","protected":false},"author":27,"featured_media":1103,"parent":470,"menu_order":6,"comment_status":"closed","ping_status":"closed","template":"","meta":{"_acf_changed":false,"footnotes":""},"class_list":["post-1102","page","type-page","status-publish","has-post-thumbnail","hentry"],"acf":[],"yoast_head":"<!-- This site is optimized with the Yoast SEO plugin v24.1 - https:\/\/yoast.com\/wordpress\/plugins\/seo\/ -->\n<title>Programme scolaire - Niveau lyc\u00e9e - F\u00eate de la Science<\/title>\n<meta name=\"robots\" content=\"index, follow, max-snippet:-1, max-image-preview:large, max-video-preview:-1\" \/>\n<link rel=\"canonical\" href=\"https:\/\/fetedelascience.ucly.fr\/en\/programme\/scolaire-lycee\/\" \/>\n<meta property=\"og:locale\" content=\"en_US\" \/>\n<meta property=\"og:type\" content=\"article\" \/>\n<meta property=\"og:title\" content=\"Programme scolaire - Niveau lyc\u00e9e - F\u00eate de la Science\" \/>\n<meta property=\"og:description\" content=\"Le Village des Sciences Confluence 2025 r\u00e9unit plusieurs partenaires : UCLy,\u00a0INL, Mus\u00e9e des Sciences biologiques du Docteur M\u00e9rieux, ANSES.\" \/>\n<meta property=\"og:url\" content=\"https:\/\/fetedelascience.ucly.fr\/en\/programme\/scolaire-lycee\/\" \/>\n<meta property=\"og:site_name\" content=\"F\u00eate de la Science\" \/>\n<meta property=\"article:modified_time\" content=\"2025-07-08T10:02:24+00:00\" \/>\n<meta property=\"og:image\" content=\"https:\/\/fetedelascience.ucly.fr\/wp-content\/uploads\/sites\/31\/2021\/06\/reportages-photos-etudiantes-campus-saint-paul-2-1920x576.jpg\" \/>\n\t<meta property=\"og:image:width\" content=\"1920\" \/>\n\t<meta property=\"og:image:height\" content=\"980\" \/>\n\t<meta property=\"og:image:type\" content=\"image\/jpeg\" \/>\n<meta name=\"twitter:card\" content=\"summary_large_image\" \/>\n<meta name=\"twitter:label1\" content=\"Est. reading time\" \/>\n\t<meta name=\"twitter:data1\" content=\"1 minute\" \/>\n<script type=\"application\/ld+json\" class=\"yoast-schema-graph\">{\"@context\":\"https:\/\/schema.org\",\"@graph\":[{\"@type\":\"WebPage\",\"@id\":\"https:\/\/fetedelascience.ucly.fr\/en\/programme\/scolaire-lycee\/\",\"url\":\"https:\/\/fetedelascience.ucly.fr\/en\/programme\/scolaire-lycee\/\",\"name\":\"Programme scolaire - Niveau lyc\u00e9e - F\u00eate de la Science\",\"isPartOf\":{\"@id\":\"https:\/\/fetedelascience.ucly.fr\/en\/#website\"},\"primaryImageOfPage\":{\"@id\":\"https:\/\/fetedelascience.ucly.fr\/en\/programme\/scolaire-lycee\/#primaryimage\"},\"image\":{\"@id\":\"https:\/\/fetedelascience.ucly.fr\/en\/programme\/scolaire-lycee\/#primaryimage\"},\"thumbnailUrl\":\"https:\/\/fetedelascience.ucly.fr\/wp-content\/uploads\/sites\/31\/2021\/06\/reportages-photos-etudiantes-campus-saint-paul-2-1920x576.jpg\",\"datePublished\":\"2021-06-10T14:51:37+00:00\",\"dateModified\":\"2025-07-08T10:02:24+00:00\",\"breadcrumb\":{\"@id\":\"https:\/\/fetedelascience.ucly.fr\/en\/programme\/scolaire-lycee\/#breadcrumb\"},\"inLanguage\":\"en-US\",\"potentialAction\":[{\"@type\":\"ReadAction\",\"target\":[\"https:\/\/fetedelascience.ucly.fr\/en\/programme\/scolaire-lycee\/\"]}]},{\"@type\":\"ImageObject\",\"inLanguage\":\"en-US\",\"@id\":\"https:\/\/fetedelascience.ucly.fr\/en\/programme\/scolaire-lycee\/#primaryimage\",\"url\":\"https:\/\/fetedelascience.ucly.fr\/wp-content\/uploads\/sites\/31\/2021\/06\/reportages-photos-etudiantes-campus-saint-paul-2-1920x576.jpg\",\"contentUrl\":\"https:\/\/fetedelascience.ucly.fr\/wp-content\/uploads\/sites\/31\/2021\/06\/reportages-photos-etudiantes-campus-saint-paul-2-1920x576.jpg\",\"width\":1920,\"height\":980},{\"@type\":\"BreadcrumbList\",\"@id\":\"https:\/\/fetedelascience.ucly.fr\/en\/programme\/scolaire-lycee\/#breadcrumb\",\"itemListElement\":[{\"@type\":\"ListItem\",\"position\":1,\"name\":\"Accueil\",\"item\":\"https:\/\/fetedelascience.ucly.fr\/en\/\"},{\"@type\":\"ListItem\",\"position\":2,\"name\":\"Programme\",\"item\":\"https:\/\/fetedelascience.ucly.fr\/en\/programme\/\"},{\"@type\":\"ListItem\",\"position\":3,\"name\":\"Programme scolaire - Niveau lyc\u00e9e\"}]},{\"@type\":\"WebSite\",\"@id\":\"https:\/\/fetedelascience.ucly.fr\/en\/#website\",\"url\":\"https:\/\/fetedelascience.ucly.fr\/en\/\",\"name\":\"F\u00eate de la Science\",\"description\":\"\",\"publisher\":{\"@id\":\"https:\/\/fetedelascience.ucly.fr\/en\/#organization\"},\"potentialAction\":[{\"@type\":\"SearchAction\",\"target\":{\"@type\":\"EntryPoint\",\"urlTemplate\":\"https:\/\/fetedelascience.ucly.fr\/en\/?s={search_term_string}\"},\"query-input\":{\"@type\":\"PropertyValueSpecification\",\"valueRequired\":true,\"valueName\":\"search_term_string\"}}],\"inLanguage\":\"en-US\"},{\"@type\":\"Organization\",\"@id\":\"https:\/\/fetedelascience.ucly.fr\/en\/#organization\",\"name\":\"F\u00eate de la Science\",\"url\":\"https:\/\/fetedelascience.ucly.fr\/en\/\",\"logo\":{\"@type\":\"ImageObject\",\"inLanguage\":\"en-US\",\"@id\":\"https:\/\/fetedelascience.ucly.fr\/en\/#\/schema\/logo\/image\/\",\"url\":\"https:\/\/fetedelascience.ucly.fr\/wp-content\/uploads\/sites\/31\/2024\/07\/cropped-logo-3-ecoles-en-tete-site-fds-2024.png\",\"contentUrl\":\"https:\/\/fetedelascience.ucly.fr\/wp-content\/uploads\/sites\/31\/2024\/07\/cropped-logo-3-ecoles-en-tete-site-fds-2024.png\",\"width\":749,\"height\":422,\"caption\":\"F\u00eate de la Science\"},\"image\":{\"@id\":\"https:\/\/fetedelascience.ucly.fr\/en\/#\/schema\/logo\/image\/\"}}]}<\/script>\n<!-- \/ Yoast SEO plugin. -->","yoast_head_json":{"title":"Programme scolaire - Niveau lyc\u00e9e - F\u00eate de la Science","robots":{"index":"index","follow":"follow","max-snippet":"max-snippet:-1","max-image-preview":"max-image-preview:large","max-video-preview":"max-video-preview:-1"},"canonical":"https:\/\/fetedelascience.ucly.fr\/en\/programme\/scolaire-lycee\/","og_locale":"en_US","og_type":"article","og_title":"Programme scolaire - Niveau lyc\u00e9e - F\u00eate de la Science","og_description":"Le Village des Sciences Confluence 2025 r\u00e9unit plusieurs partenaires : UCLy,\u00a0INL, Mus\u00e9e des Sciences biologiques du Docteur M\u00e9rieux, ANSES.","og_url":"https:\/\/fetedelascience.ucly.fr\/en\/programme\/scolaire-lycee\/","og_site_name":"F\u00eate de la Science","article_modified_time":"2025-07-08T10:02:24+00:00","og_image":[{"width":1920,"height":980,"url":"https:\/\/fetedelascience.ucly.fr\/wp-content\/uploads\/sites\/31\/2021\/06\/reportages-photos-etudiantes-campus-saint-paul-2-1920x576.jpg","type":"image\/jpeg"}],"twitter_card":"summary_large_image","twitter_misc":{"Est. reading time":"1 minute"},"schema":{"@context":"https:\/\/schema.org","@graph":[{"@type":"WebPage","@id":"https:\/\/fetedelascience.ucly.fr\/en\/programme\/scolaire-lycee\/","url":"https:\/\/fetedelascience.ucly.fr\/en\/programme\/scolaire-lycee\/","name":"Programme scolaire - Niveau lyc\u00e9e - F\u00eate de la Science","isPartOf":{"@id":"https:\/\/fetedelascience.ucly.fr\/en\/#website"},"primaryImageOfPage":{"@id":"https:\/\/fetedelascience.ucly.fr\/en\/programme\/scolaire-lycee\/#primaryimage"},"image":{"@id":"https:\/\/fetedelascience.ucly.fr\/en\/programme\/scolaire-lycee\/#primaryimage"},"thumbnailUrl":"https:\/\/fetedelascience.ucly.fr\/wp-content\/uploads\/sites\/31\/2021\/06\/reportages-photos-etudiantes-campus-saint-paul-2-1920x576.jpg","datePublished":"2021-06-10T14:51:37+00:00","dateModified":"2025-07-08T10:02:24+00:00","breadcrumb":{"@id":"https:\/\/fetedelascience.ucly.fr\/en\/programme\/scolaire-lycee\/#breadcrumb"},"inLanguage":"en-US","potentialAction":[{"@type":"ReadAction","target":["https:\/\/fetedelascience.ucly.fr\/en\/programme\/scolaire-lycee\/"]}]},{"@type":"ImageObject","inLanguage":"en-US","@id":"https:\/\/fetedelascience.ucly.fr\/en\/programme\/scolaire-lycee\/#primaryimage","url":"https:\/\/fetedelascience.ucly.fr\/wp-content\/uploads\/sites\/31\/2021\/06\/reportages-photos-etudiantes-campus-saint-paul-2-1920x576.jpg","contentUrl":"https:\/\/fetedelascience.ucly.fr\/wp-content\/uploads\/sites\/31\/2021\/06\/reportages-photos-etudiantes-campus-saint-paul-2-1920x576.jpg","width":1920,"height":980},{"@type":"BreadcrumbList","@id":"https:\/\/fetedelascience.ucly.fr\/en\/programme\/scolaire-lycee\/#breadcrumb","itemListElement":[{"@type":"ListItem","position":1,"name":"Accueil","item":"https:\/\/fetedelascience.ucly.fr\/en\/"},{"@type":"ListItem","position":2,"name":"Programme","item":"https:\/\/fetedelascience.ucly.fr\/en\/programme\/"},{"@type":"ListItem","position":3,"name":"Programme scolaire - Niveau lyc\u00e9e"}]},{"@type":"WebSite","@id":"https:\/\/fetedelascience.ucly.fr\/en\/#website","url":"https:\/\/fetedelascience.ucly.fr\/en\/","name":"F\u00eate de la Science","description":"","publisher":{"@id":"https:\/\/fetedelascience.ucly.fr\/en\/#organization"},"potentialAction":[{"@type":"SearchAction","target":{"@type":"EntryPoint","urlTemplate":"https:\/\/fetedelascience.ucly.fr\/en\/?s={search_term_string}"},"query-input":{"@type":"PropertyValueSpecification","valueRequired":true,"valueName":"search_term_string"}}],"inLanguage":"en-US"},{"@type":"Organization","@id":"https:\/\/fetedelascience.ucly.fr\/en\/#organization","name":"F\u00eate de la Science","url":"https:\/\/fetedelascience.ucly.fr\/en\/","logo":{"@type":"ImageObject","inLanguage":"en-US","@id":"https:\/\/fetedelascience.ucly.fr\/en\/#\/schema\/logo\/image\/","url":"https:\/\/fetedelascience.ucly.fr\/wp-content\/uploads\/sites\/31\/2024\/07\/cropped-logo-3-ecoles-en-tete-site-fds-2024.png","contentUrl":"https:\/\/fetedelascience.ucly.fr\/wp-content\/uploads\/sites\/31\/2024\/07\/cropped-logo-3-ecoles-en-tete-site-fds-2024.png","width":749,"height":422,"caption":"F\u00eate de la Science"},"image":{"@id":"https:\/\/fetedelascience.ucly.fr\/en\/#\/schema\/logo\/image\/"}}]}},"_links":{"self":[{"href":"https:\/\/fetedelascience.ucly.fr\/en\/wp-json\/wp\/v2\/pages\/1102","targetHints":{"allow":["GET"]}}],"collection":[{"href":"https:\/\/fetedelascience.ucly.fr\/en\/wp-json\/wp\/v2\/pages"}],"about":[{"href":"https:\/\/fetedelascience.ucly.fr\/en\/wp-json\/wp\/v2\/types\/page"}],"author":[{"embeddable":true,"href":"https:\/\/fetedelascience.ucly.fr\/en\/wp-json\/wp\/v2\/users\/27"}],"replies":[{"embeddable":true,"href":"https:\/\/fetedelascience.ucly.fr\/en\/wp-json\/wp\/v2\/comments?post=1102"}],"version-history":[{"count":3,"href":"https:\/\/fetedelascience.ucly.fr\/en\/wp-json\/wp\/v2\/pages\/1102\/revisions"}],"predecessor-version":[{"id":2464,"href":"https:\/\/fetedelascience.ucly.fr\/en\/wp-json\/wp\/v2\/pages\/1102\/revisions\/2464"}],"up":[{"embeddable":true,"href":"https:\/\/fetedelascience.ucly.fr\/en\/wp-json\/wp\/v2\/pages\/470"}],"wp:featuredmedia":[{"embeddable":true,"href":"https:\/\/fetedelascience.ucly.fr\/en\/wp-json\/wp\/v2\/media\/1103"}],"wp:attachment":[{"href":"https:\/\/fetedelascience.ucly.fr\/en\/wp-json\/wp\/v2\/media?parent=1102"}],"curies":[{"name":"wp","href":"https:\/\/api.w.org\/{rel}","templated":true}]}}