{"id":1109,"date":"2021-06-10T16:54:59","date_gmt":"2021-06-10T14:54:59","guid":{"rendered":"https:\/\/fetedelascience.ucly.fr\/?page_id=1109"},"modified":"2025-09-04T15:25:12","modified_gmt":"2025-09-04T13:25:12","slug":"programme-primaire","status":"publish","type":"page","link":"https:\/\/fetedelascience.ucly.fr\/en\/programme\/programme-primaire\/","title":{"rendered":"Programme scolaire - Niveau primaire"},"content":{"rendered":"<p>Le Village des Sciences Confluence 2025 r\u00e9unit plusieurs partenaires : UCLy,&nbsp;INL, Mus\u00e9e des Sciences biologiques du Docteur M\u00e9rieux, ANSES.<\/p><h3 class=\"wp-block-heading\"><\/h3><div class=\"wp-block-list js-fade-scroll\">\n  <p class=\"wp-block-list-title\">Ateliers Niveau Primaire 2025<\/p>\n  <div class=\"wp-block-list-intro\"><\/div>\n\n          <a class=\"wp-block-list-item\" href=\"https:\/\/fetedelascience.ucly.fr\/inscription-groupe-scolaire\/\" title=\"Inscription d'un Groupe Scolaire\" target=\"_blank\" >\n      \n        <div class=\"wp-block-list-item-title\">DES MICROBES ET DES HOMMES <\/div>\n        <div class=\"wp-block-list-item-intro\"><p><strong>D\u00e9couverte des microorganismes (bact\u00e9ries, levures, virus\u2026)<\/strong><\/p>\n<p>O\u00f9 sont-ils dans notre quotidien ? Quels sont leurs modes de transmission ? Quelle est la meilleure hygi\u00e8ne des mains pour les limiter ?<\/p>\n<p><strong>Mots-clefs\u00a0:<\/strong> microorganismes, bact\u00e9rie, levures, champignons, virus, microscopes<\/p>\n<p><strong>Dur\u00e9e : 1h30 \u2013 1 classe par cr\u00e9neau<\/strong><\/p>\n<p><strong>Lundi 6 octobre :<\/strong> de 9h30 \u00e0 11h | de 10h15 \u00e0 11h45 | de 13h30 \u00e0 15h | de 14h15 \u00e0 15h45<\/p>\n<p><strong>Mardi 7 octobre : <\/strong>de 9h30 \u00e0 11h | de 10h15 \u00e0 11h45 | de 13h30 \u00e0 15h | de 14h15 \u00e0 15h45<\/p>\n<p><strong>Mercredi 8 octobre :<\/strong> de 9h30 \u00e0 11h | de 10h15 \u00e0 11h45<\/p>\n<p><em>Cet atelier est \u00e9galement accessible aux classes de Maternelle (de 3 \u00e0 6 ans)<\/em><\/p>\n<\/div>\n\n                <span class=\"wp-block-list-item-link\">\n            <span class=\"icon-more\"><\/span>\n          <\/span>\n        <\/a>\n                  <a class=\"wp-block-list-item\" href=\"https:\/\/fetedelascience.ucly.fr\/inscription-groupe-scolaire\/\" title=\"Inscription d'un Groupe Scolaire\" target=\"_blank\" >\n      \n        <div class=\"wp-block-list-item-title\">DE L\u2019ORGANISME A L\u2019ADN, ECHELLE DU VIVANT<\/div>\n        <div class=\"wp-block-list-item-intro\"><p><strong>Du visible au microscopique! Vous allez jouer avec l&#8217;\u00e9chelle du vivant!<\/strong><\/p>\n<p>Jeu : taille des organismes \/ Observations microorganismes du quotidien (eau croupie, moisissure de fruit) et utilisation dans l&#8217;alimentation \/ Focus sur l&#8217;ADN : extraction\/ Observations des cellules<\/p>\n<p><strong>Mots-clefs\u00a0:<\/strong> microorganisme, ADN, cellule, microscopes<\/p>\n<p><strong>Dur\u00e9e : 1h \u2013 1 classe par cr\u00e9neau<\/strong><\/p>\n<p><strong>Lundi 6 octobre : <\/strong>de 10h \u00e0 11h | de 11h \u00e0 12h | de 14h \u00e0 15h | de 15h \u00e0 16h<strong><br \/>\n<\/strong><\/p>\n<p><strong>Mardi 7 octobre : <\/strong>de 10h \u00e0 11h | de 11h \u00e0 12h | de 14h \u00e0 15h | de 15h \u00e0 16h<\/p>\n<p><strong>Mercredi 8 octobre : <\/strong>de 10h \u00e0 11h | de 11h \u00e0 12h<\/p>\n<p><em>Cet atelier est \u00e9galement accessible aux classes de Coll\u00e8ge (de 11 \u00e0 15 ans)<\/em><\/p>\n<\/div>\n\n                <span class=\"wp-block-list-item-link\">\n            <span class=\"icon-more\"><\/span>\n          <\/span>\n        <\/a>\n                  <a class=\"wp-block-list-item\" href=\"https:\/\/fetedelascience.ucly.fr\/inscription-groupe-scolaire\/\" title=\"Inscription d'un Groupe Scolaire\" target=\"_blank\" >\n      \n        <div class=\"wp-block-list-item-title\">DU TRI DES DECHETS A LA VALORISATION DU COMPOST<\/div>\n        <div class=\"wp-block-list-item-intro\"><p><strong>Savez-vous qu\u2019une famille de 3 personnes produit plus d\u20191 Tonne de d\u00e9chets\/an?<\/strong><\/p>\n<p>En participant aux collectes s\u00e9lectives, cette famille pourrait recycler 520kg\/an de ses d\u00e9chets et si elle pratique le compost de ses d\u00e9chets alimentaires elle peut valoriser 250kg\/an de plus. Elle peut donc valoriser les \u00be de ses d\u00e9chets produits.<\/p>\n<p>Si vous h\u00e9sitez encore, venez voir notre atelier\u2026<\/p>\n<p>Vous y trouverez: Lecture\/Atelier\/animation : Jeu p\u00e9dagogique sur le tri des d\u00e9chets &#8211; Zoom sur le compost : Pourquoi \u2013 Quoi et Comment composter ? Utilisation du compost et des r\u00e9ponses sous la forme de jeux, de films, d\u2019observations microscopiques\u2026.<\/p>\n<p><strong>Mots-clefs\u00a0:<\/strong> recyclage, d\u00e9chets, compost, d\u00e9composition, microorganismes, vers, insectes, microscopes<\/p>\n<p><strong>Dur\u00e9e : 1h15 \u2013 1 classe par cr\u00e9neau<\/strong><\/p>\n<p><strong>Lundi 6 octobre : <\/strong>de 9h30 \u00e0 10h45 | de 10h45 \u00e0 12h | de 13h30 \u00e0 14h45 | de\u00a0 14h45 \u00e0 16h<strong><br \/>\n<\/strong><\/p>\n<p><strong>Mardi 7 octobre : <\/strong>de 9h30 \u00e0 10h45 | de 10h45 \u00e0 12h | de 13h30 \u00e0 14h45 | de\u00a0 14h45 \u00e0 16h<\/p>\n<p><strong>Mercredi 8 octobre : <\/strong>de 9h30 \u00e0 10h45 | de 10h45 \u00e0 12h<\/p>\n<p><em>Cet atelier est \u00e9galement accessible aux classes de Coll\u00e8ge (de 11 \u00e0 15 ans)<\/em><\/p>\n<\/div>\n\n                <span class=\"wp-block-list-item-link\">\n            <span class=\"icon-more\"><\/span>\n          <\/span>\n        <\/a>\n                  <a class=\"wp-block-list-item\" href=\"https:\/\/fetedelascience.ucly.fr\/inscription-groupe-scolaire\/\" title=\"Inscription d'un Groupe Scolaire\" target=\"_blank\" >\n      \n        <div class=\"wp-block-list-item-title\">POLLUTION DES SOLS ET ECOTOXICOLOGIE<\/div>\n        <div class=\"wp-block-list-item-intro\"><p><strong>Faire prendre conscience des probl\u00e8mes pos\u00e9s par les d\u00e9chets divers et en particulier par les d\u00e9chets chimiques dans l\u2019environnement.<\/strong><\/p>\n<p>Combien de temps mettent les d\u00e9chets \u00e0 se d\u00e9grader ? Quels sont les produits chimiques lib\u00e9r\u00e9s ? Que deviennent ces polluants dans la nature ? Quels sont leurs effets sur les plantes et les animaux ? Comment \u00e9valuer ces effets\u2026\u2026 ?<\/p>\n<p>Recherche et dosage simples et ludiques d\u2019une substance dans un sol pollu\u00e9<\/p>\n<p>\u00c9valuation de la toxicit\u00e9 de ce polluant pour l\u2019environnement par un bioessai.<\/p>\n<p>Jeu type &#8220;jeu de l\u2019oie&#8221; : les d\u00e9chets, les polluants, la nature et moi.<\/p>\n<p><strong>Mots-clefs\u00a0:<\/strong> d\u00e9chets, environnement, nature, bioessai, pollution, chimie<\/p>\n<p><strong>Dur\u00e9e : 2h \u2013 1 classe par cr\u00e9neau<\/strong><\/p>\n<p><strong>Lundi 6 octobre : <\/strong>de 10h \u00e0 12h | de 14h \u00e0 16h<strong><br \/>\n<\/strong><\/p>\n<p><strong>Mardi 7 octobre : <\/strong>de 10h \u00e0 12h | de 14h \u00e0 16h<\/p>\n<p><em>Cet atelier est \u00e9galement accessible aux classes de Coll\u00e8ge (de 11 \u00e0 15 ans)<\/em><\/p>\n<\/div>\n\n                <span class=\"wp-block-list-item-link\">\n            <span class=\"icon-more\"><\/span>\n          <\/span>\n        <\/a>\n                  <a class=\"wp-block-list-item\" href=\"https:\/\/fetedelascience.ucly.fr\/inscription-groupe-scolaire\/\" title=\"Inscription d'un Groupe Scolaire\" target=\"_blank\" >\n      \n        <div class=\"wp-block-list-item-title\">L'IMPACT DE L'HOMME SUR LA BIODIVERSIT\u00c9 MARINE<\/div>\n        <div class=\"wp-block-list-item-intro\"><p><strong>Imaginez-vous en train de plonger dans les eaux claires d&#8217;un oc\u00e9an tropical, entour\u00e9 par une myriade de couleurs \u00e9clatantes et de formes \u00e9tonnantes.<\/strong><\/p>\n<p>Ces magnifiques r\u00e9cifs coralliens, abritant une incroyable diversit\u00e9 de vie marine, sont comme des villes sous-marines, offrant un refuge \u00e0 d&#8217;innombrables esp\u00e8ces, des poissons color\u00e9s aux tortues majestueuses.<br \/>\nCependant, derri\u00e8re leur beaut\u00e9 apparente, les coraux font face \u00e0 un ennemi invisible : l&#8217;acidification des oc\u00e9ans. Mais qu&#8217;est-ce que cela signifie vraiment ? Quels sont les autres dangers auxquels font face ces esp\u00e8ces marines, mais encore, qui sont les gardiens des oc\u00e9ans ?<br \/>\nVous y trouverez : un jeu de plateau, une reconstitution de l&#8217;acidification des oc\u00e9ans et un jeu de cartes.<\/p>\n<p><strong>Mots-clefs\u00a0:<\/strong> : oc\u00e9ans, acidification<\/p>\n<p><strong>Dur\u00e9e : 1h30 \u2013 1 classe par cr\u00e9neau<\/strong><\/p>\n<p><strong>Lundi 6 octobre : <\/strong>de 9h30 \u00e0 11h | de 13h30 \u00e0 15h<strong><br \/>\n<\/strong><\/p>\n<p><strong>Mardi 7 octobre : <\/strong>de 9h30 \u00e0 11h | de 13h30 \u00e0 15h<\/p>\n<p><strong>Mercredi 8 octobre : <\/strong>de 9h30 \u00e0 11h<\/p>\n<p><em>Cet atelier est \u00e9galement accessible aux classes de Coll\u00e8ge (de 11 \u00e0 15 ans)<\/em><\/p>\n<\/div>\n\n                <span class=\"wp-block-list-item-link\">\n            <span class=\"icon-more\"><\/span>\n          <\/span>\n        <\/a>\n                  <a class=\"wp-block-list-item\" href=\"https:\/\/fetedelascience.ucly.fr\/inscription-groupe-scolaire\/\" title=\"Inscription d'un Groupe Scolaire\" target=\"_blank\" >\n      \n        <div class=\"wp-block-list-item-title\">L'INTELLIGENCE COLLECTIVE DES FOURMIS<\/div>\n        <div class=\"wp-block-list-item-intro\"><p><strong>Plongez dans le c\u0153ur de la fourmili\u00e8re et d\u00e9couvrez leur mode de communication !<\/strong><\/p>\n<p>A quoi ressemble la maison des fourmis ? Quel est le r\u00f4le de chacune et comment communiquent-elles ? Venez le d\u00e9couvrir \u00e0 travers 3 ateliers d\u00e9di\u00e9s aux 5-10 ans.<\/p>\n<p><strong>Dur\u00e9e : 1h30 \u2013 1 classe par cr\u00e9neau<\/strong><\/p>\n<p><strong>Lundi 6 octobre : <\/strong>de 9h30 \u00e0 11h | de 13h30 \u00e0 15h<\/p>\n<p><strong>Mardi 7 octobre : <\/strong>de 9h30 \u00e0 11h | de 13h30 \u00e0 15h<\/p>\n<p><strong>Mercredi 8 octobre : <\/strong>de 9h30 \u00e0 11h<\/p>\n<\/div>\n\n                <span class=\"wp-block-list-item-link\">\n            <span class=\"icon-more\"><\/span>\n          <\/span>\n        <\/a>\n                  <a class=\"wp-block-list-item\" href=\"https:\/\/fetedelascience.ucly.fr\/inscription-groupe-scolaire\/\" title=\"Inscription d'un groupe scolaire\" target=\"_blank\" >\n      \n        <div class=\"wp-block-list-item-title\">POLLENS : DE LA PLANTE A L'ALLERGIE<\/div>\n        <div class=\"wp-block-list-item-intro\"><p><strong>Qu\u2019est ce qu\u2019un pollen ? A quoi sert-il ? Pourquoi d\u00e9clenche-t-il des allergies ? R\u00e9ponses par cet atelier.<\/strong><\/p>\n<p>Ob\u00e9ron Sciences collecte, quantifie et qualifie en temps r\u00e9el les particules contenues dans l&#8217;air et notamment les pollens gr\u00e2ce \u00e0 des capteurs pr\u00e9sents sur tout le territoire fran\u00e7ais. Les pollens ne sont pas tous allergisants. Pour provoquer des sympt\u00f4mes d&#8217;allergie, il est indispensable que les grains de pollens arrivent sur les muqueuses respiratoires de l&#8217;homme. Cet atelier r\u00e9pondra \u00e0 : Qu\u2019est ce qu&#8217;un pollen? d\u2019o\u00f9 vient-il? Pourquoi peut-il rendre les gens malades? comment avons-nous cette information?<\/p>\n<p><strong>Dur\u00e9e : 1h \u2013 1 classe par cr\u00e9neau<\/strong><\/p>\n<p><strong>Lundi 6 octobre : <\/strong>de 10h \u00e0 11h | de 11h \u00e0 12h | de 14h \u00e0 15h | de 15h \u00e0 16h<\/p>\n<p><strong>Mardi 7 octobre : <\/strong>de 10h \u00e0 11h | de 11h \u00e0 12h | de 14h \u00e0 15h | de 15h \u00e0 16h<\/p>\n<\/div>\n\n                <span class=\"wp-block-list-item-link\">\n            <span class=\"icon-more\"><\/span>\n          <\/span>\n        <\/a>\n          <\/div>","protected":false},"excerpt":{"rendered":"<p>Le Village des Sciences Confluence 2025 r\u00e9unit plusieurs partenaires : UCLy,&nbsp;INL, Mus\u00e9e des Sciences biologiques du Docteur M\u00e9rieux, ANSES.<\/p>\n","protected":false},"author":27,"featured_media":2388,"parent":470,"menu_order":2,"comment_status":"closed","ping_status":"closed","template":"","meta":{"_acf_changed":false,"footnotes":""},"class_list":["post-1109","page","type-page","status-publish","has-post-thumbnail","hentry"],"acf":[],"yoast_head":"<!-- This site is optimized with the Yoast SEO plugin v24.1 - https:\/\/yoast.com\/wordpress\/plugins\/seo\/ -->\n<title>Programme scolaire - Niveau primaire - F\u00eate de la Science<\/title>\n<meta name=\"robots\" content=\"index, follow, max-snippet:-1, max-image-preview:large, max-video-preview:-1\" \/>\n<link rel=\"canonical\" href=\"https:\/\/fetedelascience.ucly.fr\/en\/programme\/programme-primaire\/\" \/>\n<meta property=\"og:locale\" content=\"en_US\" \/>\n<meta property=\"og:type\" content=\"article\" \/>\n<meta property=\"og:title\" content=\"Programme scolaire - Niveau primaire - F\u00eate de la Science\" \/>\n<meta property=\"og:description\" content=\"Le Village des Sciences Confluence 2025 r\u00e9unit plusieurs partenaires : UCLy,&nbsp;INL, Mus\u00e9e des Sciences biologiques du Docteur M\u00e9rieux, ANSES.\" \/>\n<meta property=\"og:url\" content=\"https:\/\/fetedelascience.ucly.fr\/en\/programme\/programme-primaire\/\" \/>\n<meta property=\"og:site_name\" content=\"F\u00eate de la Science\" \/>\n<meta property=\"article:modified_time\" content=\"2025-09-04T13:25:12+00:00\" \/>\n<meta property=\"og:image\" content=\"https:\/\/fetedelascience.ucly.fr\/wp-content\/uploads\/sites\/31\/2025\/07\/fds2024_69_vds-ucly_visee-a-1-804x576.jpg\" \/>\n\t<meta property=\"og:image:width\" content=\"804\" \/>\n\t<meta property=\"og:image:height\" content=\"1200\" \/>\n\t<meta property=\"og:image:type\" content=\"image\/jpeg\" \/>\n<meta name=\"twitter:card\" content=\"summary_large_image\" \/>\n<meta name=\"twitter:label1\" content=\"Est. reading time\" \/>\n\t<meta name=\"twitter:data1\" content=\"1 minute\" \/>\n<script type=\"application\/ld+json\" class=\"yoast-schema-graph\">{\"@context\":\"https:\/\/schema.org\",\"@graph\":[{\"@type\":\"WebPage\",\"@id\":\"https:\/\/fetedelascience.ucly.fr\/en\/programme\/programme-primaire\/\",\"url\":\"https:\/\/fetedelascience.ucly.fr\/en\/programme\/programme-primaire\/\",\"name\":\"Programme scolaire - Niveau primaire - F\u00eate de la Science\",\"isPartOf\":{\"@id\":\"https:\/\/fetedelascience.ucly.fr\/en\/#website\"},\"primaryImageOfPage\":{\"@id\":\"https:\/\/fetedelascience.ucly.fr\/en\/programme\/programme-primaire\/#primaryimage\"},\"image\":{\"@id\":\"https:\/\/fetedelascience.ucly.fr\/en\/programme\/programme-primaire\/#primaryimage\"},\"thumbnailUrl\":\"https:\/\/fetedelascience.ucly.fr\/wp-content\/uploads\/sites\/31\/2025\/07\/fds2024_69_vds-ucly_visee-a-1-804x576.jpg\",\"datePublished\":\"2021-06-10T14:54:59+00:00\",\"dateModified\":\"2025-09-04T13:25:12+00:00\",\"breadcrumb\":{\"@id\":\"https:\/\/fetedelascience.ucly.fr\/en\/programme\/programme-primaire\/#breadcrumb\"},\"inLanguage\":\"en-US\",\"potentialAction\":[{\"@type\":\"ReadAction\",\"target\":[\"https:\/\/fetedelascience.ucly.fr\/en\/programme\/programme-primaire\/\"]}]},{\"@type\":\"ImageObject\",\"inLanguage\":\"en-US\",\"@id\":\"https:\/\/fetedelascience.ucly.fr\/en\/programme\/programme-primaire\/#primaryimage\",\"url\":\"https:\/\/fetedelascience.ucly.fr\/wp-content\/uploads\/sites\/31\/2025\/07\/fds2024_69_vds-ucly_visee-a-1-804x576.jpg\",\"contentUrl\":\"https:\/\/fetedelascience.ucly.fr\/wp-content\/uploads\/sites\/31\/2025\/07\/fds2024_69_vds-ucly_visee-a-1-804x576.jpg\",\"width\":804,\"height\":1200},{\"@type\":\"BreadcrumbList\",\"@id\":\"https:\/\/fetedelascience.ucly.fr\/en\/programme\/programme-primaire\/#breadcrumb\",\"itemListElement\":[{\"@type\":\"ListItem\",\"position\":1,\"name\":\"Accueil\",\"item\":\"https:\/\/fetedelascience.ucly.fr\/en\/\"},{\"@type\":\"ListItem\",\"position\":2,\"name\":\"Programme\",\"item\":\"https:\/\/fetedelascience.ucly.fr\/en\/programme\/\"},{\"@type\":\"ListItem\",\"position\":3,\"name\":\"Programme scolaire - Niveau primaire\"}]},{\"@type\":\"WebSite\",\"@id\":\"https:\/\/fetedelascience.ucly.fr\/en\/#website\",\"url\":\"https:\/\/fetedelascience.ucly.fr\/en\/\",\"name\":\"F\u00eate de la Science\",\"description\":\"\",\"publisher\":{\"@id\":\"https:\/\/fetedelascience.ucly.fr\/en\/#organization\"},\"potentialAction\":[{\"@type\":\"SearchAction\",\"target\":{\"@type\":\"EntryPoint\",\"urlTemplate\":\"https:\/\/fetedelascience.ucly.fr\/en\/?s={search_term_string}\"},\"query-input\":{\"@type\":\"PropertyValueSpecification\",\"valueRequired\":true,\"valueName\":\"search_term_string\"}}],\"inLanguage\":\"en-US\"},{\"@type\":\"Organization\",\"@id\":\"https:\/\/fetedelascience.ucly.fr\/en\/#organization\",\"name\":\"F\u00eate de la Science\",\"url\":\"https:\/\/fetedelascience.ucly.fr\/en\/\",\"logo\":{\"@type\":\"ImageObject\",\"inLanguage\":\"en-US\",\"@id\":\"https:\/\/fetedelascience.ucly.fr\/en\/#\/schema\/logo\/image\/\",\"url\":\"https:\/\/fetedelascience.ucly.fr\/wp-content\/uploads\/sites\/31\/2024\/07\/cropped-logo-3-ecoles-en-tete-site-fds-2024.png\",\"contentUrl\":\"https:\/\/fetedelascience.ucly.fr\/wp-content\/uploads\/sites\/31\/2024\/07\/cropped-logo-3-ecoles-en-tete-site-fds-2024.png\",\"width\":749,\"height\":422,\"caption\":\"F\u00eate de la Science\"},\"image\":{\"@id\":\"https:\/\/fetedelascience.ucly.fr\/en\/#\/schema\/logo\/image\/\"}}]}<\/script>\n<!-- \/ Yoast SEO plugin. -->","yoast_head_json":{"title":"Programme scolaire - Niveau primaire - F\u00eate de la Science","robots":{"index":"index","follow":"follow","max-snippet":"max-snippet:-1","max-image-preview":"max-image-preview:large","max-video-preview":"max-video-preview:-1"},"canonical":"https:\/\/fetedelascience.ucly.fr\/en\/programme\/programme-primaire\/","og_locale":"en_US","og_type":"article","og_title":"Programme scolaire - Niveau primaire - F\u00eate de la Science","og_description":"Le Village des Sciences Confluence 2025 r\u00e9unit plusieurs partenaires : UCLy,&nbsp;INL, Mus\u00e9e des Sciences biologiques du Docteur M\u00e9rieux, ANSES.","og_url":"https:\/\/fetedelascience.ucly.fr\/en\/programme\/programme-primaire\/","og_site_name":"F\u00eate de la Science","article_modified_time":"2025-09-04T13:25:12+00:00","og_image":[{"width":804,"height":1200,"url":"https:\/\/fetedelascience.ucly.fr\/wp-content\/uploads\/sites\/31\/2025\/07\/fds2024_69_vds-ucly_visee-a-1-804x576.jpg","type":"image\/jpeg"}],"twitter_card":"summary_large_image","twitter_misc":{"Est. reading time":"1 minute"},"schema":{"@context":"https:\/\/schema.org","@graph":[{"@type":"WebPage","@id":"https:\/\/fetedelascience.ucly.fr\/en\/programme\/programme-primaire\/","url":"https:\/\/fetedelascience.ucly.fr\/en\/programme\/programme-primaire\/","name":"Programme scolaire - Niveau primaire - F\u00eate de la Science","isPartOf":{"@id":"https:\/\/fetedelascience.ucly.fr\/en\/#website"},"primaryImageOfPage":{"@id":"https:\/\/fetedelascience.ucly.fr\/en\/programme\/programme-primaire\/#primaryimage"},"image":{"@id":"https:\/\/fetedelascience.ucly.fr\/en\/programme\/programme-primaire\/#primaryimage"},"thumbnailUrl":"https:\/\/fetedelascience.ucly.fr\/wp-content\/uploads\/sites\/31\/2025\/07\/fds2024_69_vds-ucly_visee-a-1-804x576.jpg","datePublished":"2021-06-10T14:54:59+00:00","dateModified":"2025-09-04T13:25:12+00:00","breadcrumb":{"@id":"https:\/\/fetedelascience.ucly.fr\/en\/programme\/programme-primaire\/#breadcrumb"},"inLanguage":"en-US","potentialAction":[{"@type":"ReadAction","target":["https:\/\/fetedelascience.ucly.fr\/en\/programme\/programme-primaire\/"]}]},{"@type":"ImageObject","inLanguage":"en-US","@id":"https:\/\/fetedelascience.ucly.fr\/en\/programme\/programme-primaire\/#primaryimage","url":"https:\/\/fetedelascience.ucly.fr\/wp-content\/uploads\/sites\/31\/2025\/07\/fds2024_69_vds-ucly_visee-a-1-804x576.jpg","contentUrl":"https:\/\/fetedelascience.ucly.fr\/wp-content\/uploads\/sites\/31\/2025\/07\/fds2024_69_vds-ucly_visee-a-1-804x576.jpg","width":804,"height":1200},{"@type":"BreadcrumbList","@id":"https:\/\/fetedelascience.ucly.fr\/en\/programme\/programme-primaire\/#breadcrumb","itemListElement":[{"@type":"ListItem","position":1,"name":"Accueil","item":"https:\/\/fetedelascience.ucly.fr\/en\/"},{"@type":"ListItem","position":2,"name":"Programme","item":"https:\/\/fetedelascience.ucly.fr\/en\/programme\/"},{"@type":"ListItem","position":3,"name":"Programme scolaire - Niveau primaire"}]},{"@type":"WebSite","@id":"https:\/\/fetedelascience.ucly.fr\/en\/#website","url":"https:\/\/fetedelascience.ucly.fr\/en\/","name":"F\u00eate de la Science","description":"","publisher":{"@id":"https:\/\/fetedelascience.ucly.fr\/en\/#organization"},"potentialAction":[{"@type":"SearchAction","target":{"@type":"EntryPoint","urlTemplate":"https:\/\/fetedelascience.ucly.fr\/en\/?s={search_term_string}"},"query-input":{"@type":"PropertyValueSpecification","valueRequired":true,"valueName":"search_term_string"}}],"inLanguage":"en-US"},{"@type":"Organization","@id":"https:\/\/fetedelascience.ucly.fr\/en\/#organization","name":"F\u00eate de la Science","url":"https:\/\/fetedelascience.ucly.fr\/en\/","logo":{"@type":"ImageObject","inLanguage":"en-US","@id":"https:\/\/fetedelascience.ucly.fr\/en\/#\/schema\/logo\/image\/","url":"https:\/\/fetedelascience.ucly.fr\/wp-content\/uploads\/sites\/31\/2024\/07\/cropped-logo-3-ecoles-en-tete-site-fds-2024.png","contentUrl":"https:\/\/fetedelascience.ucly.fr\/wp-content\/uploads\/sites\/31\/2024\/07\/cropped-logo-3-ecoles-en-tete-site-fds-2024.png","width":749,"height":422,"caption":"F\u00eate de la Science"},"image":{"@id":"https:\/\/fetedelascience.ucly.fr\/en\/#\/schema\/logo\/image\/"}}]}},"_links":{"self":[{"href":"https:\/\/fetedelascience.ucly.fr\/en\/wp-json\/wp\/v2\/pages\/1109","targetHints":{"allow":["GET"]}}],"collection":[{"href":"https:\/\/fetedelascience.ucly.fr\/en\/wp-json\/wp\/v2\/pages"}],"about":[{"href":"https:\/\/fetedelascience.ucly.fr\/en\/wp-json\/wp\/v2\/types\/page"}],"author":[{"embeddable":true,"href":"https:\/\/fetedelascience.ucly.fr\/en\/wp-json\/wp\/v2\/users\/27"}],"replies":[{"embeddable":true,"href":"https:\/\/fetedelascience.ucly.fr\/en\/wp-json\/wp\/v2\/comments?post=1109"}],"version-history":[{"count":2,"href":"https:\/\/fetedelascience.ucly.fr\/en\/wp-json\/wp\/v2\/pages\/1109\/revisions"}],"predecessor-version":[{"id":2555,"href":"https:\/\/fetedelascience.ucly.fr\/en\/wp-json\/wp\/v2\/pages\/1109\/revisions\/2555"}],"up":[{"embeddable":true,"href":"https:\/\/fetedelascience.ucly.fr\/en\/wp-json\/wp\/v2\/pages\/470"}],"wp:featuredmedia":[{"embeddable":true,"href":"https:\/\/fetedelascience.ucly.fr\/en\/wp-json\/wp\/v2\/media\/2388"}],"wp:attachment":[{"href":"https:\/\/fetedelascience.ucly.fr\/en\/wp-json\/wp\/v2\/media?parent=1109"}],"curies":[{"name":"wp","href":"https:\/\/api.w.org\/{rel}","templated":true}]}}