{"id":1142,"date":"2021-06-18T11:13:57","date_gmt":"2021-06-18T09:13:57","guid":{"rendered":"https:\/\/fetedelascience.ucly.fr\/?page_id=1142"},"modified":"2025-08-28T11:02:14","modified_gmt":"2025-08-28T09:02:14","slug":"inscription-groupe-scolaire","status":"publish","type":"page","link":"https:\/\/fetedelascience.ucly.fr\/en\/inscription-groupe-scolaire\/","title":{"rendered":"Inscription d'un Groupe Scolaire"},"content":{"rendered":"<p>Lors de la f\u00eate de la Science 2025, nous accueillerons les groupes scolaires. Des ateliers et conf\u00e9rences seront propos\u00e9s du lundi 6 au mercredi 8 octobre.<\/p><p>Les r\u00e9servations sont obligatoires, elles se font sur la plateforme Yurplan. Votre demande sera prise en compte et vous recevrez un email pour la confirmation d\u00e9finitive.<\/p><div class=\"wp-block-button js-fade-scroll\">\n\n    <a href=\"https:\/\/yp.events\/1f0ac122-a8e9-4e9b-97ed-c7c5fbd30fe2\/Village-des-Sciences-UCLy\" target=\"_blank\" title=\"Inscrire un Groupe Scolaire\" class=\"button primary\">Inscrire un Groupe Scolaire<\/a>\n\n  <\/div><div class=\"wp-block-separator js-fade-scroll\"><\/div><h2 class=\"wp-block-heading\">Pour + d'informations<\/h2><p>Mail : <a href=\"mailto:fds@univ-catholyon.fr\">fds@univ-catholyon.fr<\/a><br>T\u00e9l : 04 72 32 51 11 <\/p>","protected":false},"excerpt":{"rendered":"<p>Lors de la f\u00eate de la Science 2025, nous accueillerons les groupes scolaires. Des ateliers et conf\u00e9rences seront propos\u00e9s du lundi 6 au mercredi [&hellip;]<\/p>\n","protected":false},"author":108,"featured_media":2397,"parent":0,"menu_order":0,"comment_status":"closed","ping_status":"closed","template":"","meta":{"_acf_changed":false,"footnotes":""},"class_list":["post-1142","page","type-page","status-publish","has-post-thumbnail","hentry"],"acf":[],"yoast_head":"<!-- This site is optimized with the Yoast SEO plugin v24.1 - https:\/\/yoast.com\/wordpress\/plugins\/seo\/ -->\n<title>Inscription d&#039;un Groupe Scolaire - F\u00eate de la Science<\/title>\n<meta name=\"robots\" content=\"index, follow, max-snippet:-1, max-image-preview:large, max-video-preview:-1\" \/>\n<link rel=\"canonical\" href=\"https:\/\/fetedelascience.ucly.fr\/en\/inscription-groupe-scolaire\/\" \/>\n<meta property=\"og:locale\" content=\"en_US\" \/>\n<meta property=\"og:type\" content=\"article\" \/>\n<meta property=\"og:title\" content=\"Inscription d&#039;un Groupe Scolaire - F\u00eate de la Science\" \/>\n<meta property=\"og:description\" content=\"Lors de la f\u00eate de la Science 2025, nous accueillerons les groupes scolaires. Des ateliers et conf\u00e9rences seront propos\u00e9s du lundi 6 au mercredi [&hellip;]\" \/>\n<meta property=\"og:url\" content=\"https:\/\/fetedelascience.ucly.fr\/en\/inscription-groupe-scolaire\/\" \/>\n<meta property=\"og:site_name\" content=\"F\u00eate de la Science\" \/>\n<meta property=\"article:modified_time\" content=\"2025-08-28T09:02:14+00:00\" \/>\n<meta property=\"og:image\" content=\"https:\/\/fetedelascience.ucly.fr\/wp-content\/uploads\/sites\/31\/2025\/07\/fds25-visuels-site-header-jpg-2348-1780x576.jpg\" \/>\n\t<meta property=\"og:image:width\" content=\"1780\" \/>\n\t<meta property=\"og:image:height\" content=\"768\" \/>\n\t<meta property=\"og:image:type\" content=\"image\/jpeg\" \/>\n<meta name=\"twitter:card\" content=\"summary_large_image\" \/>\n<meta name=\"twitter:label1\" content=\"Est. reading time\" \/>\n\t<meta name=\"twitter:data1\" content=\"1 minute\" \/>\n<script type=\"application\/ld+json\" class=\"yoast-schema-graph\">{\"@context\":\"https:\/\/schema.org\",\"@graph\":[{\"@type\":\"WebPage\",\"@id\":\"https:\/\/fetedelascience.ucly.fr\/en\/inscription-groupe-scolaire\/\",\"url\":\"https:\/\/fetedelascience.ucly.fr\/en\/inscription-groupe-scolaire\/\",\"name\":\"Inscription d'un Groupe Scolaire - F\u00eate de la Science\",\"isPartOf\":{\"@id\":\"https:\/\/fetedelascience.ucly.fr\/en\/#website\"},\"primaryImageOfPage\":{\"@id\":\"https:\/\/fetedelascience.ucly.fr\/en\/inscription-groupe-scolaire\/#primaryimage\"},\"image\":{\"@id\":\"https:\/\/fetedelascience.ucly.fr\/en\/inscription-groupe-scolaire\/#primaryimage\"},\"thumbnailUrl\":\"https:\/\/fetedelascience.ucly.fr\/wp-content\/uploads\/sites\/31\/2025\/07\/fds25-visuels-site-header-jpg-2348-1780x576.jpg\",\"datePublished\":\"2021-06-18T09:13:57+00:00\",\"dateModified\":\"2025-08-28T09:02:14+00:00\",\"breadcrumb\":{\"@id\":\"https:\/\/fetedelascience.ucly.fr\/en\/inscription-groupe-scolaire\/#breadcrumb\"},\"inLanguage\":\"en-US\",\"potentialAction\":[{\"@type\":\"ReadAction\",\"target\":[\"https:\/\/fetedelascience.ucly.fr\/en\/inscription-groupe-scolaire\/\"]}]},{\"@type\":\"ImageObject\",\"inLanguage\":\"en-US\",\"@id\":\"https:\/\/fetedelascience.ucly.fr\/en\/inscription-groupe-scolaire\/#primaryimage\",\"url\":\"https:\/\/fetedelascience.ucly.fr\/wp-content\/uploads\/sites\/31\/2025\/07\/fds25-visuels-site-header-jpg-2348-1780x576.jpg\",\"contentUrl\":\"https:\/\/fetedelascience.ucly.fr\/wp-content\/uploads\/sites\/31\/2025\/07\/fds25-visuels-site-header-jpg-2348-1780x576.jpg\",\"width\":1780,\"height\":768},{\"@type\":\"BreadcrumbList\",\"@id\":\"https:\/\/fetedelascience.ucly.fr\/en\/inscription-groupe-scolaire\/#breadcrumb\",\"itemListElement\":[{\"@type\":\"ListItem\",\"position\":1,\"name\":\"Accueil\",\"item\":\"https:\/\/fetedelascience.ucly.fr\/en\/\"},{\"@type\":\"ListItem\",\"position\":2,\"name\":\"Inscription d'un Groupe Scolaire\"}]},{\"@type\":\"WebSite\",\"@id\":\"https:\/\/fetedelascience.ucly.fr\/en\/#website\",\"url\":\"https:\/\/fetedelascience.ucly.fr\/en\/\",\"name\":\"F\u00eate de la Science\",\"description\":\"\",\"publisher\":{\"@id\":\"https:\/\/fetedelascience.ucly.fr\/en\/#organization\"},\"potentialAction\":[{\"@type\":\"SearchAction\",\"target\":{\"@type\":\"EntryPoint\",\"urlTemplate\":\"https:\/\/fetedelascience.ucly.fr\/en\/?s={search_term_string}\"},\"query-input\":{\"@type\":\"PropertyValueSpecification\",\"valueRequired\":true,\"valueName\":\"search_term_string\"}}],\"inLanguage\":\"en-US\"},{\"@type\":\"Organization\",\"@id\":\"https:\/\/fetedelascience.ucly.fr\/en\/#organization\",\"name\":\"F\u00eate de la Science\",\"url\":\"https:\/\/fetedelascience.ucly.fr\/en\/\",\"logo\":{\"@type\":\"ImageObject\",\"inLanguage\":\"en-US\",\"@id\":\"https:\/\/fetedelascience.ucly.fr\/en\/#\/schema\/logo\/image\/\",\"url\":\"https:\/\/fetedelascience.ucly.fr\/wp-content\/uploads\/sites\/31\/2024\/07\/cropped-logo-3-ecoles-en-tete-site-fds-2024.png\",\"contentUrl\":\"https:\/\/fetedelascience.ucly.fr\/wp-content\/uploads\/sites\/31\/2024\/07\/cropped-logo-3-ecoles-en-tete-site-fds-2024.png\",\"width\":749,\"height\":422,\"caption\":\"F\u00eate de la Science\"},\"image\":{\"@id\":\"https:\/\/fetedelascience.ucly.fr\/en\/#\/schema\/logo\/image\/\"}}]}<\/script>\n<!-- \/ Yoast SEO plugin. -->","yoast_head_json":{"title":"Inscription d'un Groupe Scolaire - F\u00eate de la Science","robots":{"index":"index","follow":"follow","max-snippet":"max-snippet:-1","max-image-preview":"max-image-preview:large","max-video-preview":"max-video-preview:-1"},"canonical":"https:\/\/fetedelascience.ucly.fr\/en\/inscription-groupe-scolaire\/","og_locale":"en_US","og_type":"article","og_title":"Inscription d'un Groupe Scolaire - F\u00eate de la Science","og_description":"Lors de la f\u00eate de la Science 2025, nous accueillerons les groupes scolaires. Des ateliers et conf\u00e9rences seront propos\u00e9s du lundi 6 au mercredi [&hellip;]","og_url":"https:\/\/fetedelascience.ucly.fr\/en\/inscription-groupe-scolaire\/","og_site_name":"F\u00eate de la Science","article_modified_time":"2025-08-28T09:02:14+00:00","og_image":[{"width":1780,"height":768,"url":"https:\/\/fetedelascience.ucly.fr\/wp-content\/uploads\/sites\/31\/2025\/07\/fds25-visuels-site-header-jpg-2348-1780x576.jpg","type":"image\/jpeg"}],"twitter_card":"summary_large_image","twitter_misc":{"Est. reading time":"1 minute"},"schema":{"@context":"https:\/\/schema.org","@graph":[{"@type":"WebPage","@id":"https:\/\/fetedelascience.ucly.fr\/en\/inscription-groupe-scolaire\/","url":"https:\/\/fetedelascience.ucly.fr\/en\/inscription-groupe-scolaire\/","name":"Inscription d'un Groupe Scolaire - F\u00eate de la Science","isPartOf":{"@id":"https:\/\/fetedelascience.ucly.fr\/en\/#website"},"primaryImageOfPage":{"@id":"https:\/\/fetedelascience.ucly.fr\/en\/inscription-groupe-scolaire\/#primaryimage"},"image":{"@id":"https:\/\/fetedelascience.ucly.fr\/en\/inscription-groupe-scolaire\/#primaryimage"},"thumbnailUrl":"https:\/\/fetedelascience.ucly.fr\/wp-content\/uploads\/sites\/31\/2025\/07\/fds25-visuels-site-header-jpg-2348-1780x576.jpg","datePublished":"2021-06-18T09:13:57+00:00","dateModified":"2025-08-28T09:02:14+00:00","breadcrumb":{"@id":"https:\/\/fetedelascience.ucly.fr\/en\/inscription-groupe-scolaire\/#breadcrumb"},"inLanguage":"en-US","potentialAction":[{"@type":"ReadAction","target":["https:\/\/fetedelascience.ucly.fr\/en\/inscription-groupe-scolaire\/"]}]},{"@type":"ImageObject","inLanguage":"en-US","@id":"https:\/\/fetedelascience.ucly.fr\/en\/inscription-groupe-scolaire\/#primaryimage","url":"https:\/\/fetedelascience.ucly.fr\/wp-content\/uploads\/sites\/31\/2025\/07\/fds25-visuels-site-header-jpg-2348-1780x576.jpg","contentUrl":"https:\/\/fetedelascience.ucly.fr\/wp-content\/uploads\/sites\/31\/2025\/07\/fds25-visuels-site-header-jpg-2348-1780x576.jpg","width":1780,"height":768},{"@type":"BreadcrumbList","@id":"https:\/\/fetedelascience.ucly.fr\/en\/inscription-groupe-scolaire\/#breadcrumb","itemListElement":[{"@type":"ListItem","position":1,"name":"Accueil","item":"https:\/\/fetedelascience.ucly.fr\/en\/"},{"@type":"ListItem","position":2,"name":"Inscription d'un Groupe Scolaire"}]},{"@type":"WebSite","@id":"https:\/\/fetedelascience.ucly.fr\/en\/#website","url":"https:\/\/fetedelascience.ucly.fr\/en\/","name":"F\u00eate de la Science","description":"","publisher":{"@id":"https:\/\/fetedelascience.ucly.fr\/en\/#organization"},"potentialAction":[{"@type":"SearchAction","target":{"@type":"EntryPoint","urlTemplate":"https:\/\/fetedelascience.ucly.fr\/en\/?s={search_term_string}"},"query-input":{"@type":"PropertyValueSpecification","valueRequired":true,"valueName":"search_term_string"}}],"inLanguage":"en-US"},{"@type":"Organization","@id":"https:\/\/fetedelascience.ucly.fr\/en\/#organization","name":"F\u00eate de la Science","url":"https:\/\/fetedelascience.ucly.fr\/en\/","logo":{"@type":"ImageObject","inLanguage":"en-US","@id":"https:\/\/fetedelascience.ucly.fr\/en\/#\/schema\/logo\/image\/","url":"https:\/\/fetedelascience.ucly.fr\/wp-content\/uploads\/sites\/31\/2024\/07\/cropped-logo-3-ecoles-en-tete-site-fds-2024.png","contentUrl":"https:\/\/fetedelascience.ucly.fr\/wp-content\/uploads\/sites\/31\/2024\/07\/cropped-logo-3-ecoles-en-tete-site-fds-2024.png","width":749,"height":422,"caption":"F\u00eate de la Science"},"image":{"@id":"https:\/\/fetedelascience.ucly.fr\/en\/#\/schema\/logo\/image\/"}}]}},"_links":{"self":[{"href":"https:\/\/fetedelascience.ucly.fr\/en\/wp-json\/wp\/v2\/pages\/1142","targetHints":{"allow":["GET"]}}],"collection":[{"href":"https:\/\/fetedelascience.ucly.fr\/en\/wp-json\/wp\/v2\/pages"}],"about":[{"href":"https:\/\/fetedelascience.ucly.fr\/en\/wp-json\/wp\/v2\/types\/page"}],"author":[{"embeddable":true,"href":"https:\/\/fetedelascience.ucly.fr\/en\/wp-json\/wp\/v2\/users\/108"}],"replies":[{"embeddable":true,"href":"https:\/\/fetedelascience.ucly.fr\/en\/wp-json\/wp\/v2\/comments?post=1142"}],"version-history":[{"count":3,"href":"https:\/\/fetedelascience.ucly.fr\/en\/wp-json\/wp\/v2\/pages\/1142\/revisions"}],"predecessor-version":[{"id":2552,"href":"https:\/\/fetedelascience.ucly.fr\/en\/wp-json\/wp\/v2\/pages\/1142\/revisions\/2552"}],"wp:featuredmedia":[{"embeddable":true,"href":"https:\/\/fetedelascience.ucly.fr\/en\/wp-json\/wp\/v2\/media\/2397"}],"wp:attachment":[{"href":"https:\/\/fetedelascience.ucly.fr\/en\/wp-json\/wp\/v2\/media?parent=1142"}],"curies":[{"name":"wp","href":"https:\/\/api.w.org\/{rel}","templated":true}]}}