{"id":1357,"date":"2021-09-21T12:54:22","date_gmt":"2021-09-21T10:54:22","guid":{"rendered":"https:\/\/fetedelascience.ucly.fr\/?page_id=1357"},"modified":"2025-07-16T16:57:49","modified_gmt":"2025-07-16T14:57:49","slug":"inscription-grand-public","status":"publish","type":"page","link":"https:\/\/fetedelascience.ucly.fr\/en\/inscription-grand-public\/","title":{"rendered":"Inscription Grand Public"},"content":{"rendered":"<p><strong>\u00c0 l\u2019occasion des 150 ans de notre Universit\u00e9, d\u00e9couvrez la programmation exceptionnelle de la F\u00eate de la Science 2025. Nous vous donnons rendez-vous sur le Campus Saint-Paul de l'Universit\u00e9 Catholique de Lyon :<\/strong><\/p><ul class=\"wp-block-list\"><li><strong>Samedi 4 octobre 2025, de 10h \u00e0 16h<\/strong>\u00a0: une journ\u00e9e in\u00e9dite avec de nombreux ateliers et animations, dont un\u00a0<em>Lab Game<\/em>\u00a0pour explorer nos laboratoires, d\u00e9couvrir le travail des enseignants et f\u00eater ensemble cet anniversaire.<\/li>\n\n<li><strong>Mercredi 8 octobre 2025, de 14h \u00e0 17h<\/strong>\u00a0: un apr\u00e8s-midi convivial \u00e0 partager en famille autour d\u2019ateliers ludiques et participatifs.<\/li>\n\n<li><strong>Lundi 6, mardi 7 et mercredi 8 octobre 2025, de 18h \u00e0 19h<\/strong>\u00a0: des conf\u00e9rences scientifiques\u00a0 propos\u00e9es par les enseignants-chercheurs de l\u2019UCLy.<\/li><\/ul><p>Attention: Les enfants devront \u00eatre accompagn\u00e9s d'un adulte durant toute la dur\u00e9e de votre visite.<\/p><p>Les&nbsp;<strong>r\u00e9servations sont obligatoires<\/strong>&nbsp;afin que vous puissiez entrer sur le campus.<\/p><h3 class=\"wp-block-heading\"><strong>Si vous souhaitez participer aux ateliers du samedi ou du mercredi apr\u00e8s-midi ou \u00e0 une conf\u00e9rence, merci de remplir ce formulaire :<\/strong><\/h3><div class=\"wp-block-button js-fade-scroll\">\n\n    <a href=\"https:\/\/forms.gle\/uUbQcoKZmAjnBh4r7\" target=\"_blank\" title=\"Inscription Grand Public\" class=\"button primary\">Inscription Grand Public<\/a>\n\n  <\/div><div class=\"wp-block-separator js-fade-scroll\"><\/div><h2 class=\"wp-block-heading\">Pour + d'informations<\/h2><p>Mail : <a href=\"mailto:fds@univ-catholyon.fr\">fds@univ-catholyon.fr<\/a><br>T\u00e9l : 04 72 32 51 11 <\/p><div class=\"wp-block-cross-content js-fade-scroll\">\n    <p class=\"wp-block-cross-content-title\"><\/p>\n            <div class=\"row wp-block-cross-content-row\">\n                                <div class=\"column small-12 medium-6 large-4 wp-block-cross-content-col\">\n                        <a class=\"wp-block-cross-content-top\" href=\"https:\/\/fetedelascience.ucly.fr\/en\/programme-grand-public-conferences\/\" title=\"Programme Grand Public - Conf\u00e9rences\">\n                            <span class=\"wp-block-cross-content-name\">Programme Grand Public - Conf\u00e9rences<\/span>\n                            <span class=\"wp-block-cross-content-image\"><img loading=\"lazy\" decoding=\"async\" width=\"630\" height=\"570\" src=\"https:\/\/fetedelascience.ucly.fr\/wp-content\/uploads\/sites\/31\/2025\/07\/conferences-gd-public-630x570.jpg\" class=\" wp-post-image\" alt=\"\" \/><\/span>\n                            <span class=\"wp-block-cross-content-more\">\n                                <span class=\"icon-more\"><\/span>\n                            <\/span>\n                        <\/a>\n                        <div class=\"wp-block-cross-content-excerpt\"><\/div>\n                    <\/div>\n                                                <div class=\"column small-12 medium-6 large-4 wp-block-cross-content-col\">\n                        <a class=\"wp-block-cross-content-top\" href=\"https:\/\/fetedelascience.ucly.fr\/en\/programme-grand-public-samedi-4-octobre\/\" title=\"Programme Grand Public - Samedi 4 octobre\">\n                            <span class=\"wp-block-cross-content-name\">Programme Grand Public - Samedi 4 octobre<\/span>\n                            <span class=\"wp-block-cross-content-image\"><img loading=\"lazy\" decoding=\"async\" width=\"630\" height=\"570\" src=\"https:\/\/fetedelascience.ucly.fr\/wp-content\/uploads\/sites\/31\/2025\/07\/fds2024_69_vds-ucly_visee-a-3-1-630x570.jpg\" class=\" wp-post-image\" alt=\"\" \/><\/span>\n                            <span class=\"wp-block-cross-content-more\">\n                                <span class=\"icon-more\"><\/span>\n                            <\/span>\n                        <\/a>\n                        <div class=\"wp-block-cross-content-excerpt\"><\/div>\n                    <\/div>\n                                                <div class=\"column small-12 medium-6 large-4 wp-block-cross-content-col\">\n                        <a class=\"wp-block-cross-content-top\" href=\"https:\/\/fetedelascience.ucly.fr\/en\/programme-grand-public-mercredi-8-octobre\/\" title=\"Programme Grand Public - Mercredi 8 octobre\">\n                            <span class=\"wp-block-cross-content-name\">Programme Grand Public - Mercredi 8 octobre<\/span>\n                            <span class=\"wp-block-cross-content-image\"><img loading=\"lazy\" decoding=\"async\" width=\"630\" height=\"570\" src=\"https:\/\/fetedelascience.ucly.fr\/wp-content\/uploads\/sites\/31\/2025\/07\/fds2024_69_vds-ucly_visee-a-19-630x570.jpg\" class=\" wp-post-image\" alt=\"\" \/><\/span>\n                            <span class=\"wp-block-cross-content-more\">\n                                <span class=\"icon-more\"><\/span>\n                            <\/span>\n                        <\/a>\n                        <div class=\"wp-block-cross-content-excerpt\"><\/div>\n                    <\/div>\n                                    <\/div>\n    <\/div>","protected":false},"excerpt":{"rendered":"<p>\u00c0 l\u2019occasion des 150 ans de notre Universit\u00e9, d\u00e9couvrez la programmation exceptionnelle de la F\u00eate de la Science 2025. Nous vous donnons rendez-vous sur [&hellip;]<\/p>\n","protected":false},"author":108,"featured_media":2383,"parent":0,"menu_order":0,"comment_status":"closed","ping_status":"closed","template":"","meta":{"_acf_changed":false,"footnotes":""},"class_list":["post-1357","page","type-page","status-publish","has-post-thumbnail","hentry"],"acf":[],"yoast_head":"<!-- This site is optimized with the Yoast SEO plugin v24.1 - https:\/\/yoast.com\/wordpress\/plugins\/seo\/ -->\n<title>Inscription Grand Public - F\u00eate de la Science<\/title>\n<meta name=\"robots\" content=\"index, follow, max-snippet:-1, max-image-preview:large, max-video-preview:-1\" \/>\n<link rel=\"canonical\" href=\"https:\/\/fetedelascience.ucly.fr\/en\/inscription-grand-public\/\" \/>\n<meta property=\"og:locale\" content=\"en_US\" \/>\n<meta property=\"og:type\" content=\"article\" \/>\n<meta property=\"og:title\" content=\"Inscription Grand Public - F\u00eate de la Science\" \/>\n<meta property=\"og:description\" content=\"\u00c0 l\u2019occasion des 150 ans de notre Universit\u00e9, d\u00e9couvrez la programmation exceptionnelle de la F\u00eate de la Science 2025. Nous vous donnons rendez-vous sur [&hellip;]\" \/>\n<meta property=\"og:url\" content=\"https:\/\/fetedelascience.ucly.fr\/en\/inscription-grand-public\/\" \/>\n<meta property=\"og:site_name\" content=\"F\u00eate de la Science\" \/>\n<meta property=\"article:modified_time\" content=\"2025-07-16T14:57:49+00:00\" \/>\n<meta property=\"og:image\" content=\"https:\/\/fetedelascience.ucly.fr\/wp-content\/uploads\/sites\/31\/2025\/07\/fds2024_69_vds-ucly_visee-a-17-1200x576.jpg\" \/>\n\t<meta property=\"og:image:width\" content=\"1200\" \/>\n\t<meta property=\"og:image:height\" content=\"675\" \/>\n\t<meta property=\"og:image:type\" content=\"image\/jpeg\" \/>\n<meta name=\"twitter:card\" content=\"summary_large_image\" \/>\n<meta name=\"twitter:label1\" content=\"Est. reading time\" \/>\n\t<meta name=\"twitter:data1\" content=\"2 minutes\" \/>\n<script type=\"application\/ld+json\" class=\"yoast-schema-graph\">{\"@context\":\"https:\/\/schema.org\",\"@graph\":[{\"@type\":\"WebPage\",\"@id\":\"https:\/\/fetedelascience.ucly.fr\/en\/inscription-grand-public\/\",\"url\":\"https:\/\/fetedelascience.ucly.fr\/en\/inscription-grand-public\/\",\"name\":\"Inscription Grand Public - F\u00eate de la Science\",\"isPartOf\":{\"@id\":\"https:\/\/fetedelascience.ucly.fr\/en\/#website\"},\"primaryImageOfPage\":{\"@id\":\"https:\/\/fetedelascience.ucly.fr\/en\/inscription-grand-public\/#primaryimage\"},\"image\":{\"@id\":\"https:\/\/fetedelascience.ucly.fr\/en\/inscription-grand-public\/#primaryimage\"},\"thumbnailUrl\":\"https:\/\/fetedelascience.ucly.fr\/wp-content\/uploads\/sites\/31\/2025\/07\/fds2024_69_vds-ucly_visee-a-17-1200x576.jpg\",\"datePublished\":\"2021-09-21T10:54:22+00:00\",\"dateModified\":\"2025-07-16T14:57:49+00:00\",\"breadcrumb\":{\"@id\":\"https:\/\/fetedelascience.ucly.fr\/en\/inscription-grand-public\/#breadcrumb\"},\"inLanguage\":\"en-US\",\"potentialAction\":[{\"@type\":\"ReadAction\",\"target\":[\"https:\/\/fetedelascience.ucly.fr\/en\/inscription-grand-public\/\"]}]},{\"@type\":\"ImageObject\",\"inLanguage\":\"en-US\",\"@id\":\"https:\/\/fetedelascience.ucly.fr\/en\/inscription-grand-public\/#primaryimage\",\"url\":\"https:\/\/fetedelascience.ucly.fr\/wp-content\/uploads\/sites\/31\/2025\/07\/fds2024_69_vds-ucly_visee-a-17-1200x576.jpg\",\"contentUrl\":\"https:\/\/fetedelascience.ucly.fr\/wp-content\/uploads\/sites\/31\/2025\/07\/fds2024_69_vds-ucly_visee-a-17-1200x576.jpg\",\"width\":1200,\"height\":675},{\"@type\":\"BreadcrumbList\",\"@id\":\"https:\/\/fetedelascience.ucly.fr\/en\/inscription-grand-public\/#breadcrumb\",\"itemListElement\":[{\"@type\":\"ListItem\",\"position\":1,\"name\":\"Accueil\",\"item\":\"https:\/\/fetedelascience.ucly.fr\/en\/\"},{\"@type\":\"ListItem\",\"position\":2,\"name\":\"Inscription Grand Public\"}]},{\"@type\":\"WebSite\",\"@id\":\"https:\/\/fetedelascience.ucly.fr\/en\/#website\",\"url\":\"https:\/\/fetedelascience.ucly.fr\/en\/\",\"name\":\"F\u00eate de la Science\",\"description\":\"\",\"publisher\":{\"@id\":\"https:\/\/fetedelascience.ucly.fr\/en\/#organization\"},\"potentialAction\":[{\"@type\":\"SearchAction\",\"target\":{\"@type\":\"EntryPoint\",\"urlTemplate\":\"https:\/\/fetedelascience.ucly.fr\/en\/?s={search_term_string}\"},\"query-input\":{\"@type\":\"PropertyValueSpecification\",\"valueRequired\":true,\"valueName\":\"search_term_string\"}}],\"inLanguage\":\"en-US\"},{\"@type\":\"Organization\",\"@id\":\"https:\/\/fetedelascience.ucly.fr\/en\/#organization\",\"name\":\"F\u00eate de la Science\",\"url\":\"https:\/\/fetedelascience.ucly.fr\/en\/\",\"logo\":{\"@type\":\"ImageObject\",\"inLanguage\":\"en-US\",\"@id\":\"https:\/\/fetedelascience.ucly.fr\/en\/#\/schema\/logo\/image\/\",\"url\":\"https:\/\/fetedelascience.ucly.fr\/wp-content\/uploads\/sites\/31\/2024\/07\/cropped-logo-3-ecoles-en-tete-site-fds-2024.png\",\"contentUrl\":\"https:\/\/fetedelascience.ucly.fr\/wp-content\/uploads\/sites\/31\/2024\/07\/cropped-logo-3-ecoles-en-tete-site-fds-2024.png\",\"width\":749,\"height\":422,\"caption\":\"F\u00eate de la Science\"},\"image\":{\"@id\":\"https:\/\/fetedelascience.ucly.fr\/en\/#\/schema\/logo\/image\/\"}}]}<\/script>\n<!-- \/ Yoast SEO plugin. -->","yoast_head_json":{"title":"Inscription Grand Public - F\u00eate de la Science","robots":{"index":"index","follow":"follow","max-snippet":"max-snippet:-1","max-image-preview":"max-image-preview:large","max-video-preview":"max-video-preview:-1"},"canonical":"https:\/\/fetedelascience.ucly.fr\/en\/inscription-grand-public\/","og_locale":"en_US","og_type":"article","og_title":"Inscription Grand Public - F\u00eate de la Science","og_description":"\u00c0 l\u2019occasion des 150 ans de notre Universit\u00e9, d\u00e9couvrez la programmation exceptionnelle de la F\u00eate de la Science 2025. Nous vous donnons rendez-vous sur [&hellip;]","og_url":"https:\/\/fetedelascience.ucly.fr\/en\/inscription-grand-public\/","og_site_name":"F\u00eate de la Science","article_modified_time":"2025-07-16T14:57:49+00:00","og_image":[{"width":1200,"height":675,"url":"https:\/\/fetedelascience.ucly.fr\/wp-content\/uploads\/sites\/31\/2025\/07\/fds2024_69_vds-ucly_visee-a-17-1200x576.jpg","type":"image\/jpeg"}],"twitter_card":"summary_large_image","twitter_misc":{"Est. reading time":"2 minutes"},"schema":{"@context":"https:\/\/schema.org","@graph":[{"@type":"WebPage","@id":"https:\/\/fetedelascience.ucly.fr\/en\/inscription-grand-public\/","url":"https:\/\/fetedelascience.ucly.fr\/en\/inscription-grand-public\/","name":"Inscription Grand Public - F\u00eate de la Science","isPartOf":{"@id":"https:\/\/fetedelascience.ucly.fr\/en\/#website"},"primaryImageOfPage":{"@id":"https:\/\/fetedelascience.ucly.fr\/en\/inscription-grand-public\/#primaryimage"},"image":{"@id":"https:\/\/fetedelascience.ucly.fr\/en\/inscription-grand-public\/#primaryimage"},"thumbnailUrl":"https:\/\/fetedelascience.ucly.fr\/wp-content\/uploads\/sites\/31\/2025\/07\/fds2024_69_vds-ucly_visee-a-17-1200x576.jpg","datePublished":"2021-09-21T10:54:22+00:00","dateModified":"2025-07-16T14:57:49+00:00","breadcrumb":{"@id":"https:\/\/fetedelascience.ucly.fr\/en\/inscription-grand-public\/#breadcrumb"},"inLanguage":"en-US","potentialAction":[{"@type":"ReadAction","target":["https:\/\/fetedelascience.ucly.fr\/en\/inscription-grand-public\/"]}]},{"@type":"ImageObject","inLanguage":"en-US","@id":"https:\/\/fetedelascience.ucly.fr\/en\/inscription-grand-public\/#primaryimage","url":"https:\/\/fetedelascience.ucly.fr\/wp-content\/uploads\/sites\/31\/2025\/07\/fds2024_69_vds-ucly_visee-a-17-1200x576.jpg","contentUrl":"https:\/\/fetedelascience.ucly.fr\/wp-content\/uploads\/sites\/31\/2025\/07\/fds2024_69_vds-ucly_visee-a-17-1200x576.jpg","width":1200,"height":675},{"@type":"BreadcrumbList","@id":"https:\/\/fetedelascience.ucly.fr\/en\/inscription-grand-public\/#breadcrumb","itemListElement":[{"@type":"ListItem","position":1,"name":"Accueil","item":"https:\/\/fetedelascience.ucly.fr\/en\/"},{"@type":"ListItem","position":2,"name":"Inscription Grand Public"}]},{"@type":"WebSite","@id":"https:\/\/fetedelascience.ucly.fr\/en\/#website","url":"https:\/\/fetedelascience.ucly.fr\/en\/","name":"F\u00eate de la Science","description":"","publisher":{"@id":"https:\/\/fetedelascience.ucly.fr\/en\/#organization"},"potentialAction":[{"@type":"SearchAction","target":{"@type":"EntryPoint","urlTemplate":"https:\/\/fetedelascience.ucly.fr\/en\/?s={search_term_string}"},"query-input":{"@type":"PropertyValueSpecification","valueRequired":true,"valueName":"search_term_string"}}],"inLanguage":"en-US"},{"@type":"Organization","@id":"https:\/\/fetedelascience.ucly.fr\/en\/#organization","name":"F\u00eate de la Science","url":"https:\/\/fetedelascience.ucly.fr\/en\/","logo":{"@type":"ImageObject","inLanguage":"en-US","@id":"https:\/\/fetedelascience.ucly.fr\/en\/#\/schema\/logo\/image\/","url":"https:\/\/fetedelascience.ucly.fr\/wp-content\/uploads\/sites\/31\/2024\/07\/cropped-logo-3-ecoles-en-tete-site-fds-2024.png","contentUrl":"https:\/\/fetedelascience.ucly.fr\/wp-content\/uploads\/sites\/31\/2024\/07\/cropped-logo-3-ecoles-en-tete-site-fds-2024.png","width":749,"height":422,"caption":"F\u00eate de la Science"},"image":{"@id":"https:\/\/fetedelascience.ucly.fr\/en\/#\/schema\/logo\/image\/"}}]}},"_links":{"self":[{"href":"https:\/\/fetedelascience.ucly.fr\/en\/wp-json\/wp\/v2\/pages\/1357","targetHints":{"allow":["GET"]}}],"collection":[{"href":"https:\/\/fetedelascience.ucly.fr\/en\/wp-json\/wp\/v2\/pages"}],"about":[{"href":"https:\/\/fetedelascience.ucly.fr\/en\/wp-json\/wp\/v2\/types\/page"}],"author":[{"embeddable":true,"href":"https:\/\/fetedelascience.ucly.fr\/en\/wp-json\/wp\/v2\/users\/108"}],"replies":[{"embeddable":true,"href":"https:\/\/fetedelascience.ucly.fr\/en\/wp-json\/wp\/v2\/comments?post=1357"}],"version-history":[{"count":2,"href":"https:\/\/fetedelascience.ucly.fr\/en\/wp-json\/wp\/v2\/pages\/1357\/revisions"}],"predecessor-version":[{"id":2516,"href":"https:\/\/fetedelascience.ucly.fr\/en\/wp-json\/wp\/v2\/pages\/1357\/revisions\/2516"}],"wp:featuredmedia":[{"embeddable":true,"href":"https:\/\/fetedelascience.ucly.fr\/en\/wp-json\/wp\/v2\/media\/2383"}],"wp:attachment":[{"href":"https:\/\/fetedelascience.ucly.fr\/en\/wp-json\/wp\/v2\/media?parent=1357"}],"curies":[{"name":"wp","href":"https:\/\/api.w.org\/{rel}","templated":true}]}}