{"id":2267,"date":"2024-07-04T12:50:15","date_gmt":"2024-07-04T10:50:15","guid":{"rendered":"https:\/\/fetedelascience.ucly.fr\/?page_id=2267"},"modified":"2024-07-04T12:54:17","modified_gmt":"2024-07-04T10:54:17","slug":"edition-2023","status":"publish","type":"page","link":"https:\/\/fetedelascience.ucly.fr\/en\/editions-precedentes\/edition-2023\/","title":{"rendered":"\u00c9dition 2023"},"content":{"rendered":"<p>Retour en images sur cette \u00e9dition <\/p><div class=\"wp-block-gallery-ucly js-fade-scroll\"><div class=\"owl-carousel owl-theme owl-gallery\"><div class=\"item\"><img loading=\"lazy\" decoding=\"async\" width=\"567\" height=\"520\" src=\"https:\/\/fetedelascience.ucly.fr\/wp-content\/uploads\/sites\/31\/2024\/07\/edition-fds-2023_7-567x520.jpg\" class=\"\" alt=\"Edition FDS 2023_7\" \/><div class=\"wp-block-gallery-ucly-caption\">Edition FDS 2023_7<\/div><\/div><div class=\"item\"><img loading=\"lazy\" decoding=\"async\" width=\"567\" height=\"520\" src=\"https:\/\/fetedelascience.ucly.fr\/wp-content\/uploads\/sites\/31\/2024\/07\/edition-fds-2023_6-567x520.jpg\" class=\"\" alt=\"Edition FDS 2023_6\" \/><div class=\"wp-block-gallery-ucly-caption\">Edition FDS 2023_6<\/div><\/div><div class=\"item\"><img loading=\"lazy\" decoding=\"async\" width=\"567\" height=\"425\" src=\"https:\/\/fetedelascience.ucly.fr\/wp-content\/uploads\/sites\/31\/2024\/07\/edition-fds-2023_5.jpg\" class=\"\" alt=\"Edition FDS 2023_5\" srcset=\"https:\/\/fetedelascience.ucly.fr\/wp-content\/uploads\/sites\/31\/2024\/07\/edition-fds-2023_5.jpg 567w, https:\/\/fetedelascience.ucly.fr\/wp-content\/uploads\/sites\/31\/2024\/07\/edition-fds-2023_5-187x140.jpg 187w, https:\/\/fetedelascience.ucly.fr\/wp-content\/uploads\/sites\/31\/2024\/07\/edition-fds-2023_5-520x390.jpg 520w, https:\/\/fetedelascience.ucly.fr\/wp-content\/uploads\/sites\/31\/2024\/07\/edition-fds-2023_5-494x370.jpg 494w\" sizes=\"auto, (max-width: 567px) 100vw, 567px\" \/><div class=\"wp-block-gallery-ucly-caption\">Edition FDS 2023_5<\/div><\/div><div class=\"item\"><img loading=\"lazy\" decoding=\"async\" width=\"567\" height=\"520\" src=\"https:\/\/fetedelascience.ucly.fr\/wp-content\/uploads\/sites\/31\/2024\/07\/edition-fds-2023_4-567x520.jpg\" class=\"\" alt=\"Edition FDS 2023_4\" \/><div class=\"wp-block-gallery-ucly-caption\">Edition FDS 2023_4<\/div><\/div><div class=\"item\"><img loading=\"lazy\" decoding=\"async\" width=\"567\" height=\"520\" src=\"https:\/\/fetedelascience.ucly.fr\/wp-content\/uploads\/sites\/31\/2024\/07\/edition-fds-2023_3-567x520.jpg\" class=\"\" alt=\"Edition FDS 2023_3\" \/><div class=\"wp-block-gallery-ucly-caption\">Edition FDS 2023_3<\/div><\/div><div class=\"item\"><img loading=\"lazy\" decoding=\"async\" width=\"567\" height=\"520\" src=\"https:\/\/fetedelascience.ucly.fr\/wp-content\/uploads\/sites\/31\/2024\/07\/edition-fds-2023_2-567x520.jpg\" class=\"\" alt=\"Edition FDS 2023_2\" \/><div class=\"wp-block-gallery-ucly-caption\">Edition FDS 2023_2<\/div><\/div><div class=\"item\"><img loading=\"lazy\" decoding=\"async\" width=\"567\" height=\"520\" src=\"https:\/\/fetedelascience.ucly.fr\/wp-content\/uploads\/sites\/31\/2024\/07\/edition-fds-2023_1-567x520.jpg\" class=\"\" alt=\"Edition FDS 2023_1\" \/><div class=\"wp-block-gallery-ucly-caption\">Edition FDS 2023_1<\/div><\/div><\/div><div class=\"owl-numbers\"><span class=\"owl-number-current\"><\/span><span class=\"owl-number-sep\"><\/span><span class=\"owl-number-total\"><\/span><\/div><\/div><div class=\"wp-block-cross-content js-fade-scroll\">\n    <p class=\"wp-block-cross-content-title\">D\u00e9couvrez aussi<\/p>\n            <div class=\"row wp-block-cross-content-row\">\n                                <div class=\"column small-12 medium-6 large-4 wp-block-cross-content-col\">\n                        <a class=\"wp-block-cross-content-top\" href=\"https:\/\/fetedelascience.ucly.fr\/en\/programme\/\" title=\"Programme\">\n                            <span class=\"wp-block-cross-content-name\">Programme<\/span>\n                            <span class=\"wp-block-cross-content-image\"><img loading=\"lazy\" decoding=\"async\" width=\"630\" height=\"570\" src=\"https:\/\/fetedelascience.ucly.fr\/wp-content\/uploads\/sites\/31\/2021\/06\/header-page-programme-1-630x570.jpg\" class=\" wp-post-image\" alt=\"\" \/><\/span>\n                            <span class=\"wp-block-cross-content-more\">\n                                <span class=\"icon-more\"><\/span>\n                            <\/span>\n                        <\/a>\n                        <div class=\"wp-block-cross-content-excerpt\"><\/div>\n                    <\/div>\n                                                <div class=\"column small-12 medium-6 large-4 wp-block-cross-content-col\">\n                        <a class=\"wp-block-cross-content-top\" href=\"https:\/\/fetedelascience.ucly.fr\/en\/village-sciences\/\" title=\"Village des Sciences\">\n                            <span class=\"wp-block-cross-content-name\">Village des Sciences<\/span>\n                            <span class=\"wp-block-cross-content-image\"><img loading=\"lazy\" decoding=\"async\" width=\"630\" height=\"570\" src=\"https:\/\/fetedelascience.ucly.fr\/wp-content\/uploads\/sites\/31\/2020\/03\/header-enfant-fete-science-concentres-630x570.jpg\" class=\" wp-post-image\" alt=\"header-enfant-fete-science-concentres\" \/><\/span>\n                            <span class=\"wp-block-cross-content-more\">\n                                <span class=\"icon-more\"><\/span>\n                            <\/span>\n                        <\/a>\n                        <div class=\"wp-block-cross-content-excerpt\"><\/div>\n                    <\/div>\n                                                <div class=\"column small-12 medium-6 large-4 wp-block-cross-content-col\">\n                        <a class=\"wp-block-cross-content-top\" href=\"https:\/\/fetedelascience.ucly.fr\/en\/editions-precedentes\/\" title=\"\u00c9ditions pr\u00e9c\u00e9dentes\">\n                            <span class=\"wp-block-cross-content-name\">\u00c9ditions pr\u00e9c\u00e9dentes<\/span>\n                            <span class=\"wp-block-cross-content-image\"><img loading=\"lazy\" decoding=\"async\" width=\"630\" height=\"570\" src=\"https:\/\/fetedelascience.ucly.fr\/wp-content\/uploads\/sites\/31\/2020\/03\/header-fete-science-microscope-630x570.jpg\" class=\" wp-post-image\" alt=\"header-fete-science-microscope\" \/><\/span>\n                            <span class=\"wp-block-cross-content-more\">\n                                <span class=\"icon-more\"><\/span>\n                            <\/span>\n                        <\/a>\n                        <div class=\"wp-block-cross-content-excerpt\"><\/div>\n                    <\/div>\n                                    <\/div>\n    <\/div>","protected":false},"excerpt":{"rendered":"<p>Retour en images sur cette \u00e9dition<\/p>\n","protected":false},"author":108,"featured_media":2268,"parent":434,"menu_order":1,"comment_status":"closed","ping_status":"closed","template":"","meta":{"_acf_changed":false,"footnotes":""},"class_list":["post-2267","page","type-page","status-publish","has-post-thumbnail","hentry"],"acf":[],"yoast_head":"<!-- This site is optimized with the Yoast SEO plugin v24.1 - https:\/\/yoast.com\/wordpress\/plugins\/seo\/ -->\n<title>\u00c9dition 2023 - F\u00eate de la Science<\/title>\n<meta name=\"description\" content=\"Retour en image et en vid\u00e9o sur la participation des trois \u00e9coles de l&#039;UCLy \u00e0 l&#039;\u00e9dition 2023 de la F\u00eate de la Science.\" \/>\n<meta name=\"robots\" content=\"index, follow, max-snippet:-1, max-image-preview:large, max-video-preview:-1\" \/>\n<link rel=\"canonical\" href=\"https:\/\/fetedelascience.ucly.fr\/en\/editions-precedentes\/edition-2023\/\" \/>\n<meta property=\"og:locale\" content=\"en_US\" \/>\n<meta property=\"og:type\" content=\"article\" \/>\n<meta property=\"og:title\" content=\"\u00c9dition 2023 - F\u00eate de la Science\" \/>\n<meta property=\"og:description\" content=\"Retour en image et en vid\u00e9o sur la participation des trois \u00e9coles de l&#039;UCLy \u00e0 l&#039;\u00e9dition 2023 de la F\u00eate de la Science.\" \/>\n<meta property=\"og:url\" content=\"https:\/\/fetedelascience.ucly.fr\/en\/editions-precedentes\/edition-2023\/\" \/>\n<meta property=\"og:site_name\" content=\"F\u00eate de la Science\" \/>\n<meta property=\"article:modified_time\" content=\"2024-07-04T10:54:17+00:00\" \/>\n<meta property=\"og:image\" content=\"https:\/\/fetedelascience.ucly.fr\/wp-content\/uploads\/sites\/31\/2024\/07\/bandeau-page-edition-fds-2023-1920x576.jpg\" \/>\n\t<meta property=\"og:image:width\" content=\"2560\" \/>\n\t<meta property=\"og:image:height\" content=\"1920\" \/>\n\t<meta property=\"og:image:type\" content=\"image\/jpeg\" \/>\n<meta name=\"twitter:card\" content=\"summary_large_image\" \/>\n<meta name=\"twitter:label1\" content=\"Est. reading time\" \/>\n\t<meta name=\"twitter:data1\" content=\"2 minutes\" \/>\n<script type=\"application\/ld+json\" class=\"yoast-schema-graph\">{\"@context\":\"https:\/\/schema.org\",\"@graph\":[{\"@type\":\"WebPage\",\"@id\":\"https:\/\/fetedelascience.ucly.fr\/en\/editions-precedentes\/edition-2023\/\",\"url\":\"https:\/\/fetedelascience.ucly.fr\/en\/editions-precedentes\/edition-2023\/\",\"name\":\"\u00c9dition 2023 - F\u00eate de la Science\",\"isPartOf\":{\"@id\":\"https:\/\/fetedelascience.ucly.fr\/en\/#website\"},\"primaryImageOfPage\":{\"@id\":\"https:\/\/fetedelascience.ucly.fr\/en\/editions-precedentes\/edition-2023\/#primaryimage\"},\"image\":{\"@id\":\"https:\/\/fetedelascience.ucly.fr\/en\/editions-precedentes\/edition-2023\/#primaryimage\"},\"thumbnailUrl\":\"https:\/\/fetedelascience.ucly.fr\/wp-content\/uploads\/sites\/31\/2024\/07\/bandeau-page-edition-fds-2023-1920x576.jpg\",\"datePublished\":\"2024-07-04T10:50:15+00:00\",\"dateModified\":\"2024-07-04T10:54:17+00:00\",\"description\":\"Retour en image et en vid\u00e9o sur la participation des trois \u00e9coles de l'UCLy \u00e0 l'\u00e9dition 2023 de la F\u00eate de la Science.\",\"breadcrumb\":{\"@id\":\"https:\/\/fetedelascience.ucly.fr\/en\/editions-precedentes\/edition-2023\/#breadcrumb\"},\"inLanguage\":\"en-US\",\"potentialAction\":[{\"@type\":\"ReadAction\",\"target\":[\"https:\/\/fetedelascience.ucly.fr\/en\/editions-precedentes\/edition-2023\/\"]}]},{\"@type\":\"ImageObject\",\"inLanguage\":\"en-US\",\"@id\":\"https:\/\/fetedelascience.ucly.fr\/en\/editions-precedentes\/edition-2023\/#primaryimage\",\"url\":\"https:\/\/fetedelascience.ucly.fr\/wp-content\/uploads\/sites\/31\/2024\/07\/bandeau-page-edition-fds-2023-1920x576.jpg\",\"contentUrl\":\"https:\/\/fetedelascience.ucly.fr\/wp-content\/uploads\/sites\/31\/2024\/07\/bandeau-page-edition-fds-2023-1920x576.jpg\",\"width\":2560,\"height\":1920,\"caption\":\"OLYMPUS DIGITAL CAMERA\"},{\"@type\":\"BreadcrumbList\",\"@id\":\"https:\/\/fetedelascience.ucly.fr\/en\/editions-precedentes\/edition-2023\/#breadcrumb\",\"itemListElement\":[{\"@type\":\"ListItem\",\"position\":1,\"name\":\"Accueil\",\"item\":\"https:\/\/fetedelascience.ucly.fr\/en\/\"},{\"@type\":\"ListItem\",\"position\":2,\"name\":\"\u00c9ditions pr\u00e9c\u00e9dentes\",\"item\":\"https:\/\/fetedelascience.ucly.fr\/en\/editions-precedentes\/\"},{\"@type\":\"ListItem\",\"position\":3,\"name\":\"\u00c9dition 2023\"}]},{\"@type\":\"WebSite\",\"@id\":\"https:\/\/fetedelascience.ucly.fr\/en\/#website\",\"url\":\"https:\/\/fetedelascience.ucly.fr\/en\/\",\"name\":\"F\u00eate de la Science\",\"description\":\"\",\"publisher\":{\"@id\":\"https:\/\/fetedelascience.ucly.fr\/en\/#organization\"},\"potentialAction\":[{\"@type\":\"SearchAction\",\"target\":{\"@type\":\"EntryPoint\",\"urlTemplate\":\"https:\/\/fetedelascience.ucly.fr\/en\/?s={search_term_string}\"},\"query-input\":{\"@type\":\"PropertyValueSpecification\",\"valueRequired\":true,\"valueName\":\"search_term_string\"}}],\"inLanguage\":\"en-US\"},{\"@type\":\"Organization\",\"@id\":\"https:\/\/fetedelascience.ucly.fr\/en\/#organization\",\"name\":\"F\u00eate de la Science\",\"url\":\"https:\/\/fetedelascience.ucly.fr\/en\/\",\"logo\":{\"@type\":\"ImageObject\",\"inLanguage\":\"en-US\",\"@id\":\"https:\/\/fetedelascience.ucly.fr\/en\/#\/schema\/logo\/image\/\",\"url\":\"https:\/\/fetedelascience.ucly.fr\/wp-content\/uploads\/sites\/31\/2024\/07\/cropped-logo-3-ecoles-en-tete-site-fds-2024.png\",\"contentUrl\":\"https:\/\/fetedelascience.ucly.fr\/wp-content\/uploads\/sites\/31\/2024\/07\/cropped-logo-3-ecoles-en-tete-site-fds-2024.png\",\"width\":749,\"height\":422,\"caption\":\"F\u00eate de la Science\"},\"image\":{\"@id\":\"https:\/\/fetedelascience.ucly.fr\/en\/#\/schema\/logo\/image\/\"}}]}<\/script>\n<!-- \/ Yoast SEO plugin. -->","yoast_head_json":{"title":"\u00c9dition 2023 - F\u00eate de la Science","description":"Retour en image et en vid\u00e9o sur la participation des trois \u00e9coles de l'UCLy \u00e0 l'\u00e9dition 2023 de la F\u00eate de la Science.","robots":{"index":"index","follow":"follow","max-snippet":"max-snippet:-1","max-image-preview":"max-image-preview:large","max-video-preview":"max-video-preview:-1"},"canonical":"https:\/\/fetedelascience.ucly.fr\/en\/editions-precedentes\/edition-2023\/","og_locale":"en_US","og_type":"article","og_title":"\u00c9dition 2023 - F\u00eate de la Science","og_description":"Retour en image et en vid\u00e9o sur la participation des trois \u00e9coles de l'UCLy \u00e0 l'\u00e9dition 2023 de la F\u00eate de la Science.","og_url":"https:\/\/fetedelascience.ucly.fr\/en\/editions-precedentes\/edition-2023\/","og_site_name":"F\u00eate de la Science","article_modified_time":"2024-07-04T10:54:17+00:00","og_image":[{"width":2560,"height":1920,"url":"https:\/\/fetedelascience.ucly.fr\/wp-content\/uploads\/sites\/31\/2024\/07\/bandeau-page-edition-fds-2023-1920x576.jpg","type":"image\/jpeg"}],"twitter_card":"summary_large_image","twitter_misc":{"Est. reading time":"2 minutes"},"schema":{"@context":"https:\/\/schema.org","@graph":[{"@type":"WebPage","@id":"https:\/\/fetedelascience.ucly.fr\/en\/editions-precedentes\/edition-2023\/","url":"https:\/\/fetedelascience.ucly.fr\/en\/editions-precedentes\/edition-2023\/","name":"\u00c9dition 2023 - F\u00eate de la Science","isPartOf":{"@id":"https:\/\/fetedelascience.ucly.fr\/en\/#website"},"primaryImageOfPage":{"@id":"https:\/\/fetedelascience.ucly.fr\/en\/editions-precedentes\/edition-2023\/#primaryimage"},"image":{"@id":"https:\/\/fetedelascience.ucly.fr\/en\/editions-precedentes\/edition-2023\/#primaryimage"},"thumbnailUrl":"https:\/\/fetedelascience.ucly.fr\/wp-content\/uploads\/sites\/31\/2024\/07\/bandeau-page-edition-fds-2023-1920x576.jpg","datePublished":"2024-07-04T10:50:15+00:00","dateModified":"2024-07-04T10:54:17+00:00","description":"Retour en image et en vid\u00e9o sur la participation des trois \u00e9coles de l'UCLy \u00e0 l'\u00e9dition 2023 de la F\u00eate de la Science.","breadcrumb":{"@id":"https:\/\/fetedelascience.ucly.fr\/en\/editions-precedentes\/edition-2023\/#breadcrumb"},"inLanguage":"en-US","potentialAction":[{"@type":"ReadAction","target":["https:\/\/fetedelascience.ucly.fr\/en\/editions-precedentes\/edition-2023\/"]}]},{"@type":"ImageObject","inLanguage":"en-US","@id":"https:\/\/fetedelascience.ucly.fr\/en\/editions-precedentes\/edition-2023\/#primaryimage","url":"https:\/\/fetedelascience.ucly.fr\/wp-content\/uploads\/sites\/31\/2024\/07\/bandeau-page-edition-fds-2023-1920x576.jpg","contentUrl":"https:\/\/fetedelascience.ucly.fr\/wp-content\/uploads\/sites\/31\/2024\/07\/bandeau-page-edition-fds-2023-1920x576.jpg","width":2560,"height":1920,"caption":"OLYMPUS DIGITAL CAMERA"},{"@type":"BreadcrumbList","@id":"https:\/\/fetedelascience.ucly.fr\/en\/editions-precedentes\/edition-2023\/#breadcrumb","itemListElement":[{"@type":"ListItem","position":1,"name":"Accueil","item":"https:\/\/fetedelascience.ucly.fr\/en\/"},{"@type":"ListItem","position":2,"name":"\u00c9ditions pr\u00e9c\u00e9dentes","item":"https:\/\/fetedelascience.ucly.fr\/en\/editions-precedentes\/"},{"@type":"ListItem","position":3,"name":"\u00c9dition 2023"}]},{"@type":"WebSite","@id":"https:\/\/fetedelascience.ucly.fr\/en\/#website","url":"https:\/\/fetedelascience.ucly.fr\/en\/","name":"F\u00eate de la Science","description":"","publisher":{"@id":"https:\/\/fetedelascience.ucly.fr\/en\/#organization"},"potentialAction":[{"@type":"SearchAction","target":{"@type":"EntryPoint","urlTemplate":"https:\/\/fetedelascience.ucly.fr\/en\/?s={search_term_string}"},"query-input":{"@type":"PropertyValueSpecification","valueRequired":true,"valueName":"search_term_string"}}],"inLanguage":"en-US"},{"@type":"Organization","@id":"https:\/\/fetedelascience.ucly.fr\/en\/#organization","name":"F\u00eate de la Science","url":"https:\/\/fetedelascience.ucly.fr\/en\/","logo":{"@type":"ImageObject","inLanguage":"en-US","@id":"https:\/\/fetedelascience.ucly.fr\/en\/#\/schema\/logo\/image\/","url":"https:\/\/fetedelascience.ucly.fr\/wp-content\/uploads\/sites\/31\/2024\/07\/cropped-logo-3-ecoles-en-tete-site-fds-2024.png","contentUrl":"https:\/\/fetedelascience.ucly.fr\/wp-content\/uploads\/sites\/31\/2024\/07\/cropped-logo-3-ecoles-en-tete-site-fds-2024.png","width":749,"height":422,"caption":"F\u00eate de la Science"},"image":{"@id":"https:\/\/fetedelascience.ucly.fr\/en\/#\/schema\/logo\/image\/"}}]}},"_links":{"self":[{"href":"https:\/\/fetedelascience.ucly.fr\/en\/wp-json\/wp\/v2\/pages\/2267","targetHints":{"allow":["GET"]}}],"collection":[{"href":"https:\/\/fetedelascience.ucly.fr\/en\/wp-json\/wp\/v2\/pages"}],"about":[{"href":"https:\/\/fetedelascience.ucly.fr\/en\/wp-json\/wp\/v2\/types\/page"}],"author":[{"embeddable":true,"href":"https:\/\/fetedelascience.ucly.fr\/en\/wp-json\/wp\/v2\/users\/108"}],"replies":[{"embeddable":true,"href":"https:\/\/fetedelascience.ucly.fr\/en\/wp-json\/wp\/v2\/comments?post=2267"}],"version-history":[{"count":2,"href":"https:\/\/fetedelascience.ucly.fr\/en\/wp-json\/wp\/v2\/pages\/2267\/revisions"}],"predecessor-version":[{"id":2293,"href":"https:\/\/fetedelascience.ucly.fr\/en\/wp-json\/wp\/v2\/pages\/2267\/revisions\/2293"}],"up":[{"embeddable":true,"href":"https:\/\/fetedelascience.ucly.fr\/en\/wp-json\/wp\/v2\/pages\/434"}],"wp:featuredmedia":[{"embeddable":true,"href":"https:\/\/fetedelascience.ucly.fr\/en\/wp-json\/wp\/v2\/media\/2268"}],"wp:attachment":[{"href":"https:\/\/fetedelascience.ucly.fr\/en\/wp-json\/wp\/v2\/media?parent=2267"}],"curies":[{"name":"wp","href":"https:\/\/api.w.org\/{rel}","templated":true}]}}