{"id":2425,"date":"2025-07-04T16:12:42","date_gmt":"2025-07-04T14:12:42","guid":{"rendered":"https:\/\/fetedelascience.ucly.fr\/?page_id=2425"},"modified":"2025-08-19T15:51:35","modified_gmt":"2025-08-19T13:51:35","slug":"programme-grand-public-mercredi-8-octobre","status":"publish","type":"page","link":"https:\/\/fetedelascience.ucly.fr\/en\/programme-grand-public-mercredi-8-octobre\/","title":{"rendered":"Programme Grand Public - Mercredi 8 octobre"},"content":{"rendered":"<h2 class=\"wp-block-heading\"><strong>VILLAGE DES SCIENCES - CONFLUENCE<\/strong><\/h2><p>Le Village des Sciences Confluence 2025 r\u00e9unit plusieurs partenaires : UCLy,&nbsp;INL, Mus\u00e9e des Sciences biologiques du Docteur M\u00e9rieux, ANSES.<\/p><p>Les <strong>ateliers<\/strong> seront accessibles \u00e0 tous gratuitement. Attention: Les enfants devront \u00eatre accompagn\u00e9s d'un adulte durant toute la dur\u00e9e de l'atelier.<\/p><p>Nous vous donnons rendez-vous sur le Campus Saint-Paul de l'Universit\u00e9 Catholique de Lyon :<\/p><ul class=\"wp-block-list\"><li>Mercredi 8 octobre de 14h \u00e0 17h, parcours libre entre tous les ateliers<\/li><\/ul><p>Les <strong>r\u00e9servations sont obligatoires<\/strong> afin que vous puissiez entrer sur le campus.<\/p><div class=\"wp-block-button js-fade-scroll\">\n\n    <a href=\"https:\/\/docs.google.com\/forms\/d\/e\/1FAIpQLSeEQf_dZWxeaZU0Y4oyKH7ckQvvE604I285UhIrR7I8G7xlJg\/viewform?usp=dialog\" target=\"_blank\" title=\"Cliquez ici pour vous inscrire\" class=\"button primary\">Cliquez ici pour vous inscrire<\/a>\n\n  <\/div><h2 class=\"wp-block-heading\"><strong>Voici le programme des ateliers : <\/strong><\/h2><p><\/p><div class=\"wp-block-media-text is-stacked-on-mobile\" style=\"grid-template-columns:27% auto\"><figure class=\"wp-block-media-text__media\"><img loading=\"lazy\" decoding=\"async\" width=\"350\" height=\"300\" src=\"https:\/\/fetedelascience.ucly.fr\/wp-content\/uploads\/sites\/31\/2024\/06\/atelier_image_des-microbes-et-des-hommes_v2-e1719408162944.png\" alt=\"ATELIER_Image_des microbes et des hommes_V2\" class=\"wp-image-2160 size-full\" srcset=\"https:\/\/fetedelascience.ucly.fr\/wp-content\/uploads\/sites\/31\/2024\/06\/atelier_image_des-microbes-et-des-hommes_v2-e1719408162944.png 350w, https:\/\/fetedelascience.ucly.fr\/wp-content\/uploads\/sites\/31\/2024\/06\/atelier_image_des-microbes-et-des-hommes_v2-e1719408162944-163x140.png 163w, https:\/\/fetedelascience.ucly.fr\/wp-content\/uploads\/sites\/31\/2024\/06\/atelier_image_des-microbes-et-des-hommes_v2-e1719408162944-300x257.png 300w\" sizes=\"auto, (max-width: 350px) 100vw, 350px\" \/><\/figure><div class=\"wp-block-media-text__content\"><h3 class=\"wp-block-heading\">DES MICROBES ET DES HOMMES<\/h3>\n\n<p>D\u00e9couverte des micro-organismes (bact\u00e9ries, levures, virus\u2026) O\u00f9 sont-ils dans notre quotidien ? Quels sont leurs modes de transmission ? Quelle est la meilleure hygi\u00e8ne des mains pour les limiter ?<\/p>\n\n<p><strong>Mots-clefs&nbsp;:<\/strong> microorganismes, bact\u00e9rie, levures, champignons, virus, microscopes<\/p>\n\n<p><strong>Dur\u00e9e : 1h30<\/strong><\/p>\n\n<p><strong>Tranche d\u2019\u00e2ge : <\/strong>Grand public - Maternelle, Primaire (3 \u00e0 11 ans)<\/p><\/div><\/div><div class=\"wp-block-media-text is-stacked-on-mobile\" style=\"grid-template-columns:27% auto\"><figure class=\"wp-block-media-text__media\"><img loading=\"lazy\" decoding=\"async\" width=\"478\" height=\"410\" src=\"https:\/\/fetedelascience.ucly.fr\/wp-content\/uploads\/sites\/31\/2024\/06\/atelier_de-lorganisme-a-ladn_v2-e1719408210492.png\" alt=\"ATELIER_de l'organisme \u00e0 l'adn_V2\" class=\"wp-image-2164 size-full\" srcset=\"https:\/\/fetedelascience.ucly.fr\/wp-content\/uploads\/sites\/31\/2024\/06\/atelier_de-lorganisme-a-ladn_v2-e1719408210492.png 478w, https:\/\/fetedelascience.ucly.fr\/wp-content\/uploads\/sites\/31\/2024\/06\/atelier_de-lorganisme-a-ladn_v2-e1719408210492-163x140.png 163w, https:\/\/fetedelascience.ucly.fr\/wp-content\/uploads\/sites\/31\/2024\/06\/atelier_de-lorganisme-a-ladn_v2-e1719408210492-300x257.png 300w\" sizes=\"auto, (max-width: 478px) 100vw, 478px\" \/><\/figure><div class=\"wp-block-media-text__content\"><h3 class=\"wp-block-heading\">DE L\u2019ORGANISME A L\u2019ADN, \u00c9CHELLE DU VIVANT<\/h3>\n\n<p><strong>Du visible au microscopique! Vous allez jouer avec l'\u00e9chelle du vivant!<\/strong><\/p>\n\n<p>Jeu : taille des organismes \/ Observations microorganismes du quotidien (eau croupie, moisissure de fruit) et utilisation dans l'alimentation \/ Focus sur l'ADN : extraction\/ Observations des cellules<\/p>\n\n<p><strong>Mots-clefs&nbsp;:<\/strong> microorganisme, ADN, cellule, microscopes<\/p>\n\n<p><strong>Dur\u00e9e : 1h<\/strong><\/p>\n\n<p><strong>Tranche d\u2019\u00e2ge : <\/strong>Grand public - Primaire, Coll\u00e8ge (6 \u00e0 15 ans)<\/p><\/div><\/div><div class=\"wp-block-media-text is-stacked-on-mobile\" style=\"grid-template-columns:27% auto\"><figure class=\"wp-block-media-text__media\"><img loading=\"lazy\" decoding=\"async\" width=\"349\" height=\"300\" src=\"https:\/\/fetedelascience.ucly.fr\/wp-content\/uploads\/sites\/31\/2024\/06\/atelier_du-tri-des-dechets-a-la-valorisation-du-compost_v2-e1719408286278.png\" alt=\"ATELIER_du tri des d\u00e9chets \u00e0 la valorisation du compost_V2\" class=\"wp-image-2167 size-full\"\/><\/figure><div class=\"wp-block-media-text__content\"><h3 class=\"wp-block-heading\">DU TRI DES D\u00c9CHETS A LA VALORISATION DU COMPOST<\/h3>\n\n<p><strong>Savez-vous qu\u2019une famille de 3 personnes produit plus d\u20191 Tonne&nbsp;de d\u00e9chets\/an.<\/strong><\/p>\n\n<p>En participant aux collectes s\u00e9lectives, cette famille pourrait recycler 520kg\/an de ses d\u00e9chets et si elle pratique le compost de ses d\u00e9chets alimentaires elle peut valoriser 250kg\/an de plus. Elle peut donc valoriser les \u00be de ses d\u00e9chets produits.<\/p>\n\n<p>Si vous h\u00e9sitez encore, venez voir notre atelier\u2026<\/p>\n\n<p>Vous y trouverez: Lecture\/Atelier\/animation : Jeu p\u00e9dagogique sur le tri des d\u00e9chets - Zoom sur le compost : Pourquoi \u2013 Quoi et Comment composter ? Utilisation du compost et des r\u00e9ponses sous la forme de jeux, de films, d\u2019observations microscopiques\u2026.<\/p>\n\n<p><strong>Mots-clefs&nbsp;:<\/strong> recyclage, d\u00e9chets, compost, d\u00e9composition, microorganismes, vers, insectes, microscopes<\/p>\n\n<p><strong>Dur\u00e9e : 1h15<\/strong><\/p>\n\n<p><strong>Tranche d\u2019\u00e2ge : <\/strong>Grand public - Primaire, Coll\u00e8ge (6 \u00e0 15 ans)<\/p><\/div><\/div><div class=\"wp-block-media-text is-stacked-on-mobile\" style=\"grid-template-columns:27% auto\"><figure class=\"wp-block-media-text__media\"><img loading=\"lazy\" decoding=\"async\" width=\"1567\" height=\"1595\" src=\"https:\/\/fetedelascience.ucly.fr\/wp-content\/uploads\/sites\/31\/2024\/07\/atelier-biodiversite-marine.png\" alt=\"Atelier biodiversit\u00e9 marine\" class=\"wp-image-2330 size-full\" srcset=\"https:\/\/fetedelascience.ucly.fr\/wp-content\/uploads\/sites\/31\/2024\/07\/atelier-biodiversite-marine.png 1567w, https:\/\/fetedelascience.ucly.fr\/wp-content\/uploads\/sites\/31\/2024\/07\/atelier-biodiversite-marine-1509x1536.png 1509w, https:\/\/fetedelascience.ucly.fr\/wp-content\/uploads\/sites\/31\/2024\/07\/atelier-biodiversite-marine-138x140.png 138w, https:\/\/fetedelascience.ucly.fr\/wp-content\/uploads\/sites\/31\/2024\/07\/atelier-biodiversite-marine-520x529.png 520w, https:\/\/fetedelascience.ucly.fr\/wp-content\/uploads\/sites\/31\/2024\/07\/atelier-biodiversite-marine-494x503.png 494w\" sizes=\"auto, (max-width: 1567px) 100vw, 1567px\" \/><\/figure><div class=\"wp-block-media-text__content\"><h3 class=\"wp-block-heading\">L'IMPACT DE L'HOMME SUR LA BIODIVERSIT\u00c9 MARINE<\/h3>\n\n<p><strong>Imaginez-vous en train de plonger dans les eaux claires d'un oc\u00e9an tropical, entour\u00e9 par une myriade de couleurs \u00e9clatantes et de formes \u00e9tonnantes.<\/strong><\/p>\n\n<p>Ces magnifiques r\u00e9cifs coralliens, abritant une incroyable diversit\u00e9 de vie marine, sont comme des villes sous-marines, offrant un refuge \u00e0 d'innombrables esp\u00e8ces, des poissons color\u00e9s aux tortues majestueuses.<br>Cependant, derri\u00e8re leur beaut\u00e9 apparente, les coraux font face \u00e0 un ennemi invisible : l'acidification des oc\u00e9ans. Mais qu'est-ce que cela signifie vraiment ? Quels sont les autres dangers auxquels font face ces esp\u00e8ces marines, mais encore, qui sont les gardiens des oc\u00e9ans ?<br>Vous y trouverez : un jeu de plateau, une reconstitution de l'acidification des oc\u00e9ans et un jeu de cartes.<\/p>\n\n<p><strong>Mots-clefs&nbsp;:<\/strong> oc\u00e9ans, acidification<\/p>\n\n<p><strong>Dur\u00e9e : 1h30<\/strong><\/p>\n\n<p><strong>Tranche d\u2019\u00e2ge : <\/strong>Grand public - Primaire, Coll\u00e8ge (6 \u00e0 15 ans)<\/p>\n\n<p><\/p><\/div><\/div><div class=\"wp-block-media-text is-stacked-on-mobile\" style=\"grid-template-columns:27% auto\"><figure class=\"wp-block-media-text__media\"><img loading=\"lazy\" decoding=\"async\" width=\"459\" height=\"441\" src=\"https:\/\/fetedelascience.ucly.fr\/wp-content\/uploads\/sites\/31\/2025\/07\/fourmis-v2.png\" alt=\"\" class=\"wp-image-2442 size-full\" srcset=\"https:\/\/fetedelascience.ucly.fr\/wp-content\/uploads\/sites\/31\/2025\/07\/fourmis-v2.png 459w, https:\/\/fetedelascience.ucly.fr\/wp-content\/uploads\/sites\/31\/2025\/07\/fourmis-v2-146x140.png 146w\" sizes=\"auto, (max-width: 459px) 100vw, 459px\" \/><\/figure><div class=\"wp-block-media-text__content\"><h3 class=\"wp-block-heading\">L'INTELLIGENCE COLLECTIVE DES FOURMIS<\/h3>\n\n<p><strong>Plongez dans le c\u0153ur de la fourmili\u00e8re et d\u00e9couvrez leur mode de communication !<\/strong><\/p>\n\n<p>A quoi ressemble la maison des fourmis ? Quel est le r\u00f4le de chacune et comment communiquent-elles ? Venez le d\u00e9couvrir \u00e0 travers 3 ateliers d\u00e9di\u00e9s aux 5-10 ans.<\/p>\n\n<p><strong>Mots-clefs&nbsp;:<\/strong> fourmis, intelligence, communication, GPS&nbsp;&nbsp;<\/p>\n\n<p><strong>Dur\u00e9e : 1h30<\/strong><\/p>\n\n<p><strong>Tranche d\u2019\u00e2ge : <\/strong>Grand public - Primaire (6 \u00e0 11 ans)<\/p>\n\n<p><\/p>\n\n<p><\/p><\/div><\/div><div class=\"wp-block-cross-content js-fade-scroll\">\n    <p class=\"wp-block-cross-content-title\"><\/p>\n            <div class=\"row wp-block-cross-content-row\">\n                                <div class=\"column small-12 medium-6 large-4 wp-block-cross-content-col\">\n                        <a class=\"wp-block-cross-content-top\" href=\"https:\/\/fetedelascience.ucly.fr\/en\/inscription-grand-public\/\" title=\"Inscription Grand Public\">\n                            <span class=\"wp-block-cross-content-name\">Inscription Grand Public<\/span>\n                            <span class=\"wp-block-cross-content-image\"><img loading=\"lazy\" decoding=\"async\" width=\"630\" height=\"570\" src=\"https:\/\/fetedelascience.ucly.fr\/wp-content\/uploads\/sites\/31\/2025\/07\/fds2024_69_vds-ucly_visee-a-17-630x570.jpg\" class=\" wp-post-image\" alt=\"\" \/><\/span>\n                            <span class=\"wp-block-cross-content-more\">\n                                <span class=\"icon-more\"><\/span>\n                            <\/span>\n                        <\/a>\n                        <div class=\"wp-block-cross-content-excerpt\"><\/div>\n                    <\/div>\n                                                <div class=\"column small-12 medium-6 large-4 wp-block-cross-content-col\">\n                        <a class=\"wp-block-cross-content-top\" href=\"https:\/\/fetedelascience.ucly.fr\/en\/programme-grand-public-samedi-4-octobre\/\" title=\"Programme Grand Public - Samedi 4 octobre\">\n                            <span class=\"wp-block-cross-content-name\">Programme Grand Public - Samedi 4 octobre<\/span>\n                            <span class=\"wp-block-cross-content-image\"><img loading=\"lazy\" decoding=\"async\" width=\"630\" height=\"570\" src=\"https:\/\/fetedelascience.ucly.fr\/wp-content\/uploads\/sites\/31\/2025\/07\/fds2024_69_vds-ucly_visee-a-3-1-630x570.jpg\" class=\" wp-post-image\" alt=\"\" \/><\/span>\n                            <span class=\"wp-block-cross-content-more\">\n                                <span class=\"icon-more\"><\/span>\n                            <\/span>\n                        <\/a>\n                        <div class=\"wp-block-cross-content-excerpt\"><\/div>\n                    <\/div>\n                                                <div class=\"column small-12 medium-6 large-4 wp-block-cross-content-col\">\n                        <a class=\"wp-block-cross-content-top\" href=\"https:\/\/fetedelascience.ucly.fr\/en\/programme-grand-public-conferences\/\" title=\"Programme Grand Public - Conf\u00e9rences\">\n                            <span class=\"wp-block-cross-content-name\">Programme Grand Public - Conf\u00e9rences<\/span>\n                            <span class=\"wp-block-cross-content-image\"><img loading=\"lazy\" decoding=\"async\" width=\"630\" height=\"570\" src=\"https:\/\/fetedelascience.ucly.fr\/wp-content\/uploads\/sites\/31\/2025\/07\/conferences-gd-public-630x570.jpg\" class=\" wp-post-image\" alt=\"\" \/><\/span>\n                            <span class=\"wp-block-cross-content-more\">\n                                <span class=\"icon-more\"><\/span>\n                            <\/span>\n                        <\/a>\n                        <div class=\"wp-block-cross-content-excerpt\"><\/div>\n                    <\/div>\n                                    <\/div>\n    <\/div>","protected":false},"excerpt":{"rendered":"<p>VILLAGE DES SCIENCES &#8211; CONFLUENCELe Village des Sciences Confluence 2025 r\u00e9unit plusieurs partenaires : UCLy,&nbsp;INL, Mus\u00e9e des Sciences biologiques du Docteur M\u00e9rieux, ANSES.Les ateliers [&hellip;]<\/p>\n","protected":false},"author":108,"featured_media":2379,"parent":0,"menu_order":0,"comment_status":"closed","ping_status":"closed","template":"","meta":{"_acf_changed":false,"footnotes":""},"class_list":["post-2425","page","type-page","status-publish","has-post-thumbnail","hentry"],"acf":[],"yoast_head":"<!-- This site is optimized with the Yoast SEO plugin v24.1 - https:\/\/yoast.com\/wordpress\/plugins\/seo\/ -->\n<title>Programme Grand Public - Mercredi 8 octobre - F\u00eate de la Science<\/title>\n<meta name=\"robots\" content=\"index, follow, max-snippet:-1, max-image-preview:large, max-video-preview:-1\" \/>\n<link rel=\"canonical\" href=\"https:\/\/fetedelascience.ucly.fr\/en\/programme-grand-public-mercredi-8-octobre\/\" \/>\n<meta property=\"og:locale\" content=\"en_US\" \/>\n<meta property=\"og:type\" content=\"article\" \/>\n<meta property=\"og:title\" content=\"Programme Grand Public - Mercredi 8 octobre - F\u00eate de la Science\" \/>\n<meta property=\"og:description\" content=\"VILLAGE DES SCIENCES - CONFLUENCELe Village des Sciences Confluence 2025 r\u00e9unit plusieurs partenaires : UCLy,&nbsp;INL, Mus\u00e9e des Sciences biologiques du Docteur M\u00e9rieux, ANSES.Les ateliers [&hellip;]\" \/>\n<meta property=\"og:url\" content=\"https:\/\/fetedelascience.ucly.fr\/en\/programme-grand-public-mercredi-8-octobre\/\" \/>\n<meta property=\"og:site_name\" content=\"F\u00eate de la Science\" \/>\n<meta property=\"article:modified_time\" content=\"2025-08-19T13:51:35+00:00\" \/>\n<meta property=\"og:image\" content=\"https:\/\/fetedelascience.ucly.fr\/wp-content\/uploads\/sites\/31\/2025\/07\/fds2024_69_vds-ucly_visee-a-19-1200x576.jpg\" \/>\n\t<meta property=\"og:image:width\" content=\"1200\" \/>\n\t<meta property=\"og:image:height\" content=\"675\" \/>\n\t<meta property=\"og:image:type\" content=\"image\/jpeg\" \/>\n<meta name=\"twitter:card\" content=\"summary_large_image\" \/>\n<meta name=\"twitter:label1\" content=\"Est. reading time\" \/>\n\t<meta name=\"twitter:data1\" content=\"4 minutes\" \/>\n<script type=\"application\/ld+json\" class=\"yoast-schema-graph\">{\"@context\":\"https:\/\/schema.org\",\"@graph\":[{\"@type\":\"WebPage\",\"@id\":\"https:\/\/fetedelascience.ucly.fr\/en\/programme-grand-public-mercredi-8-octobre\/\",\"url\":\"https:\/\/fetedelascience.ucly.fr\/en\/programme-grand-public-mercredi-8-octobre\/\",\"name\":\"Programme Grand Public - Mercredi 8 octobre - F\u00eate de la Science\",\"isPartOf\":{\"@id\":\"https:\/\/fetedelascience.ucly.fr\/en\/#website\"},\"primaryImageOfPage\":{\"@id\":\"https:\/\/fetedelascience.ucly.fr\/en\/programme-grand-public-mercredi-8-octobre\/#primaryimage\"},\"image\":{\"@id\":\"https:\/\/fetedelascience.ucly.fr\/en\/programme-grand-public-mercredi-8-octobre\/#primaryimage\"},\"thumbnailUrl\":\"https:\/\/fetedelascience.ucly.fr\/wp-content\/uploads\/sites\/31\/2025\/07\/fds2024_69_vds-ucly_visee-a-19-1200x576.jpg\",\"datePublished\":\"2025-07-04T14:12:42+00:00\",\"dateModified\":\"2025-08-19T13:51:35+00:00\",\"breadcrumb\":{\"@id\":\"https:\/\/fetedelascience.ucly.fr\/en\/programme-grand-public-mercredi-8-octobre\/#breadcrumb\"},\"inLanguage\":\"en-US\",\"potentialAction\":[{\"@type\":\"ReadAction\",\"target\":[\"https:\/\/fetedelascience.ucly.fr\/en\/programme-grand-public-mercredi-8-octobre\/\"]}]},{\"@type\":\"ImageObject\",\"inLanguage\":\"en-US\",\"@id\":\"https:\/\/fetedelascience.ucly.fr\/en\/programme-grand-public-mercredi-8-octobre\/#primaryimage\",\"url\":\"https:\/\/fetedelascience.ucly.fr\/wp-content\/uploads\/sites\/31\/2025\/07\/fds2024_69_vds-ucly_visee-a-19-1200x576.jpg\",\"contentUrl\":\"https:\/\/fetedelascience.ucly.fr\/wp-content\/uploads\/sites\/31\/2025\/07\/fds2024_69_vds-ucly_visee-a-19-1200x576.jpg\",\"width\":1200,\"height\":675},{\"@type\":\"BreadcrumbList\",\"@id\":\"https:\/\/fetedelascience.ucly.fr\/en\/programme-grand-public-mercredi-8-octobre\/#breadcrumb\",\"itemListElement\":[{\"@type\":\"ListItem\",\"position\":1,\"name\":\"Accueil\",\"item\":\"https:\/\/fetedelascience.ucly.fr\/en\/\"},{\"@type\":\"ListItem\",\"position\":2,\"name\":\"Programme Grand Public - Mercredi 8 octobre\"}]},{\"@type\":\"WebSite\",\"@id\":\"https:\/\/fetedelascience.ucly.fr\/en\/#website\",\"url\":\"https:\/\/fetedelascience.ucly.fr\/en\/\",\"name\":\"F\u00eate de la Science\",\"description\":\"\",\"publisher\":{\"@id\":\"https:\/\/fetedelascience.ucly.fr\/en\/#organization\"},\"potentialAction\":[{\"@type\":\"SearchAction\",\"target\":{\"@type\":\"EntryPoint\",\"urlTemplate\":\"https:\/\/fetedelascience.ucly.fr\/en\/?s={search_term_string}\"},\"query-input\":{\"@type\":\"PropertyValueSpecification\",\"valueRequired\":true,\"valueName\":\"search_term_string\"}}],\"inLanguage\":\"en-US\"},{\"@type\":\"Organization\",\"@id\":\"https:\/\/fetedelascience.ucly.fr\/en\/#organization\",\"name\":\"F\u00eate de la Science\",\"url\":\"https:\/\/fetedelascience.ucly.fr\/en\/\",\"logo\":{\"@type\":\"ImageObject\",\"inLanguage\":\"en-US\",\"@id\":\"https:\/\/fetedelascience.ucly.fr\/en\/#\/schema\/logo\/image\/\",\"url\":\"https:\/\/fetedelascience.ucly.fr\/wp-content\/uploads\/sites\/31\/2024\/07\/cropped-logo-3-ecoles-en-tete-site-fds-2024.png\",\"contentUrl\":\"https:\/\/fetedelascience.ucly.fr\/wp-content\/uploads\/sites\/31\/2024\/07\/cropped-logo-3-ecoles-en-tete-site-fds-2024.png\",\"width\":749,\"height\":422,\"caption\":\"F\u00eate de la Science\"},\"image\":{\"@id\":\"https:\/\/fetedelascience.ucly.fr\/en\/#\/schema\/logo\/image\/\"}}]}<\/script>\n<!-- \/ Yoast SEO plugin. -->","yoast_head_json":{"title":"Programme Grand Public - Mercredi 8 octobre - F\u00eate de la Science","robots":{"index":"index","follow":"follow","max-snippet":"max-snippet:-1","max-image-preview":"max-image-preview:large","max-video-preview":"max-video-preview:-1"},"canonical":"https:\/\/fetedelascience.ucly.fr\/en\/programme-grand-public-mercredi-8-octobre\/","og_locale":"en_US","og_type":"article","og_title":"Programme Grand Public - Mercredi 8 octobre - F\u00eate de la Science","og_description":"VILLAGE DES SCIENCES - CONFLUENCELe Village des Sciences Confluence 2025 r\u00e9unit plusieurs partenaires : UCLy,&nbsp;INL, Mus\u00e9e des Sciences biologiques du Docteur M\u00e9rieux, ANSES.Les ateliers [&hellip;]","og_url":"https:\/\/fetedelascience.ucly.fr\/en\/programme-grand-public-mercredi-8-octobre\/","og_site_name":"F\u00eate de la Science","article_modified_time":"2025-08-19T13:51:35+00:00","og_image":[{"width":1200,"height":675,"url":"https:\/\/fetedelascience.ucly.fr\/wp-content\/uploads\/sites\/31\/2025\/07\/fds2024_69_vds-ucly_visee-a-19-1200x576.jpg","type":"image\/jpeg"}],"twitter_card":"summary_large_image","twitter_misc":{"Est. reading time":"4 minutes"},"schema":{"@context":"https:\/\/schema.org","@graph":[{"@type":"WebPage","@id":"https:\/\/fetedelascience.ucly.fr\/en\/programme-grand-public-mercredi-8-octobre\/","url":"https:\/\/fetedelascience.ucly.fr\/en\/programme-grand-public-mercredi-8-octobre\/","name":"Programme Grand Public - Mercredi 8 octobre - F\u00eate de la Science","isPartOf":{"@id":"https:\/\/fetedelascience.ucly.fr\/en\/#website"},"primaryImageOfPage":{"@id":"https:\/\/fetedelascience.ucly.fr\/en\/programme-grand-public-mercredi-8-octobre\/#primaryimage"},"image":{"@id":"https:\/\/fetedelascience.ucly.fr\/en\/programme-grand-public-mercredi-8-octobre\/#primaryimage"},"thumbnailUrl":"https:\/\/fetedelascience.ucly.fr\/wp-content\/uploads\/sites\/31\/2025\/07\/fds2024_69_vds-ucly_visee-a-19-1200x576.jpg","datePublished":"2025-07-04T14:12:42+00:00","dateModified":"2025-08-19T13:51:35+00:00","breadcrumb":{"@id":"https:\/\/fetedelascience.ucly.fr\/en\/programme-grand-public-mercredi-8-octobre\/#breadcrumb"},"inLanguage":"en-US","potentialAction":[{"@type":"ReadAction","target":["https:\/\/fetedelascience.ucly.fr\/en\/programme-grand-public-mercredi-8-octobre\/"]}]},{"@type":"ImageObject","inLanguage":"en-US","@id":"https:\/\/fetedelascience.ucly.fr\/en\/programme-grand-public-mercredi-8-octobre\/#primaryimage","url":"https:\/\/fetedelascience.ucly.fr\/wp-content\/uploads\/sites\/31\/2025\/07\/fds2024_69_vds-ucly_visee-a-19-1200x576.jpg","contentUrl":"https:\/\/fetedelascience.ucly.fr\/wp-content\/uploads\/sites\/31\/2025\/07\/fds2024_69_vds-ucly_visee-a-19-1200x576.jpg","width":1200,"height":675},{"@type":"BreadcrumbList","@id":"https:\/\/fetedelascience.ucly.fr\/en\/programme-grand-public-mercredi-8-octobre\/#breadcrumb","itemListElement":[{"@type":"ListItem","position":1,"name":"Accueil","item":"https:\/\/fetedelascience.ucly.fr\/en\/"},{"@type":"ListItem","position":2,"name":"Programme Grand Public - Mercredi 8 octobre"}]},{"@type":"WebSite","@id":"https:\/\/fetedelascience.ucly.fr\/en\/#website","url":"https:\/\/fetedelascience.ucly.fr\/en\/","name":"F\u00eate de la Science","description":"","publisher":{"@id":"https:\/\/fetedelascience.ucly.fr\/en\/#organization"},"potentialAction":[{"@type":"SearchAction","target":{"@type":"EntryPoint","urlTemplate":"https:\/\/fetedelascience.ucly.fr\/en\/?s={search_term_string}"},"query-input":{"@type":"PropertyValueSpecification","valueRequired":true,"valueName":"search_term_string"}}],"inLanguage":"en-US"},{"@type":"Organization","@id":"https:\/\/fetedelascience.ucly.fr\/en\/#organization","name":"F\u00eate de la Science","url":"https:\/\/fetedelascience.ucly.fr\/en\/","logo":{"@type":"ImageObject","inLanguage":"en-US","@id":"https:\/\/fetedelascience.ucly.fr\/en\/#\/schema\/logo\/image\/","url":"https:\/\/fetedelascience.ucly.fr\/wp-content\/uploads\/sites\/31\/2024\/07\/cropped-logo-3-ecoles-en-tete-site-fds-2024.png","contentUrl":"https:\/\/fetedelascience.ucly.fr\/wp-content\/uploads\/sites\/31\/2024\/07\/cropped-logo-3-ecoles-en-tete-site-fds-2024.png","width":749,"height":422,"caption":"F\u00eate de la Science"},"image":{"@id":"https:\/\/fetedelascience.ucly.fr\/en\/#\/schema\/logo\/image\/"}}]}},"_links":{"self":[{"href":"https:\/\/fetedelascience.ucly.fr\/en\/wp-json\/wp\/v2\/pages\/2425","targetHints":{"allow":["GET"]}}],"collection":[{"href":"https:\/\/fetedelascience.ucly.fr\/en\/wp-json\/wp\/v2\/pages"}],"about":[{"href":"https:\/\/fetedelascience.ucly.fr\/en\/wp-json\/wp\/v2\/types\/page"}],"author":[{"embeddable":true,"href":"https:\/\/fetedelascience.ucly.fr\/en\/wp-json\/wp\/v2\/users\/108"}],"replies":[{"embeddable":true,"href":"https:\/\/fetedelascience.ucly.fr\/en\/wp-json\/wp\/v2\/comments?post=2425"}],"version-history":[{"count":2,"href":"https:\/\/fetedelascience.ucly.fr\/en\/wp-json\/wp\/v2\/pages\/2425\/revisions"}],"predecessor-version":[{"id":2549,"href":"https:\/\/fetedelascience.ucly.fr\/en\/wp-json\/wp\/v2\/pages\/2425\/revisions\/2549"}],"wp:featuredmedia":[{"embeddable":true,"href":"https:\/\/fetedelascience.ucly.fr\/en\/wp-json\/wp\/v2\/media\/2379"}],"wp:attachment":[{"href":"https:\/\/fetedelascience.ucly.fr\/en\/wp-json\/wp\/v2\/media?parent=2425"}],"curies":[{"name":"wp","href":"https:\/\/api.w.org\/{rel}","templated":true}]}}