{"id":2428,"date":"2025-07-04T16:05:13","date_gmt":"2025-07-04T14:05:13","guid":{"rendered":"https:\/\/fetedelascience.ucly.fr\/?page_id=2428"},"modified":"2025-09-05T09:57:06","modified_gmt":"2025-09-05T07:57:06","slug":"programme-grand-public-conferences","status":"publish","type":"page","link":"https:\/\/fetedelascience.ucly.fr\/en\/programme-grand-public-conferences\/","title":{"rendered":"Programme Grand Public - Conf\u00e9rences"},"content":{"rendered":"<p>Des <strong>conf\u00e9rences<\/strong> sont propos\u00e9es pour le Grand Public (\u00e0 partir du Lyc\u00e9e) dans le cadre de la F\u00eate de la Science 2025.<\/p><p>Nous vous donnons rendez-vous sur le Campus Saint-Paul de l'Universit\u00e9 Catholique de Lyon :<\/p><ul class=\"wp-block-list\"><li>Lundi 6 octobre de 18h \u00e0 19h<\/li>\n\n<li>Mardi 7 octobre de 18h \u00e0 19h<\/li>\n\n<li>Mercredi 8 octobre de 18h \u00e0 19h<\/li><\/ul><p>Les <strong>r\u00e9servations sont obligatoires<\/strong> afin que vous puissiez entrer sur le campus.<\/p><p><\/p><div class=\"wp-block-button js-fade-scroll\">\n\n    <a href=\"https:\/\/docs.google.com\/forms\/d\/e\/1FAIpQLSeEQf_dZWxeaZU0Y4oyKH7ckQvvE604I285UhIrR7I8G7xlJg\/viewform?usp=dialog\" target=\"_blank\" title=\"Cliquez ici pour vous inscrire\" class=\"button primary\">Cliquez ici pour vous inscrire<\/a>\n\n  <\/div><h2 class=\"wp-block-heading\"><strong>LES CONF\u00c9RENCES<\/strong><\/h2><div class=\"wp-block-media-text is-stacked-on-mobile\" style=\"grid-template-columns:27% auto\"><figure class=\"wp-block-media-text__media\"><img loading=\"lazy\" decoding=\"async\" width=\"599\" height=\"514\" src=\"https:\/\/fetedelascience.ucly.fr\/wp-content\/uploads\/sites\/31\/2024\/06\/conference_neurosciences_v2.png\" alt=\"CONFERENCE_Neurosciences_V2\" class=\"wp-image-2170 size-full\" srcset=\"https:\/\/fetedelascience.ucly.fr\/wp-content\/uploads\/sites\/31\/2024\/06\/conference_neurosciences_v2.png 599w, https:\/\/fetedelascience.ucly.fr\/wp-content\/uploads\/sites\/31\/2024\/06\/conference_neurosciences_v2-163x140.png 163w, https:\/\/fetedelascience.ucly.fr\/wp-content\/uploads\/sites\/31\/2024\/06\/conference_neurosciences_v2-520x446.png 520w, https:\/\/fetedelascience.ucly.fr\/wp-content\/uploads\/sites\/31\/2024\/06\/conference_neurosciences_v2-494x424.png 494w\" sizes=\"auto, (max-width: 599px) 100vw, 599px\" \/><\/figure><div class=\"wp-block-media-text__content\"><h3 class=\"wp-block-heading\">INTELLIGENCE(S) ET COGNITION VIVANTE<\/h3>\n\n<p><strong>Par Juan VIDAL, Enseignant-Chercheur | <strong>D\u00e9partement de Psychologie - Sciences Humaines et Sociales de l'UCLy<\/strong><\/strong><\/p>\n\n<p><strong>Qui ou quoi peut \u00eatre qualifi\u00e9 d\u2019intelligent&nbsp;? Faut-il un (gros) cerveau pour \u00eatre intelligent&nbsp;?<\/strong><\/p>\n\n<p>En comparant une fourmi, un humain et un ordinateur, on entrevoit la complexit\u00e9 de ces questionnements. Quand il va d\u2019intelligence, il y en a pour toutes les aptitudes. Syst\u00e8mes intelligents, organismes intelligents. Une fa\u00e7on de comprendre l\u2019intelligence est de l\u2019associer \u00e0 une capacit\u00e9 \u00e0 r\u00e9soudre des probl\u00e8mes, \u00e7a devient un savoir-faire \u00e9valu\u00e9 ou \u00e9valuable. Appliqu\u00e9 \u00e0 des organismes, ce positionnement fait abstraction d\u2019un contexte important, celui du corps et des contraintes r\u00e9elles impos\u00e9es par leur nature vivante. L\u2019intelligence serait donc plus une capacit\u00e9 d\u2019adaptation comportementale aux contraintes et aux changements ext\u00e9rieurs. Nous discuterons ici la notion d\u2019intelligences multiples dans le cadre du comportement des organismes vivant, ainsi que de l\u2019impact du ph\u00e9nom\u00e8ne de conscience sur la forme de l\u2019intelligence des organismes.&nbsp;<\/p>\n\n<p><strong>Dur\u00e9e : 1h<\/strong><\/p>\n\n<ul class=\"wp-block-list\"><li><strong>Lundi 6 octobre 2025 - de 18h \u00e0 19h<\/strong><\/li><\/ul>\n\n<p><strong>Tranche d\u2019\u00e2ge :<\/strong> \u00e0 partir du lyc\u00e9e<\/p><\/div><\/div><div class=\"wp-block-media-text is-stacked-on-mobile\" style=\"grid-template-columns:27% auto\"><figure class=\"wp-block-media-text__media\"><img loading=\"lazy\" decoding=\"async\" width=\"1091\" height=\"1091\" src=\"https:\/\/fetedelascience.ucly.fr\/wp-content\/uploads\/sites\/31\/2025\/07\/le-vivant-et-la-musique.jpg\" alt=\"\" class=\"wp-image-2373 size-full\" srcset=\"https:\/\/fetedelascience.ucly.fr\/wp-content\/uploads\/sites\/31\/2025\/07\/le-vivant-et-la-musique.jpg 1091w, https:\/\/fetedelascience.ucly.fr\/wp-content\/uploads\/sites\/31\/2025\/07\/le-vivant-et-la-musique-150x150.jpg 150w, https:\/\/fetedelascience.ucly.fr\/wp-content\/uploads\/sites\/31\/2025\/07\/le-vivant-et-la-musique-140x140.jpg 140w, https:\/\/fetedelascience.ucly.fr\/wp-content\/uploads\/sites\/31\/2025\/07\/le-vivant-et-la-musique-520x520.jpg 520w, https:\/\/fetedelascience.ucly.fr\/wp-content\/uploads\/sites\/31\/2025\/07\/le-vivant-et-la-musique-640x640.jpg 640w, https:\/\/fetedelascience.ucly.fr\/wp-content\/uploads\/sites\/31\/2025\/07\/le-vivant-et-la-musique-494x494.jpg 494w, https:\/\/fetedelascience.ucly.fr\/wp-content\/uploads\/sites\/31\/2025\/07\/le-vivant-et-la-musique-100x100.jpg 100w\" sizes=\"auto, (max-width: 1091px) 100vw, 1091px\" \/><\/figure><div class=\"wp-block-media-text__content\"><h3 class=\"wp-block-heading\">LE VIVANT ET LA MUSIQUE: LES CELLULES ONT L'OREILLE MUSICALE<\/h3>\n\n<p><strong>Par Claire BRUN, Enseignant-Chercheur au D\u00e9partement de Formation Humaine<\/strong> <strong>de l'UCly<\/strong><\/p>\n\n<p><strong>La communication animale repose sur une grande vari\u00e9t\u00e9 de signaux sensoriels, chacun adapt\u00e9 \u00e0 des contextes et des besoins sp\u00e9cifiques.<\/strong><\/p>\n\n<p>Parmi eux, les signaux acoustiques occupent une place particuli\u00e8re : leur capacit\u00e9 \u00e0 se propager sur de longues distances et \u00e0 \u00eatre per\u00e7us m\u00eame dans l\u2019obscurit\u00e9 en fait des vecteurs particuli\u00e8rement efficaces de transmission d\u2019information. Ils permettent ainsi une interaction entre un \u00e9metteur et un r\u00e9cepteur, selon des conventions partag\u00e9es. C\u2019est dans ce cadre que certains oiseaux et mammif\u00e8res ont d\u00e9velopp\u00e9 des vocalisations complexes pour communiquer.<br>Si de nombreuses recherches se sont pench\u00e9es sur l\u2019effet des ondes sonores - notamment de la musique - sur les cellules auditives de l\u2019oreille interne, peu ont explor\u00e9 leur impact sur les cellules non auditives. Pourtant des r\u00e9sultats r\u00e9cents sugg\u00e8rent que la musique peut avoir des effets surprenants sur la physiologie cellulaire.<br>Cette conf\u00e9rence se propose de faire un point sur les diff\u00e9rentes recherches concernant les effets de la musique sur la biologie des cellules et donc des organismes.<\/p>\n\n<p><strong>Dur\u00e9e : 1h<\/strong><\/p>\n\n<ul class=\"wp-block-list\"><li><strong>Mardi 7 octobre 2025 - de 18h \u00e0 19h<\/strong><\/li><\/ul>\n\n<p><strong>Tranche d\u2019\u00e2ge :<\/strong> \u00e0 partir du lyc\u00e9e<\/p><\/div><\/div><div class=\"wp-block-media-text is-stacked-on-mobile\" style=\"grid-template-columns:27% auto\"><figure class=\"wp-block-media-text__media\"><img loading=\"lazy\" decoding=\"async\" width=\"1024\" height=\"1024\" src=\"https:\/\/fetedelascience.ucly.fr\/wp-content\/uploads\/sites\/31\/2025\/07\/intelligence-artificielle.png\" alt=\"\" class=\"wp-image-2376 size-full\" srcset=\"https:\/\/fetedelascience.ucly.fr\/wp-content\/uploads\/sites\/31\/2025\/07\/intelligence-artificielle.png 1024w, https:\/\/fetedelascience.ucly.fr\/wp-content\/uploads\/sites\/31\/2025\/07\/intelligence-artificielle-150x150.png 150w, https:\/\/fetedelascience.ucly.fr\/wp-content\/uploads\/sites\/31\/2025\/07\/intelligence-artificielle-140x140.png 140w, https:\/\/fetedelascience.ucly.fr\/wp-content\/uploads\/sites\/31\/2025\/07\/intelligence-artificielle-520x520.png 520w, https:\/\/fetedelascience.ucly.fr\/wp-content\/uploads\/sites\/31\/2025\/07\/intelligence-artificielle-640x640.png 640w, https:\/\/fetedelascience.ucly.fr\/wp-content\/uploads\/sites\/31\/2025\/07\/intelligence-artificielle-494x494.png 494w, https:\/\/fetedelascience.ucly.fr\/wp-content\/uploads\/sites\/31\/2025\/07\/intelligence-artificielle-100x100.png 100w\" sizes=\"auto, (max-width: 1024px) 100vw, 1024px\" \/><\/figure><div class=\"wp-block-media-text__content\"><h3 class=\"wp-block-heading\">ENSEIGNER ET APPRENDRE \u00c0 L'\u00c8RE DE L'INTELLIGENCE ARTIFICIELLE<\/h3>\n\n<p><strong>Par Audric MAZZIETTI, Directeur P\u00e9dagogique \u00e0 L'ESDES<\/strong><\/p>\n\n<p><strong>L\u2019intelligence artificielle a fait une entr\u00e9e fracassante dans nos salles de classe, et soul\u00e8ve \u00e9norm\u00e9ment de questions<\/strong>.<\/p>\n\n<p>Longtemps vue comme l\u2019outil pr\u00e9f\u00e9r\u00e9 des tricheurs 2.0, l\u2019IA est d\u00e9sormais en passe de devenir une pr\u00e9cieuse alli\u00e9e, aussi bien pour l\u2019apprentissage que pour l\u2019enseignement. Elle est moins une b\u00e9quille qu\u2019un v\u00e9ritable levier p\u00e9dagogique. Dans cette conf\u00e9rence, je vous propose de nous int\u00e9resser \u00e0 ce qu\u2019est v\u00e9ritablement l\u2019IA, \u00e0 ses usages actuels (et futurs) en classe, ainsi qu\u2019aux enjeux \u00e9thiques et psychologiques qu\u2019elle soul\u00e8ve \u2014 notamment sur l\u2019apprentissage et l\u2019esprit critique. Si l\u2019IA est bien une comp\u00e9tence-cl\u00e9 de demain, c\u2019est aujourd\u2019hui qu\u2019il faut apprendre \u00e0 la comprendre\u2026 et \u00e0 l\u2019enseigner !<\/p>\n\n<p><strong>Dur\u00e9e : 1h<\/strong><\/p>\n\n<ul class=\"wp-block-list\"><li><strong>Mercredi 8 octobre 2025 - de 18h \u00e0 19h<\/strong><\/li><\/ul>\n\n<p><strong>Tranche d\u2019\u00e2ge :<\/strong> \u00e0 partir du lyc\u00e9e<\/p><\/div><\/div><div class=\"wp-block-cross-content js-fade-scroll\">\n    <p class=\"wp-block-cross-content-title\"><\/p>\n            <div class=\"row wp-block-cross-content-row\">\n                                <div class=\"column small-12 medium-6 large-4 wp-block-cross-content-col\">\n                        <a class=\"wp-block-cross-content-top\" href=\"https:\/\/fetedelascience.ucly.fr\/en\/programme-grand-public-mercredi-8-octobre\/\" title=\"Programme Grand Public - Mercredi 8 octobre\">\n                            <span class=\"wp-block-cross-content-name\">Programme Grand Public - Mercredi 8 octobre<\/span>\n                            <span class=\"wp-block-cross-content-image\"><img loading=\"lazy\" decoding=\"async\" width=\"630\" height=\"570\" src=\"https:\/\/fetedelascience.ucly.fr\/wp-content\/uploads\/sites\/31\/2025\/07\/fds2024_69_vds-ucly_visee-a-19-630x570.jpg\" class=\" wp-post-image\" alt=\"\" \/><\/span>\n                            <span class=\"wp-block-cross-content-more\">\n                                <span class=\"icon-more\"><\/span>\n                            <\/span>\n                        <\/a>\n                        <div class=\"wp-block-cross-content-excerpt\"><\/div>\n                    <\/div>\n                                                <div class=\"column small-12 medium-6 large-4 wp-block-cross-content-col\">\n                        <a class=\"wp-block-cross-content-top\" href=\"https:\/\/fetedelascience.ucly.fr\/en\/programme-grand-public-samedi-4-octobre\/\" title=\"Programme Grand Public - Samedi 4 octobre\">\n                            <span class=\"wp-block-cross-content-name\">Programme Grand Public - Samedi 4 octobre<\/span>\n                            <span class=\"wp-block-cross-content-image\"><img loading=\"lazy\" decoding=\"async\" width=\"630\" height=\"570\" src=\"https:\/\/fetedelascience.ucly.fr\/wp-content\/uploads\/sites\/31\/2025\/07\/fds2024_69_vds-ucly_visee-a-3-1-630x570.jpg\" class=\" wp-post-image\" alt=\"\" \/><\/span>\n                            <span class=\"wp-block-cross-content-more\">\n                                <span class=\"icon-more\"><\/span>\n                            <\/span>\n                        <\/a>\n                        <div class=\"wp-block-cross-content-excerpt\"><\/div>\n                    <\/div>\n                                                <div class=\"column small-12 medium-6 large-4 wp-block-cross-content-col\">\n                        <a class=\"wp-block-cross-content-top\" href=\"https:\/\/fetedelascience.ucly.fr\/en\/inscription-grand-public\/\" title=\"Inscription Grand Public\">\n                            <span class=\"wp-block-cross-content-name\">Inscription Grand Public<\/span>\n                            <span class=\"wp-block-cross-content-image\"><img loading=\"lazy\" decoding=\"async\" width=\"630\" height=\"570\" src=\"https:\/\/fetedelascience.ucly.fr\/wp-content\/uploads\/sites\/31\/2025\/07\/fds2024_69_vds-ucly_visee-a-17-630x570.jpg\" class=\" wp-post-image\" alt=\"\" \/><\/span>\n                            <span class=\"wp-block-cross-content-more\">\n                                <span class=\"icon-more\"><\/span>\n                            <\/span>\n                        <\/a>\n                        <div class=\"wp-block-cross-content-excerpt\"><\/div>\n                    <\/div>\n                                    <\/div>\n    <\/div>","protected":false},"excerpt":{"rendered":"<p>Des conf\u00e9rences sont propos\u00e9es pour le Grand Public (\u00e0 partir du Lyc\u00e9e) dans le cadre de la F\u00eate de la Science 2025.Nous vous donnons [&hellip;]<\/p>\n","protected":false},"author":108,"featured_media":2456,"parent":0,"menu_order":0,"comment_status":"closed","ping_status":"closed","template":"","meta":{"_acf_changed":false,"footnotes":""},"class_list":["post-2428","page","type-page","status-publish","has-post-thumbnail","hentry"],"acf":[],"yoast_head":"<!-- This site is optimized with the Yoast SEO plugin v24.1 - https:\/\/yoast.com\/wordpress\/plugins\/seo\/ -->\n<title>Programme Grand Public - Conf\u00e9rences - F\u00eate de la Science<\/title>\n<meta name=\"robots\" content=\"index, follow, max-snippet:-1, max-image-preview:large, max-video-preview:-1\" \/>\n<link rel=\"canonical\" href=\"https:\/\/fetedelascience.ucly.fr\/en\/programme-grand-public-conferences\/\" \/>\n<meta property=\"og:locale\" content=\"en_US\" \/>\n<meta property=\"og:type\" content=\"article\" \/>\n<meta property=\"og:title\" content=\"Programme Grand Public - Conf\u00e9rences - F\u00eate de la Science\" \/>\n<meta property=\"og:description\" content=\"Des conf\u00e9rences sont propos\u00e9es pour le Grand Public (\u00e0 partir du Lyc\u00e9e) dans le cadre de la F\u00eate de la Science 2025.Nous vous donnons [&hellip;]\" \/>\n<meta property=\"og:url\" content=\"https:\/\/fetedelascience.ucly.fr\/en\/programme-grand-public-conferences\/\" \/>\n<meta property=\"og:site_name\" content=\"F\u00eate de la Science\" \/>\n<meta property=\"article:modified_time\" content=\"2025-09-05T07:57:06+00:00\" \/>\n<meta property=\"og:image\" content=\"https:\/\/fetedelascience.ucly.fr\/wp-content\/uploads\/sites\/31\/2025\/07\/conferences-gd-public-1920x576.jpg\" \/>\n\t<meta property=\"og:image:width\" content=\"2560\" \/>\n\t<meta property=\"og:image:height\" content=\"1880\" \/>\n\t<meta property=\"og:image:type\" content=\"image\/jpeg\" \/>\n<meta name=\"twitter:card\" content=\"summary_large_image\" \/>\n<meta name=\"twitter:label1\" content=\"Est. reading time\" \/>\n\t<meta name=\"twitter:data1\" content=\"4 minutes\" \/>\n<script type=\"application\/ld+json\" class=\"yoast-schema-graph\">{\"@context\":\"https:\/\/schema.org\",\"@graph\":[{\"@type\":\"WebPage\",\"@id\":\"https:\/\/fetedelascience.ucly.fr\/en\/programme-grand-public-conferences\/\",\"url\":\"https:\/\/fetedelascience.ucly.fr\/en\/programme-grand-public-conferences\/\",\"name\":\"Programme Grand Public - Conf\u00e9rences - F\u00eate de la Science\",\"isPartOf\":{\"@id\":\"https:\/\/fetedelascience.ucly.fr\/en\/#website\"},\"primaryImageOfPage\":{\"@id\":\"https:\/\/fetedelascience.ucly.fr\/en\/programme-grand-public-conferences\/#primaryimage\"},\"image\":{\"@id\":\"https:\/\/fetedelascience.ucly.fr\/en\/programme-grand-public-conferences\/#primaryimage\"},\"thumbnailUrl\":\"https:\/\/fetedelascience.ucly.fr\/wp-content\/uploads\/sites\/31\/2025\/07\/conferences-gd-public-1920x576.jpg\",\"datePublished\":\"2025-07-04T14:05:13+00:00\",\"dateModified\":\"2025-09-05T07:57:06+00:00\",\"breadcrumb\":{\"@id\":\"https:\/\/fetedelascience.ucly.fr\/en\/programme-grand-public-conferences\/#breadcrumb\"},\"inLanguage\":\"en-US\",\"potentialAction\":[{\"@type\":\"ReadAction\",\"target\":[\"https:\/\/fetedelascience.ucly.fr\/en\/programme-grand-public-conferences\/\"]}]},{\"@type\":\"ImageObject\",\"inLanguage\":\"en-US\",\"@id\":\"https:\/\/fetedelascience.ucly.fr\/en\/programme-grand-public-conferences\/#primaryimage\",\"url\":\"https:\/\/fetedelascience.ucly.fr\/wp-content\/uploads\/sites\/31\/2025\/07\/conferences-gd-public-1920x576.jpg\",\"contentUrl\":\"https:\/\/fetedelascience.ucly.fr\/wp-content\/uploads\/sites\/31\/2025\/07\/conferences-gd-public-1920x576.jpg\",\"width\":2560,\"height\":1880},{\"@type\":\"BreadcrumbList\",\"@id\":\"https:\/\/fetedelascience.ucly.fr\/en\/programme-grand-public-conferences\/#breadcrumb\",\"itemListElement\":[{\"@type\":\"ListItem\",\"position\":1,\"name\":\"Accueil\",\"item\":\"https:\/\/fetedelascience.ucly.fr\/en\/\"},{\"@type\":\"ListItem\",\"position\":2,\"name\":\"Programme Grand Public - Conf\u00e9rences\"}]},{\"@type\":\"WebSite\",\"@id\":\"https:\/\/fetedelascience.ucly.fr\/en\/#website\",\"url\":\"https:\/\/fetedelascience.ucly.fr\/en\/\",\"name\":\"F\u00eate de la Science\",\"description\":\"\",\"publisher\":{\"@id\":\"https:\/\/fetedelascience.ucly.fr\/en\/#organization\"},\"potentialAction\":[{\"@type\":\"SearchAction\",\"target\":{\"@type\":\"EntryPoint\",\"urlTemplate\":\"https:\/\/fetedelascience.ucly.fr\/en\/?s={search_term_string}\"},\"query-input\":{\"@type\":\"PropertyValueSpecification\",\"valueRequired\":true,\"valueName\":\"search_term_string\"}}],\"inLanguage\":\"en-US\"},{\"@type\":\"Organization\",\"@id\":\"https:\/\/fetedelascience.ucly.fr\/en\/#organization\",\"name\":\"F\u00eate de la Science\",\"url\":\"https:\/\/fetedelascience.ucly.fr\/en\/\",\"logo\":{\"@type\":\"ImageObject\",\"inLanguage\":\"en-US\",\"@id\":\"https:\/\/fetedelascience.ucly.fr\/en\/#\/schema\/logo\/image\/\",\"url\":\"https:\/\/fetedelascience.ucly.fr\/wp-content\/uploads\/sites\/31\/2024\/07\/cropped-logo-3-ecoles-en-tete-site-fds-2024.png\",\"contentUrl\":\"https:\/\/fetedelascience.ucly.fr\/wp-content\/uploads\/sites\/31\/2024\/07\/cropped-logo-3-ecoles-en-tete-site-fds-2024.png\",\"width\":749,\"height\":422,\"caption\":\"F\u00eate de la Science\"},\"image\":{\"@id\":\"https:\/\/fetedelascience.ucly.fr\/en\/#\/schema\/logo\/image\/\"}}]}<\/script>\n<!-- \/ Yoast SEO plugin. -->","yoast_head_json":{"title":"Programme Grand Public - Conf\u00e9rences - F\u00eate de la Science","robots":{"index":"index","follow":"follow","max-snippet":"max-snippet:-1","max-image-preview":"max-image-preview:large","max-video-preview":"max-video-preview:-1"},"canonical":"https:\/\/fetedelascience.ucly.fr\/en\/programme-grand-public-conferences\/","og_locale":"en_US","og_type":"article","og_title":"Programme Grand Public - Conf\u00e9rences - F\u00eate de la Science","og_description":"Des conf\u00e9rences sont propos\u00e9es pour le Grand Public (\u00e0 partir du Lyc\u00e9e) dans le cadre de la F\u00eate de la Science 2025.Nous vous donnons [&hellip;]","og_url":"https:\/\/fetedelascience.ucly.fr\/en\/programme-grand-public-conferences\/","og_site_name":"F\u00eate de la Science","article_modified_time":"2025-09-05T07:57:06+00:00","og_image":[{"width":2560,"height":1880,"url":"https:\/\/fetedelascience.ucly.fr\/wp-content\/uploads\/sites\/31\/2025\/07\/conferences-gd-public-1920x576.jpg","type":"image\/jpeg"}],"twitter_card":"summary_large_image","twitter_misc":{"Est. reading time":"4 minutes"},"schema":{"@context":"https:\/\/schema.org","@graph":[{"@type":"WebPage","@id":"https:\/\/fetedelascience.ucly.fr\/en\/programme-grand-public-conferences\/","url":"https:\/\/fetedelascience.ucly.fr\/en\/programme-grand-public-conferences\/","name":"Programme Grand Public - Conf\u00e9rences - F\u00eate de la Science","isPartOf":{"@id":"https:\/\/fetedelascience.ucly.fr\/en\/#website"},"primaryImageOfPage":{"@id":"https:\/\/fetedelascience.ucly.fr\/en\/programme-grand-public-conferences\/#primaryimage"},"image":{"@id":"https:\/\/fetedelascience.ucly.fr\/en\/programme-grand-public-conferences\/#primaryimage"},"thumbnailUrl":"https:\/\/fetedelascience.ucly.fr\/wp-content\/uploads\/sites\/31\/2025\/07\/conferences-gd-public-1920x576.jpg","datePublished":"2025-07-04T14:05:13+00:00","dateModified":"2025-09-05T07:57:06+00:00","breadcrumb":{"@id":"https:\/\/fetedelascience.ucly.fr\/en\/programme-grand-public-conferences\/#breadcrumb"},"inLanguage":"en-US","potentialAction":[{"@type":"ReadAction","target":["https:\/\/fetedelascience.ucly.fr\/en\/programme-grand-public-conferences\/"]}]},{"@type":"ImageObject","inLanguage":"en-US","@id":"https:\/\/fetedelascience.ucly.fr\/en\/programme-grand-public-conferences\/#primaryimage","url":"https:\/\/fetedelascience.ucly.fr\/wp-content\/uploads\/sites\/31\/2025\/07\/conferences-gd-public-1920x576.jpg","contentUrl":"https:\/\/fetedelascience.ucly.fr\/wp-content\/uploads\/sites\/31\/2025\/07\/conferences-gd-public-1920x576.jpg","width":2560,"height":1880},{"@type":"BreadcrumbList","@id":"https:\/\/fetedelascience.ucly.fr\/en\/programme-grand-public-conferences\/#breadcrumb","itemListElement":[{"@type":"ListItem","position":1,"name":"Accueil","item":"https:\/\/fetedelascience.ucly.fr\/en\/"},{"@type":"ListItem","position":2,"name":"Programme Grand Public - Conf\u00e9rences"}]},{"@type":"WebSite","@id":"https:\/\/fetedelascience.ucly.fr\/en\/#website","url":"https:\/\/fetedelascience.ucly.fr\/en\/","name":"F\u00eate de la Science","description":"","publisher":{"@id":"https:\/\/fetedelascience.ucly.fr\/en\/#organization"},"potentialAction":[{"@type":"SearchAction","target":{"@type":"EntryPoint","urlTemplate":"https:\/\/fetedelascience.ucly.fr\/en\/?s={search_term_string}"},"query-input":{"@type":"PropertyValueSpecification","valueRequired":true,"valueName":"search_term_string"}}],"inLanguage":"en-US"},{"@type":"Organization","@id":"https:\/\/fetedelascience.ucly.fr\/en\/#organization","name":"F\u00eate de la Science","url":"https:\/\/fetedelascience.ucly.fr\/en\/","logo":{"@type":"ImageObject","inLanguage":"en-US","@id":"https:\/\/fetedelascience.ucly.fr\/en\/#\/schema\/logo\/image\/","url":"https:\/\/fetedelascience.ucly.fr\/wp-content\/uploads\/sites\/31\/2024\/07\/cropped-logo-3-ecoles-en-tete-site-fds-2024.png","contentUrl":"https:\/\/fetedelascience.ucly.fr\/wp-content\/uploads\/sites\/31\/2024\/07\/cropped-logo-3-ecoles-en-tete-site-fds-2024.png","width":749,"height":422,"caption":"F\u00eate de la Science"},"image":{"@id":"https:\/\/fetedelascience.ucly.fr\/en\/#\/schema\/logo\/image\/"}}]}},"_links":{"self":[{"href":"https:\/\/fetedelascience.ucly.fr\/en\/wp-json\/wp\/v2\/pages\/2428","targetHints":{"allow":["GET"]}}],"collection":[{"href":"https:\/\/fetedelascience.ucly.fr\/en\/wp-json\/wp\/v2\/pages"}],"about":[{"href":"https:\/\/fetedelascience.ucly.fr\/en\/wp-json\/wp\/v2\/types\/page"}],"author":[{"embeddable":true,"href":"https:\/\/fetedelascience.ucly.fr\/en\/wp-json\/wp\/v2\/users\/108"}],"replies":[{"embeddable":true,"href":"https:\/\/fetedelascience.ucly.fr\/en\/wp-json\/wp\/v2\/comments?post=2428"}],"version-history":[{"count":3,"href":"https:\/\/fetedelascience.ucly.fr\/en\/wp-json\/wp\/v2\/pages\/2428\/revisions"}],"predecessor-version":[{"id":2558,"href":"https:\/\/fetedelascience.ucly.fr\/en\/wp-json\/wp\/v2\/pages\/2428\/revisions\/2558"}],"wp:featuredmedia":[{"embeddable":true,"href":"https:\/\/fetedelascience.ucly.fr\/en\/wp-json\/wp\/v2\/media\/2456"}],"wp:attachment":[{"href":"https:\/\/fetedelascience.ucly.fr\/en\/wp-json\/wp\/v2\/media?parent=2428"}],"curies":[{"name":"wp","href":"https:\/\/api.w.org\/{rel}","templated":true}]}}