{"id":329,"date":"2020-03-16T09:45:50","date_gmt":"2020-03-16T08:45:50","guid":{"rendered":"http:\/\/fetedelascience.ucly.fr\/accueil\/"},"modified":"2025-07-01T12:00:36","modified_gmt":"2025-07-01T10:00:36","slug":"accueil","status":"publish","type":"page","link":"https:\/\/fetedelascience.ucly.fr\/en\/","title":{"rendered":"Accueil"},"content":{"rendered":"<div class=\"wp-block-promote\">\n\n  <div class=\"row medium-collapse wp-block-promote-row js-fade-scroll\">\n\n    <div class=\"column small-12 large-6\">\n      <p class=\"wp-block-promote-title\">LE VILLAGE DES SCIENCES\n<\/p>\n      <div class=\"wp-block-promote-image\">\n        <img loading=\"lazy\" decoding=\"async\" width=\"605\" height=\"435\" src=\"https:\/\/fetedelascience.ucly.fr\/wp-content\/uploads\/sites\/31\/2020\/03\/affiche-fete-village-des-sciences-605x435.jpg\" class=\"attachment-promote size-promote\" alt=\"header- F\u00eates de sciences affiche campus\" \/>      <\/div>\n    <\/div>\n\n    <div class=\"column small-12 large-6 wp-block-promote-text\">\n      <div class=\"wp-block-promote-intro\"><p><\/p>\n<p>Cette ann\u00e9e, lors de la F\u00eate de la Science, nous vous proposons d&#8217;assister \u00e0 des ateliers et des conf\u00e9rences.<\/p>\n<\/div>\n\n      <a href=\"https:\/\/fetedelascience.ucly.fr\/en\/programme\/\" title=\"Programme des conf\u00e9rences et inscription \" class=\"button light wp-block-promote-link\">Programme des conf\u00e9rences et inscription <\/a>\n    <\/div>\n\n  <\/div>\n\n<\/div><div class=\"wp-block-key-figures\">\n  <div class=\"row medium-collapse wp-block-key-figures-row\">\n    <h2 class=\"column small-12 wp-block-key-figures-title js-fade-scroll\">\n      <span class=\"block-suptitle\">Depuis 2015<\/span><br>\n      <span class=\"block-title\">La F\u00eate de la Science \u00e0 l&#8217;UCLy, c&#8217;est :\n<\/span>\n    <\/h2>\n\n    <div class=\"column small-12 large-5 wp-block-key-figures-col-left\">\n\n      <div class=\"key-figures js-fade-scroll\">\n                <p class=\"key-figures-number\">1500<\/p>\n        <p class=\"key-figures-caption\">visiteurs<\/p>\n      <\/div>\n\n      <div class=\"key-figures js-fade-scroll\">\n                <p class=\"key-figures-number\">200<\/p>\n        <p class=\"key-figures-caption\">\u00e9tudiants de trois \u00e9coles au service des visiteurs<\/p>\n      <\/div>\n\n      <div class=\"wp-block-key-figures-infos js-fade-scroll\">\n\n        <div class=\"wp-block-key-figures-intro\"><p>Assistez \u00e0 des conf\u00e9rences, participez \u00e0 des ateliers<\/p>\n<\/div>\n        <a href=\"https:\/\/fetedelascience.ucly.fr\/en\/inscription-groupe-scolaire\/\" title=\"Inscrire un groupe\" class=\"button dark\">Inscrire un groupe<\/a>\n\n      <\/div>\n\n    <\/div>\n\n    <div class=\"column small-12 large-7 wp-block-key-figures-col-right js-fade-scroll\">\n      <div class=\"row\">\n        <div class=\"small-12 wp-block-key-figures-media video\">\n\n          <a class=\"wp-block-key-figures-media-link\" data-open=\"keyfigures-video\">\n            <img loading=\"lazy\" decoding=\"async\" width=\"810\" height=\"560\" src=\"https:\/\/fetedelascience.ucly.fr\/wp-content\/uploads\/sites\/31\/2021\/10\/template-sante-810x560.jpg\" class=\"attachment-text_image size-text_image\" alt=\"\" \/>            <span class=\"wp-block-key-figures-media-title\">La F\u00eate de la Science 2022 \u00e0 l'UCLy<\/span>\n          <\/a>\n\n          \n            \n            <div class=\"reveal reveal-video no-padding large\" id=\"keyfigures-video\" data-reveal data-animation-in=\"fade-in\" data-animation-out=\"fade-out\">\n              <div class=\"reveal-video-content\">\n                <button class=\"reveal-video-close\" data-close aria-label=\"Close modal\" type=\"button\">\n                  <span class=\"icon-remove reveal-video-close-icon\"><\/span>\n                  <span class=\"reveal-video-close-text\">Fermer<\/span>\n                <\/button>\n\n                <div class=\"plyr__video-embed js-player\" id=\"player\">\n                  <iframe src=\"https:\/\/www.youtube.com\/embed\/L7FmfkXphlQ?origin=https:\/\/plyr.io&amp;iv_load_policy=3&amp;modestbranding=1&amp;playsinline=1&amp;showinfo=0&amp;rel=0&amp;enablejsapi=1\" allowfullscreen allowtransparency allow=\"autoplay\" ratio=\"4:3\"><\/iframe>\n                <\/div>\n              <\/div>\n            <\/div>\n\n          \n        <\/div>\n\n        <div class=\"small-12 wp-block-key-figures-col-right-number\">\n\n          <div class=\"key-figures js-fade-scroll\">\n                        <p class=\"key-figures-number\">30<\/p>\n            <p class=\"key-figures-caption\">enseignants et enseignants-chercheurs mobilis\u00e9s<\/p>\n          <\/div>\n\n          <div class=\"key-figures js-fade-scroll\">\n                        <p class=\"key-figures-number\">Du 4 au 8<\/p>\n            <p class=\"key-figures-caption\">octobre 2025<\/p>\n          <\/div>\n\n        <\/div>\n      <\/div>\n    <\/div>\n  <\/div>\n<\/div><div class=\"wp-block-promote-event\">\n  \n\n<\/div>","protected":false},"excerpt":{"rendered":"","protected":false},"author":2,"featured_media":0,"parent":0,"menu_order":0,"comment_status":"closed","ping_status":"closed","template":"","meta":{"_acf_changed":false,"footnotes":""},"class_list":["post-329","page","type-page","status-publish","hentry"],"acf":[],"yoast_head":"<!-- This site is optimized with the Yoast SEO plugin v24.1 - https:\/\/yoast.com\/wordpress\/plugins\/seo\/ -->\n<title>Accueil - F\u00eate de la Science<\/title>\n<meta name=\"description\" content=\"UCLy est \u00ab Village des Sciences \u00bb : 200 \u00e9tudiants &amp; 30 enseignants chercheurs du p\u00f4le Science sont mobilis\u00e9s pour accueillir les visiteurs.\" \/>\n<meta name=\"robots\" content=\"index, follow, max-snippet:-1, max-image-preview:large, max-video-preview:-1\" \/>\n<link rel=\"canonical\" href=\"https:\/\/fetedelascience.ucly.fr\/en\/\" \/>\n<meta property=\"og:locale\" content=\"en_US\" \/>\n<meta property=\"og:type\" content=\"article\" \/>\n<meta property=\"og:title\" content=\"Accueil - F\u00eate de la Science\" \/>\n<meta property=\"og:description\" content=\"UCLy est \u00ab Village des Sciences \u00bb : 200 \u00e9tudiants &amp; 30 enseignants chercheurs du p\u00f4le Science sont mobilis\u00e9s pour accueillir les visiteurs.\" \/>\n<meta property=\"og:url\" content=\"https:\/\/fetedelascience.ucly.fr\/en\/\" \/>\n<meta property=\"og:site_name\" content=\"F\u00eate de la Science\" \/>\n<meta property=\"article:modified_time\" content=\"2025-07-01T10:00:36+00:00\" \/>\n<meta name=\"twitter:card\" content=\"summary_large_image\" \/>\n<script type=\"application\/ld+json\" class=\"yoast-schema-graph\">{\"@context\":\"https:\/\/schema.org\",\"@graph\":[{\"@type\":\"WebPage\",\"@id\":\"https:\/\/fetedelascience.ucly.fr\/en\/\",\"url\":\"https:\/\/fetedelascience.ucly.fr\/en\/\",\"name\":\"Accueil - F\u00eate de la Science\",\"isPartOf\":{\"@id\":\"https:\/\/fetedelascience.ucly.fr\/en\/#website\"},\"datePublished\":\"2020-03-16T08:45:50+00:00\",\"dateModified\":\"2025-07-01T10:00:36+00:00\",\"description\":\"UCLy est \u00ab Village des Sciences \u00bb : 200 \u00e9tudiants & 30 enseignants chercheurs du p\u00f4le Science sont mobilis\u00e9s pour accueillir les visiteurs.\",\"breadcrumb\":{\"@id\":\"https:\/\/fetedelascience.ucly.fr\/en\/#breadcrumb\"},\"inLanguage\":\"en-US\",\"potentialAction\":[{\"@type\":\"ReadAction\",\"target\":[\"https:\/\/fetedelascience.ucly.fr\/en\/\"]}]},{\"@type\":\"BreadcrumbList\",\"@id\":\"https:\/\/fetedelascience.ucly.fr\/en\/#breadcrumb\",\"itemListElement\":[{\"@type\":\"ListItem\",\"position\":1,\"name\":\"Accueil\",\"item\":\"https:\/\/fetedelascience.ucly.fr\/en\/\"},{\"@type\":\"ListItem\",\"position\":2,\"name\":\"Accueil\"}]},{\"@type\":\"WebSite\",\"@id\":\"https:\/\/fetedelascience.ucly.fr\/en\/#website\",\"url\":\"https:\/\/fetedelascience.ucly.fr\/en\/\",\"name\":\"F\u00eate de la Science\",\"description\":\"\",\"publisher\":{\"@id\":\"https:\/\/fetedelascience.ucly.fr\/en\/#organization\"},\"potentialAction\":[{\"@type\":\"SearchAction\",\"target\":{\"@type\":\"EntryPoint\",\"urlTemplate\":\"https:\/\/fetedelascience.ucly.fr\/en\/?s={search_term_string}\"},\"query-input\":{\"@type\":\"PropertyValueSpecification\",\"valueRequired\":true,\"valueName\":\"search_term_string\"}}],\"inLanguage\":\"en-US\"},{\"@type\":\"Organization\",\"@id\":\"https:\/\/fetedelascience.ucly.fr\/en\/#organization\",\"name\":\"F\u00eate de la Science\",\"url\":\"https:\/\/fetedelascience.ucly.fr\/en\/\",\"logo\":{\"@type\":\"ImageObject\",\"inLanguage\":\"en-US\",\"@id\":\"https:\/\/fetedelascience.ucly.fr\/en\/#\/schema\/logo\/image\/\",\"url\":\"https:\/\/fetedelascience.ucly.fr\/wp-content\/uploads\/sites\/31\/2024\/07\/cropped-logo-3-ecoles-en-tete-site-fds-2024.png\",\"contentUrl\":\"https:\/\/fetedelascience.ucly.fr\/wp-content\/uploads\/sites\/31\/2024\/07\/cropped-logo-3-ecoles-en-tete-site-fds-2024.png\",\"width\":749,\"height\":422,\"caption\":\"F\u00eate de la Science\"},\"image\":{\"@id\":\"https:\/\/fetedelascience.ucly.fr\/en\/#\/schema\/logo\/image\/\"}}]}<\/script>\n<!-- \/ Yoast SEO plugin. -->","yoast_head_json":{"title":"Accueil - F\u00eate de la Science","description":"UCLy est \u00ab Village des Sciences \u00bb : 200 \u00e9tudiants & 30 enseignants chercheurs du p\u00f4le Science sont mobilis\u00e9s pour accueillir les visiteurs.","robots":{"index":"index","follow":"follow","max-snippet":"max-snippet:-1","max-image-preview":"max-image-preview:large","max-video-preview":"max-video-preview:-1"},"canonical":"https:\/\/fetedelascience.ucly.fr\/en\/","og_locale":"en_US","og_type":"article","og_title":"Accueil - F\u00eate de la Science","og_description":"UCLy est \u00ab Village des Sciences \u00bb : 200 \u00e9tudiants & 30 enseignants chercheurs du p\u00f4le Science sont mobilis\u00e9s pour accueillir les visiteurs.","og_url":"https:\/\/fetedelascience.ucly.fr\/en\/","og_site_name":"F\u00eate de la Science","article_modified_time":"2025-07-01T10:00:36+00:00","twitter_card":"summary_large_image","schema":{"@context":"https:\/\/schema.org","@graph":[{"@type":"WebPage","@id":"https:\/\/fetedelascience.ucly.fr\/en\/","url":"https:\/\/fetedelascience.ucly.fr\/en\/","name":"Accueil - F\u00eate de la Science","isPartOf":{"@id":"https:\/\/fetedelascience.ucly.fr\/en\/#website"},"datePublished":"2020-03-16T08:45:50+00:00","dateModified":"2025-07-01T10:00:36+00:00","description":"UCLy est \u00ab Village des Sciences \u00bb : 200 \u00e9tudiants & 30 enseignants chercheurs du p\u00f4le Science sont mobilis\u00e9s pour accueillir les visiteurs.","breadcrumb":{"@id":"https:\/\/fetedelascience.ucly.fr\/en\/#breadcrumb"},"inLanguage":"en-US","potentialAction":[{"@type":"ReadAction","target":["https:\/\/fetedelascience.ucly.fr\/en\/"]}]},{"@type":"BreadcrumbList","@id":"https:\/\/fetedelascience.ucly.fr\/en\/#breadcrumb","itemListElement":[{"@type":"ListItem","position":1,"name":"Accueil","item":"https:\/\/fetedelascience.ucly.fr\/en\/"},{"@type":"ListItem","position":2,"name":"Accueil"}]},{"@type":"WebSite","@id":"https:\/\/fetedelascience.ucly.fr\/en\/#website","url":"https:\/\/fetedelascience.ucly.fr\/en\/","name":"F\u00eate de la Science","description":"","publisher":{"@id":"https:\/\/fetedelascience.ucly.fr\/en\/#organization"},"potentialAction":[{"@type":"SearchAction","target":{"@type":"EntryPoint","urlTemplate":"https:\/\/fetedelascience.ucly.fr\/en\/?s={search_term_string}"},"query-input":{"@type":"PropertyValueSpecification","valueRequired":true,"valueName":"search_term_string"}}],"inLanguage":"en-US"},{"@type":"Organization","@id":"https:\/\/fetedelascience.ucly.fr\/en\/#organization","name":"F\u00eate de la Science","url":"https:\/\/fetedelascience.ucly.fr\/en\/","logo":{"@type":"ImageObject","inLanguage":"en-US","@id":"https:\/\/fetedelascience.ucly.fr\/en\/#\/schema\/logo\/image\/","url":"https:\/\/fetedelascience.ucly.fr\/wp-content\/uploads\/sites\/31\/2024\/07\/cropped-logo-3-ecoles-en-tete-site-fds-2024.png","contentUrl":"https:\/\/fetedelascience.ucly.fr\/wp-content\/uploads\/sites\/31\/2024\/07\/cropped-logo-3-ecoles-en-tete-site-fds-2024.png","width":749,"height":422,"caption":"F\u00eate de la Science"},"image":{"@id":"https:\/\/fetedelascience.ucly.fr\/en\/#\/schema\/logo\/image\/"}}]}},"_links":{"self":[{"href":"https:\/\/fetedelascience.ucly.fr\/en\/wp-json\/wp\/v2\/pages\/329","targetHints":{"allow":["GET"]}}],"collection":[{"href":"https:\/\/fetedelascience.ucly.fr\/en\/wp-json\/wp\/v2\/pages"}],"about":[{"href":"https:\/\/fetedelascience.ucly.fr\/en\/wp-json\/wp\/v2\/types\/page"}],"author":[{"embeddable":true,"href":"https:\/\/fetedelascience.ucly.fr\/en\/wp-json\/wp\/v2\/users\/2"}],"replies":[{"embeddable":true,"href":"https:\/\/fetedelascience.ucly.fr\/en\/wp-json\/wp\/v2\/comments?post=329"}],"version-history":[{"count":2,"href":"https:\/\/fetedelascience.ucly.fr\/en\/wp-json\/wp\/v2\/pages\/329\/revisions"}],"predecessor-version":[{"id":2356,"href":"https:\/\/fetedelascience.ucly.fr\/en\/wp-json\/wp\/v2\/pages\/329\/revisions\/2356"}],"wp:attachment":[{"href":"https:\/\/fetedelascience.ucly.fr\/en\/wp-json\/wp\/v2\/media?parent=329"}],"curies":[{"name":"wp","href":"https:\/\/api.w.org\/{rel}","templated":true}]}}