{"id":352,"date":"2020-03-17T13:53:48","date_gmt":"2020-03-17T12:53:48","guid":{"rendered":"https:\/\/fetedelascience.test2.ucly.fr\/?page_id=352"},"modified":"2025-07-08T12:14:53","modified_gmt":"2025-07-08T10:14:53","slug":"village-sciences","status":"publish","type":"page","link":"https:\/\/fetedelascience.ucly.fr\/en\/village-sciences\/","title":{"rendered":"Village des Sciences"},"content":{"rendered":"<p>La premi\u00e8re \u00e9dition du \"Village des Sciences Confluence\" a eu lieu en 2017.<br>Le village regroupe des acteurs des sciences du quartier Confluence et anime des ateliers et conf\u00e9rences \u00e0 destination des scolaires et du grand public pour vulgariser la science sur diff\u00e9rentes th\u00e9matiques.<\/p><p><\/p><h2 class=\"wp-block-heading\">Partenaires 2025<\/h2><ul class=\"wp-block-list\"><li>Agence nationale de s\u00e9curit\u00e9 sanitaire de l \u2019alimentation, de l\u2019environnement et du travail (ANSES) <\/li><\/ul><p> <img loading=\"lazy\" decoding=\"async\" width=\"100\" height=\"85\" class=\"wp-image-1720\" style=\"width: 100px;\" src=\"https:\/\/fetedelascience.ucly.fr\/wp-content\/uploads\/sites\/31\/2022\/09\/anses.png\" alt=\"\" srcset=\"https:\/\/fetedelascience.ucly.fr\/wp-content\/uploads\/sites\/31\/2022\/09\/anses.png 243w, https:\/\/fetedelascience.ucly.fr\/wp-content\/uploads\/sites\/31\/2022\/09\/anses-164x140.png 164w\" sizes=\"auto, (max-width: 100px) 100vw, 100px\" \/><\/p><ul class=\"wp-block-list\"><li>Mus\u00e9e des sciences biologiques du Docteur M\u00e9rieux<\/li><\/ul><p> <img loading=\"lazy\" decoding=\"async\" width=\"150\" height=\"69\" class=\"wp-image-2151\" style=\"width: 150px;\" src=\"https:\/\/fetedelascience.ucly.fr\/wp-content\/uploads\/sites\/31\/2024\/06\/nouveau-logo-musee-dr-merieux.png\" alt=\"Nouveau logo Mus\u00e9e dr m\u00e9rieux\" srcset=\"https:\/\/fetedelascience.ucly.fr\/wp-content\/uploads\/sites\/31\/2024\/06\/nouveau-logo-musee-dr-merieux.png 566w, https:\/\/fetedelascience.ucly.fr\/wp-content\/uploads\/sites\/31\/2024\/06\/nouveau-logo-musee-dr-merieux-305x140.png 305w, https:\/\/fetedelascience.ucly.fr\/wp-content\/uploads\/sites\/31\/2024\/06\/nouveau-logo-musee-dr-merieux-520x239.png 520w, https:\/\/fetedelascience.ucly.fr\/wp-content\/uploads\/sites\/31\/2024\/06\/nouveau-logo-musee-dr-merieux-494x227.png 494w\" sizes=\"auto, (max-width: 150px) 100vw, 150px\" \/><\/p><ul class=\"wp-block-list\"><li>Institut des Nanotechnologies de Lyon (INL)<\/li><\/ul><p> <img loading=\"lazy\" decoding=\"async\" width=\"150\" height=\"57\" class=\"wp-image-2155\" style=\"width: 150px;\" src=\"https:\/\/fetedelascience.ucly.fr\/wp-content\/uploads\/sites\/31\/2024\/06\/nouveau-logo-inl.png\" alt=\"Nouveau logo INL\" srcset=\"https:\/\/fetedelascience.ucly.fr\/wp-content\/uploads\/sites\/31\/2024\/06\/nouveau-logo-inl.png 2480w, https:\/\/fetedelascience.ucly.fr\/wp-content\/uploads\/sites\/31\/2024\/06\/nouveau-logo-inl-1536x585.png 1536w, https:\/\/fetedelascience.ucly.fr\/wp-content\/uploads\/sites\/31\/2024\/06\/nouveau-logo-inl-2048x780.png 2048w, https:\/\/fetedelascience.ucly.fr\/wp-content\/uploads\/sites\/31\/2024\/06\/nouveau-logo-inl-367x140.png 367w, https:\/\/fetedelascience.ucly.fr\/wp-content\/uploads\/sites\/31\/2024\/06\/nouveau-logo-inl-520x198.png 520w, https:\/\/fetedelascience.ucly.fr\/wp-content\/uploads\/sites\/31\/2024\/06\/nouveau-logo-inl-494x188.png 494w\" sizes=\"auto, (max-width: 150px) 100vw, 150px\" \/><\/p><p><\/p><ul class=\"wp-block-list\"><li>Universit\u00e9 Catholique de Lyon (UCLy)<\/li><\/ul><p><img loading=\"lazy\" decoding=\"async\" width=\"110\" height=\"78\" class=\"wp-image-1742\" style=\"width: 110px;\" src=\"https:\/\/fetedelascience.ucly.fr\/wp-content\/uploads\/sites\/31\/2022\/09\/logo_ucly_couleur_rvb.png\" alt=\"\" srcset=\"https:\/\/fetedelascience.ucly.fr\/wp-content\/uploads\/sites\/31\/2022\/09\/logo_ucly_couleur_rvb.png 394w, https:\/\/fetedelascience.ucly.fr\/wp-content\/uploads\/sites\/31\/2022\/09\/logo_ucly_couleur_rvb-198x140.png 198w\" sizes=\"auto, (max-width: 110px) 100vw, 110px\" \/><\/p><p><\/p><div class=\"wp-block-button js-fade-scroll\">\n\n    <a href=\"https:\/\/fetedelascience.ucly.fr\/programme\/\" target=\"_blank\" title=\"Voir le programme complet\" class=\"button primary\">Voir le programme complet<\/a>\n\n  <\/div><p><\/p><div class=\"wp-block-cross-content js-fade-scroll\">\n    <p class=\"wp-block-cross-content-title\">D\u00e9couvrez aussi<\/p>\n            <div class=\"row wp-block-cross-content-row\">\n                                <div class=\"column small-12 medium-6 large-4 wp-block-cross-content-col\">\n                        <a class=\"wp-block-cross-content-top\" href=\"https:\/\/fetedelascience.ucly.fr\/en\/programme\/\" title=\"Programme\">\n                            <span class=\"wp-block-cross-content-name\">Programme<\/span>\n                            <span class=\"wp-block-cross-content-image\"><img loading=\"lazy\" decoding=\"async\" width=\"630\" height=\"570\" src=\"https:\/\/fetedelascience.ucly.fr\/wp-content\/uploads\/sites\/31\/2021\/06\/header-page-programme-1-630x570.jpg\" class=\" wp-post-image\" alt=\"\" \/><\/span>\n                            <span class=\"wp-block-cross-content-more\">\n                                <span class=\"icon-more\"><\/span>\n                            <\/span>\n                        <\/a>\n                        <div class=\"wp-block-cross-content-excerpt\"><\/div>\n                    <\/div>\n                                                <div class=\"column small-12 medium-6 large-4 wp-block-cross-content-col\">\n                        <a class=\"wp-block-cross-content-top\" href=\"https:\/\/fetedelascience.ucly.fr\/en\/informations-pratiques\/\" title=\"Informations pratiques\">\n                            <span class=\"wp-block-cross-content-name\">Informations pratiques<\/span>\n                            <span class=\"wp-block-cross-content-image\"><img loading=\"lazy\" decoding=\"async\" width=\"630\" height=\"570\" src=\"https:\/\/fetedelascience.ucly.fr\/wp-content\/uploads\/sites\/31\/2020\/03\/header-enfants-fete-science-petri-630x570.jpg\" class=\" wp-post-image\" alt=\"header-enfants-fete-science-petri\" \/><\/span>\n                            <span class=\"wp-block-cross-content-more\">\n                                <span class=\"icon-more\"><\/span>\n                            <\/span>\n                        <\/a>\n                        <div class=\"wp-block-cross-content-excerpt\"><\/div>\n                    <\/div>\n                                                <div class=\"column small-12 medium-6 large-4 wp-block-cross-content-col\">\n                        <a class=\"wp-block-cross-content-top\" href=\"https:\/\/fetedelascience.ucly.fr\/en\/editions-precedentes\/\" title=\"\u00c9ditions pr\u00e9c\u00e9dentes\">\n                            <span class=\"wp-block-cross-content-name\">\u00c9ditions pr\u00e9c\u00e9dentes<\/span>\n                            <span class=\"wp-block-cross-content-image\"><img loading=\"lazy\" decoding=\"async\" width=\"630\" height=\"570\" src=\"https:\/\/fetedelascience.ucly.fr\/wp-content\/uploads\/sites\/31\/2020\/03\/header-fete-science-microscope-630x570.jpg\" class=\" wp-post-image\" alt=\"header-fete-science-microscope\" \/><\/span>\n                            <span class=\"wp-block-cross-content-more\">\n                                <span class=\"icon-more\"><\/span>\n                            <\/span>\n                        <\/a>\n                        <div class=\"wp-block-cross-content-excerpt\"><\/div>\n                    <\/div>\n                                    <\/div>\n    <\/div>","protected":false},"excerpt":{"rendered":"<p>La premi\u00e8re \u00e9dition du &#8220;Village des Sciences Confluence&#8221; a eu lieu en 2017.Le village regroupe des acteurs des sciences du quartier Confluence et anime [&hellip;]<\/p>\n","protected":false},"author":22,"featured_media":356,"parent":0,"menu_order":0,"comment_status":"closed","ping_status":"closed","template":"","meta":{"_acf_changed":false,"footnotes":""},"class_list":["post-352","page","type-page","status-publish","has-post-thumbnail","hentry"],"acf":[],"yoast_head":"<!-- This site is optimized with the Yoast SEO plugin v24.1 - https:\/\/yoast.com\/wordpress\/plugins\/seo\/ -->\n<title>Village des Sciences - F\u00eate de la Science<\/title>\n<meta name=\"description\" content=\"Le village regroupe des acteurs des sciences du quartier et anime des ateliers et conf\u00e9rences pour vulgariser la science sur diff\u00e9rentes th\u00e9matiques.\" \/>\n<meta name=\"robots\" content=\"index, follow, max-snippet:-1, max-image-preview:large, max-video-preview:-1\" \/>\n<link rel=\"canonical\" href=\"https:\/\/fetedelascience.ucly.fr\/en\/village-sciences\/\" \/>\n<meta property=\"og:locale\" content=\"en_US\" \/>\n<meta property=\"og:type\" content=\"article\" \/>\n<meta property=\"og:title\" content=\"Village des Sciences - F\u00eate de la Science\" \/>\n<meta property=\"og:description\" content=\"Le village regroupe des acteurs des sciences du quartier et anime des ateliers et conf\u00e9rences pour vulgariser la science sur diff\u00e9rentes th\u00e9matiques.\" \/>\n<meta property=\"og:url\" content=\"https:\/\/fetedelascience.ucly.fr\/en\/village-sciences\/\" \/>\n<meta property=\"og:site_name\" content=\"F\u00eate de la Science\" \/>\n<meta property=\"article:modified_time\" content=\"2025-07-08T10:14:53+00:00\" \/>\n<meta property=\"og:image\" content=\"https:\/\/fetedelascience.ucly.fr\/wp-content\/uploads\/sites\/31\/2020\/03\/header-enfant-fete-science-concentres.jpg\" \/>\n\t<meta property=\"og:image:width\" content=\"1920\" \/>\n\t<meta property=\"og:image:height\" content=\"575\" \/>\n\t<meta property=\"og:image:type\" content=\"image\/jpeg\" \/>\n<meta name=\"twitter:card\" content=\"summary_large_image\" \/>\n<meta name=\"twitter:label1\" content=\"Est. reading time\" \/>\n\t<meta name=\"twitter:data1\" content=\"2 minutes\" \/>\n<script type=\"application\/ld+json\" class=\"yoast-schema-graph\">{\"@context\":\"https:\/\/schema.org\",\"@graph\":[{\"@type\":\"WebPage\",\"@id\":\"https:\/\/fetedelascience.ucly.fr\/en\/village-sciences\/\",\"url\":\"https:\/\/fetedelascience.ucly.fr\/en\/village-sciences\/\",\"name\":\"Village des Sciences - F\u00eate de la Science\",\"isPartOf\":{\"@id\":\"https:\/\/fetedelascience.ucly.fr\/en\/#website\"},\"primaryImageOfPage\":{\"@id\":\"https:\/\/fetedelascience.ucly.fr\/en\/village-sciences\/#primaryimage\"},\"image\":{\"@id\":\"https:\/\/fetedelascience.ucly.fr\/en\/village-sciences\/#primaryimage\"},\"thumbnailUrl\":\"https:\/\/fetedelascience.ucly.fr\/wp-content\/uploads\/sites\/31\/2020\/03\/header-enfant-fete-science-concentres.jpg\",\"datePublished\":\"2020-03-17T12:53:48+00:00\",\"dateModified\":\"2025-07-08T10:14:53+00:00\",\"description\":\"Le village regroupe des acteurs des sciences du quartier et anime des ateliers et conf\u00e9rences pour vulgariser la science sur diff\u00e9rentes th\u00e9matiques.\",\"breadcrumb\":{\"@id\":\"https:\/\/fetedelascience.ucly.fr\/en\/village-sciences\/#breadcrumb\"},\"inLanguage\":\"en-US\",\"potentialAction\":[{\"@type\":\"ReadAction\",\"target\":[\"https:\/\/fetedelascience.ucly.fr\/en\/village-sciences\/\"]}]},{\"@type\":\"ImageObject\",\"inLanguage\":\"en-US\",\"@id\":\"https:\/\/fetedelascience.ucly.fr\/en\/village-sciences\/#primaryimage\",\"url\":\"https:\/\/fetedelascience.ucly.fr\/wp-content\/uploads\/sites\/31\/2020\/03\/header-enfant-fete-science-concentres.jpg\",\"contentUrl\":\"https:\/\/fetedelascience.ucly.fr\/wp-content\/uploads\/sites\/31\/2020\/03\/header-enfant-fete-science-concentres.jpg\",\"width\":1920,\"height\":575,\"caption\":\"header-enfant-fete-science-concentres\"},{\"@type\":\"BreadcrumbList\",\"@id\":\"https:\/\/fetedelascience.ucly.fr\/en\/village-sciences\/#breadcrumb\",\"itemListElement\":[{\"@type\":\"ListItem\",\"position\":1,\"name\":\"Accueil\",\"item\":\"https:\/\/fetedelascience.ucly.fr\/en\/\"},{\"@type\":\"ListItem\",\"position\":2,\"name\":\"Village des Sciences\"}]},{\"@type\":\"WebSite\",\"@id\":\"https:\/\/fetedelascience.ucly.fr\/en\/#website\",\"url\":\"https:\/\/fetedelascience.ucly.fr\/en\/\",\"name\":\"F\u00eate de la Science\",\"description\":\"\",\"publisher\":{\"@id\":\"https:\/\/fetedelascience.ucly.fr\/en\/#organization\"},\"potentialAction\":[{\"@type\":\"SearchAction\",\"target\":{\"@type\":\"EntryPoint\",\"urlTemplate\":\"https:\/\/fetedelascience.ucly.fr\/en\/?s={search_term_string}\"},\"query-input\":{\"@type\":\"PropertyValueSpecification\",\"valueRequired\":true,\"valueName\":\"search_term_string\"}}],\"inLanguage\":\"en-US\"},{\"@type\":\"Organization\",\"@id\":\"https:\/\/fetedelascience.ucly.fr\/en\/#organization\",\"name\":\"F\u00eate de la Science\",\"url\":\"https:\/\/fetedelascience.ucly.fr\/en\/\",\"logo\":{\"@type\":\"ImageObject\",\"inLanguage\":\"en-US\",\"@id\":\"https:\/\/fetedelascience.ucly.fr\/en\/#\/schema\/logo\/image\/\",\"url\":\"https:\/\/fetedelascience.ucly.fr\/wp-content\/uploads\/sites\/31\/2024\/07\/cropped-logo-3-ecoles-en-tete-site-fds-2024.png\",\"contentUrl\":\"https:\/\/fetedelascience.ucly.fr\/wp-content\/uploads\/sites\/31\/2024\/07\/cropped-logo-3-ecoles-en-tete-site-fds-2024.png\",\"width\":749,\"height\":422,\"caption\":\"F\u00eate de la Science\"},\"image\":{\"@id\":\"https:\/\/fetedelascience.ucly.fr\/en\/#\/schema\/logo\/image\/\"}}]}<\/script>\n<!-- \/ Yoast SEO plugin. -->","yoast_head_json":{"title":"Village des Sciences - F\u00eate de la Science","description":"Le village regroupe des acteurs des sciences du quartier et anime des ateliers et conf\u00e9rences pour vulgariser la science sur diff\u00e9rentes th\u00e9matiques.","robots":{"index":"index","follow":"follow","max-snippet":"max-snippet:-1","max-image-preview":"max-image-preview:large","max-video-preview":"max-video-preview:-1"},"canonical":"https:\/\/fetedelascience.ucly.fr\/en\/village-sciences\/","og_locale":"en_US","og_type":"article","og_title":"Village des Sciences - F\u00eate de la Science","og_description":"Le village regroupe des acteurs des sciences du quartier et anime des ateliers et conf\u00e9rences pour vulgariser la science sur diff\u00e9rentes th\u00e9matiques.","og_url":"https:\/\/fetedelascience.ucly.fr\/en\/village-sciences\/","og_site_name":"F\u00eate de la Science","article_modified_time":"2025-07-08T10:14:53+00:00","og_image":[{"width":1920,"height":575,"url":"https:\/\/fetedelascience.ucly.fr\/wp-content\/uploads\/sites\/31\/2020\/03\/header-enfant-fete-science-concentres.jpg","type":"image\/jpeg"}],"twitter_card":"summary_large_image","twitter_misc":{"Est. reading time":"2 minutes"},"schema":{"@context":"https:\/\/schema.org","@graph":[{"@type":"WebPage","@id":"https:\/\/fetedelascience.ucly.fr\/en\/village-sciences\/","url":"https:\/\/fetedelascience.ucly.fr\/en\/village-sciences\/","name":"Village des Sciences - F\u00eate de la Science","isPartOf":{"@id":"https:\/\/fetedelascience.ucly.fr\/en\/#website"},"primaryImageOfPage":{"@id":"https:\/\/fetedelascience.ucly.fr\/en\/village-sciences\/#primaryimage"},"image":{"@id":"https:\/\/fetedelascience.ucly.fr\/en\/village-sciences\/#primaryimage"},"thumbnailUrl":"https:\/\/fetedelascience.ucly.fr\/wp-content\/uploads\/sites\/31\/2020\/03\/header-enfant-fete-science-concentres.jpg","datePublished":"2020-03-17T12:53:48+00:00","dateModified":"2025-07-08T10:14:53+00:00","description":"Le village regroupe des acteurs des sciences du quartier et anime des ateliers et conf\u00e9rences pour vulgariser la science sur diff\u00e9rentes th\u00e9matiques.","breadcrumb":{"@id":"https:\/\/fetedelascience.ucly.fr\/en\/village-sciences\/#breadcrumb"},"inLanguage":"en-US","potentialAction":[{"@type":"ReadAction","target":["https:\/\/fetedelascience.ucly.fr\/en\/village-sciences\/"]}]},{"@type":"ImageObject","inLanguage":"en-US","@id":"https:\/\/fetedelascience.ucly.fr\/en\/village-sciences\/#primaryimage","url":"https:\/\/fetedelascience.ucly.fr\/wp-content\/uploads\/sites\/31\/2020\/03\/header-enfant-fete-science-concentres.jpg","contentUrl":"https:\/\/fetedelascience.ucly.fr\/wp-content\/uploads\/sites\/31\/2020\/03\/header-enfant-fete-science-concentres.jpg","width":1920,"height":575,"caption":"header-enfant-fete-science-concentres"},{"@type":"BreadcrumbList","@id":"https:\/\/fetedelascience.ucly.fr\/en\/village-sciences\/#breadcrumb","itemListElement":[{"@type":"ListItem","position":1,"name":"Accueil","item":"https:\/\/fetedelascience.ucly.fr\/en\/"},{"@type":"ListItem","position":2,"name":"Village des Sciences"}]},{"@type":"WebSite","@id":"https:\/\/fetedelascience.ucly.fr\/en\/#website","url":"https:\/\/fetedelascience.ucly.fr\/en\/","name":"F\u00eate de la Science","description":"","publisher":{"@id":"https:\/\/fetedelascience.ucly.fr\/en\/#organization"},"potentialAction":[{"@type":"SearchAction","target":{"@type":"EntryPoint","urlTemplate":"https:\/\/fetedelascience.ucly.fr\/en\/?s={search_term_string}"},"query-input":{"@type":"PropertyValueSpecification","valueRequired":true,"valueName":"search_term_string"}}],"inLanguage":"en-US"},{"@type":"Organization","@id":"https:\/\/fetedelascience.ucly.fr\/en\/#organization","name":"F\u00eate de la Science","url":"https:\/\/fetedelascience.ucly.fr\/en\/","logo":{"@type":"ImageObject","inLanguage":"en-US","@id":"https:\/\/fetedelascience.ucly.fr\/en\/#\/schema\/logo\/image\/","url":"https:\/\/fetedelascience.ucly.fr\/wp-content\/uploads\/sites\/31\/2024\/07\/cropped-logo-3-ecoles-en-tete-site-fds-2024.png","contentUrl":"https:\/\/fetedelascience.ucly.fr\/wp-content\/uploads\/sites\/31\/2024\/07\/cropped-logo-3-ecoles-en-tete-site-fds-2024.png","width":749,"height":422,"caption":"F\u00eate de la Science"},"image":{"@id":"https:\/\/fetedelascience.ucly.fr\/en\/#\/schema\/logo\/image\/"}}]}},"_links":{"self":[{"href":"https:\/\/fetedelascience.ucly.fr\/en\/wp-json\/wp\/v2\/pages\/352","targetHints":{"allow":["GET"]}}],"collection":[{"href":"https:\/\/fetedelascience.ucly.fr\/en\/wp-json\/wp\/v2\/pages"}],"about":[{"href":"https:\/\/fetedelascience.ucly.fr\/en\/wp-json\/wp\/v2\/types\/page"}],"author":[{"embeddable":true,"href":"https:\/\/fetedelascience.ucly.fr\/en\/wp-json\/wp\/v2\/users\/22"}],"replies":[{"embeddable":true,"href":"https:\/\/fetedelascience.ucly.fr\/en\/wp-json\/wp\/v2\/comments?post=352"}],"version-history":[{"count":3,"href":"https:\/\/fetedelascience.ucly.fr\/en\/wp-json\/wp\/v2\/pages\/352\/revisions"}],"predecessor-version":[{"id":2470,"href":"https:\/\/fetedelascience.ucly.fr\/en\/wp-json\/wp\/v2\/pages\/352\/revisions\/2470"}],"wp:featuredmedia":[{"embeddable":true,"href":"https:\/\/fetedelascience.ucly.fr\/en\/wp-json\/wp\/v2\/media\/356"}],"wp:attachment":[{"href":"https:\/\/fetedelascience.ucly.fr\/en\/wp-json\/wp\/v2\/media?parent=352"}],"curies":[{"name":"wp","href":"https:\/\/api.w.org\/{rel}","templated":true}]}}