{"id":369,"date":"2020-03-17T14:00:09","date_gmt":"2020-03-17T13:00:09","guid":{"rendered":"https:\/\/fetedelascience.test2.ucly.fr\/?page_id=369"},"modified":"2025-07-02T15:20:58","modified_gmt":"2025-07-02T13:20:58","slug":"informations-pratiques","status":"publish","type":"page","link":"https:\/\/fetedelascience.ucly.fr\/en\/informations-pratiques\/","title":{"rendered":"Informations pratiques"},"content":{"rendered":"<h2 class=\"wp-block-heading\">Comment y acc\u00e9der ?<\/h2><h3 class=\"wp-block-heading\">Acc\u00e8s en transports en commun<\/h3><ul class=\"wp-block-list\"><li>M\u00e9tro A - station Perrache<\/li>\n\n<li>Tram T1 ou T2 (arr\u00eat \"Place des Archives\" ou arr\u00eat \"Perrache\")<\/li>\n\n<li>Tr\u00e8s nombreux bus - arr\u00eat Perrache<\/li>\n\n<li>Gare SNCF de Lyon Perrache<\/li><\/ul><h3 class=\"wp-block-heading\"> Acc\u00e8s en voiture<\/h3><p>Parking public Perrache-Archives (acc\u00e8s par la rue Smith, parking le plus proche) ou parking public Perrache<\/p><h2 class=\"wp-block-heading\">O\u00f9 ?<\/h2><figure><iframe loading=\"lazy\" src=\"https:\/\/www.google.com\/maps\/embed?pb=!1m18!1m12!1m3!1d2226.9343094077985!2d4.824370887756581!3d45.74642374295723!2m3!1f0!2f0!3f0!3m2!1i1024!2i768!4f13.1!3m3!1m2!1s0x47f4ebb2acdb1309%3A0x60e914026b838e1d!2sUCLy+-+Universit%C3%A9+Catholique+de+Lyon+(campus+Saint-Paul)!5e0!3m2!1sfr!2sfr!4v1467269918814\" width=\"900\" height=\"400\"><\/iframe><\/figure><h2 class=\"wp-block-heading\">Qui contacter ?<\/h2><p>Pour tout renseignement suppl\u00e9mentaire (notamment pour les\nr\u00e9servations scolaires et centres de loisirs) :<\/p><ul class=\"wp-block-list\"><li><a aria-label=\"fds@univ-catholyon.fr (s\u2019ouvre dans un nouvel onglet)\" href=\"mailto:fds@univ-catholyon.fr\" target=\"_blank\" rel=\"noreferrer noopener\">fds@univ-catholyon.fr<\/a><\/li>\n\n<li>04 72 32 51 91<\/li><\/ul><div class=\"wp-block-cross-content js-fade-scroll\">\n    <p class=\"wp-block-cross-content-title\">D\u00e9couvrez aussi<\/p>\n            <div class=\"row wp-block-cross-content-row\">\n                                <div class=\"column small-12 medium-6 large-4 wp-block-cross-content-col\">\n                        <a class=\"wp-block-cross-content-top\" href=\"https:\/\/fetedelascience.ucly.fr\/en\/programme\/\" title=\"Programme\">\n                            <span class=\"wp-block-cross-content-name\">Programme<\/span>\n                            <span class=\"wp-block-cross-content-image\"><img loading=\"lazy\" decoding=\"async\" width=\"630\" height=\"570\" src=\"https:\/\/fetedelascience.ucly.fr\/wp-content\/uploads\/sites\/31\/2021\/06\/header-page-programme-1-630x570.jpg\" class=\" wp-post-image\" alt=\"\" \/><\/span>\n                            <span class=\"wp-block-cross-content-more\">\n                                <span class=\"icon-more\"><\/span>\n                            <\/span>\n                        <\/a>\n                        <div class=\"wp-block-cross-content-excerpt\"><\/div>\n                    <\/div>\n                                                <div class=\"column small-12 medium-6 large-4 wp-block-cross-content-col\">\n                        <a class=\"wp-block-cross-content-top\" href=\"https:\/\/fetedelascience.ucly.fr\/en\/editions-precedentes\/\" title=\"\u00c9ditions pr\u00e9c\u00e9dentes\">\n                            <span class=\"wp-block-cross-content-name\">\u00c9ditions pr\u00e9c\u00e9dentes<\/span>\n                            <span class=\"wp-block-cross-content-image\"><img loading=\"lazy\" decoding=\"async\" width=\"630\" height=\"570\" src=\"https:\/\/fetedelascience.ucly.fr\/wp-content\/uploads\/sites\/31\/2020\/03\/header-fete-science-microscope-630x570.jpg\" class=\" wp-post-image\" alt=\"header-fete-science-microscope\" \/><\/span>\n                            <span class=\"wp-block-cross-content-more\">\n                                <span class=\"icon-more\"><\/span>\n                            <\/span>\n                        <\/a>\n                        <div class=\"wp-block-cross-content-excerpt\"><\/div>\n                    <\/div>\n                                                <div class=\"column small-12 medium-6 large-4 wp-block-cross-content-col\">\n                        <a class=\"wp-block-cross-content-top\" href=\"https:\/\/fetedelascience.ucly.fr\/en\/village-sciences\/\" title=\"Village des Sciences\">\n                            <span class=\"wp-block-cross-content-name\">Village des Sciences<\/span>\n                            <span class=\"wp-block-cross-content-image\"><img loading=\"lazy\" decoding=\"async\" width=\"630\" height=\"570\" src=\"https:\/\/fetedelascience.ucly.fr\/wp-content\/uploads\/sites\/31\/2020\/03\/header-enfant-fete-science-concentres-630x570.jpg\" class=\" wp-post-image\" alt=\"header-enfant-fete-science-concentres\" \/><\/span>\n                            <span class=\"wp-block-cross-content-more\">\n                                <span class=\"icon-more\"><\/span>\n                            <\/span>\n                        <\/a>\n                        <div class=\"wp-block-cross-content-excerpt\"><\/div>\n                    <\/div>\n                                    <\/div>\n    <\/div>","protected":false},"excerpt":{"rendered":"<p>Comment y acc\u00e9der ?Acc\u00e8s en transports en commun Acc\u00e8s en voitureParking public Perrache-Archives (acc\u00e8s par la rue Smith, parking le plus proche) ou parking [&hellip;]<\/p>\n","protected":false},"author":22,"featured_media":359,"parent":0,"menu_order":0,"comment_status":"closed","ping_status":"closed","template":"","meta":{"_acf_changed":false,"footnotes":""},"class_list":["post-369","page","type-page","status-publish","has-post-thumbnail","hentry"],"acf":[],"yoast_head":"<!-- This site is optimized with the Yoast SEO plugin v24.1 - https:\/\/yoast.com\/wordpress\/plugins\/seo\/ -->\n<title>Informations pratiques - F\u00eate de la Science<\/title>\n<meta name=\"description\" content=\"Retrouvez toues les informations pratiques concernant la f\u00eate de la science \u00e0 l&#039;UCLy : comment y acc\u00e9der, o\u00f9 cela se d\u00e9roule, comment s&#039;inscrire...\" \/>\n<meta name=\"robots\" content=\"index, follow, max-snippet:-1, max-image-preview:large, max-video-preview:-1\" \/>\n<link rel=\"canonical\" href=\"https:\/\/fetedelascience.ucly.fr\/en\/informations-pratiques\/\" \/>\n<meta property=\"og:locale\" content=\"en_US\" \/>\n<meta property=\"og:type\" content=\"article\" \/>\n<meta property=\"og:title\" content=\"Informations pratiques - F\u00eate de la Science\" \/>\n<meta property=\"og:description\" content=\"Retrouvez toues les informations pratiques concernant la f\u00eate de la science \u00e0 l&#039;UCLy : comment y acc\u00e9der, o\u00f9 cela se d\u00e9roule, comment s&#039;inscrire...\" \/>\n<meta property=\"og:url\" content=\"https:\/\/fetedelascience.ucly.fr\/en\/informations-pratiques\/\" \/>\n<meta property=\"og:site_name\" content=\"F\u00eate de la Science\" \/>\n<meta property=\"article:modified_time\" content=\"2025-07-02T13:20:58+00:00\" \/>\n<meta property=\"og:image\" content=\"https:\/\/fetedelascience.ucly.fr\/wp-content\/uploads\/sites\/31\/2020\/03\/header-enfants-fete-science-petri.jpg\" \/>\n\t<meta property=\"og:image:width\" content=\"1920\" \/>\n\t<meta property=\"og:image:height\" content=\"575\" \/>\n\t<meta property=\"og:image:type\" content=\"image\/jpeg\" \/>\n<meta name=\"twitter:card\" content=\"summary_large_image\" \/>\n<meta name=\"twitter:label1\" content=\"Est. reading time\" \/>\n\t<meta name=\"twitter:data1\" content=\"1 minute\" \/>\n<script type=\"application\/ld+json\" class=\"yoast-schema-graph\">{\"@context\":\"https:\/\/schema.org\",\"@graph\":[{\"@type\":\"WebPage\",\"@id\":\"https:\/\/fetedelascience.ucly.fr\/en\/informations-pratiques\/\",\"url\":\"https:\/\/fetedelascience.ucly.fr\/en\/informations-pratiques\/\",\"name\":\"Informations pratiques - F\u00eate de la Science\",\"isPartOf\":{\"@id\":\"https:\/\/fetedelascience.ucly.fr\/en\/#website\"},\"primaryImageOfPage\":{\"@id\":\"https:\/\/fetedelascience.ucly.fr\/en\/informations-pratiques\/#primaryimage\"},\"image\":{\"@id\":\"https:\/\/fetedelascience.ucly.fr\/en\/informations-pratiques\/#primaryimage\"},\"thumbnailUrl\":\"https:\/\/fetedelascience.ucly.fr\/wp-content\/uploads\/sites\/31\/2020\/03\/header-enfants-fete-science-petri.jpg\",\"datePublished\":\"2020-03-17T13:00:09+00:00\",\"dateModified\":\"2025-07-02T13:20:58+00:00\",\"description\":\"Retrouvez toues les informations pratiques concernant la f\u00eate de la science \u00e0 l'UCLy : comment y acc\u00e9der, o\u00f9 cela se d\u00e9roule, comment s'inscrire...\",\"breadcrumb\":{\"@id\":\"https:\/\/fetedelascience.ucly.fr\/en\/informations-pratiques\/#breadcrumb\"},\"inLanguage\":\"en-US\",\"potentialAction\":[{\"@type\":\"ReadAction\",\"target\":[\"https:\/\/fetedelascience.ucly.fr\/en\/informations-pratiques\/\"]}]},{\"@type\":\"ImageObject\",\"inLanguage\":\"en-US\",\"@id\":\"https:\/\/fetedelascience.ucly.fr\/en\/informations-pratiques\/#primaryimage\",\"url\":\"https:\/\/fetedelascience.ucly.fr\/wp-content\/uploads\/sites\/31\/2020\/03\/header-enfants-fete-science-petri.jpg\",\"contentUrl\":\"https:\/\/fetedelascience.ucly.fr\/wp-content\/uploads\/sites\/31\/2020\/03\/header-enfants-fete-science-petri.jpg\",\"width\":1920,\"height\":575,\"caption\":\"header-enfants-fete-science-petri\"},{\"@type\":\"BreadcrumbList\",\"@id\":\"https:\/\/fetedelascience.ucly.fr\/en\/informations-pratiques\/#breadcrumb\",\"itemListElement\":[{\"@type\":\"ListItem\",\"position\":1,\"name\":\"Accueil\",\"item\":\"https:\/\/fetedelascience.ucly.fr\/en\/\"},{\"@type\":\"ListItem\",\"position\":2,\"name\":\"Informations pratiques\"}]},{\"@type\":\"WebSite\",\"@id\":\"https:\/\/fetedelascience.ucly.fr\/en\/#website\",\"url\":\"https:\/\/fetedelascience.ucly.fr\/en\/\",\"name\":\"F\u00eate de la Science\",\"description\":\"\",\"publisher\":{\"@id\":\"https:\/\/fetedelascience.ucly.fr\/en\/#organization\"},\"potentialAction\":[{\"@type\":\"SearchAction\",\"target\":{\"@type\":\"EntryPoint\",\"urlTemplate\":\"https:\/\/fetedelascience.ucly.fr\/en\/?s={search_term_string}\"},\"query-input\":{\"@type\":\"PropertyValueSpecification\",\"valueRequired\":true,\"valueName\":\"search_term_string\"}}],\"inLanguage\":\"en-US\"},{\"@type\":\"Organization\",\"@id\":\"https:\/\/fetedelascience.ucly.fr\/en\/#organization\",\"name\":\"F\u00eate de la Science\",\"url\":\"https:\/\/fetedelascience.ucly.fr\/en\/\",\"logo\":{\"@type\":\"ImageObject\",\"inLanguage\":\"en-US\",\"@id\":\"https:\/\/fetedelascience.ucly.fr\/en\/#\/schema\/logo\/image\/\",\"url\":\"https:\/\/fetedelascience.ucly.fr\/wp-content\/uploads\/sites\/31\/2024\/07\/cropped-logo-3-ecoles-en-tete-site-fds-2024.png\",\"contentUrl\":\"https:\/\/fetedelascience.ucly.fr\/wp-content\/uploads\/sites\/31\/2024\/07\/cropped-logo-3-ecoles-en-tete-site-fds-2024.png\",\"width\":749,\"height\":422,\"caption\":\"F\u00eate de la Science\"},\"image\":{\"@id\":\"https:\/\/fetedelascience.ucly.fr\/en\/#\/schema\/logo\/image\/\"}}]}<\/script>\n<!-- \/ Yoast SEO plugin. -->","yoast_head_json":{"title":"Informations pratiques - F\u00eate de la Science","description":"Retrouvez toues les informations pratiques concernant la f\u00eate de la science \u00e0 l'UCLy : comment y acc\u00e9der, o\u00f9 cela se d\u00e9roule, comment s'inscrire...","robots":{"index":"index","follow":"follow","max-snippet":"max-snippet:-1","max-image-preview":"max-image-preview:large","max-video-preview":"max-video-preview:-1"},"canonical":"https:\/\/fetedelascience.ucly.fr\/en\/informations-pratiques\/","og_locale":"en_US","og_type":"article","og_title":"Informations pratiques - F\u00eate de la Science","og_description":"Retrouvez toues les informations pratiques concernant la f\u00eate de la science \u00e0 l'UCLy : comment y acc\u00e9der, o\u00f9 cela se d\u00e9roule, comment s'inscrire...","og_url":"https:\/\/fetedelascience.ucly.fr\/en\/informations-pratiques\/","og_site_name":"F\u00eate de la Science","article_modified_time":"2025-07-02T13:20:58+00:00","og_image":[{"width":1920,"height":575,"url":"https:\/\/fetedelascience.ucly.fr\/wp-content\/uploads\/sites\/31\/2020\/03\/header-enfants-fete-science-petri.jpg","type":"image\/jpeg"}],"twitter_card":"summary_large_image","twitter_misc":{"Est. reading time":"1 minute"},"schema":{"@context":"https:\/\/schema.org","@graph":[{"@type":"WebPage","@id":"https:\/\/fetedelascience.ucly.fr\/en\/informations-pratiques\/","url":"https:\/\/fetedelascience.ucly.fr\/en\/informations-pratiques\/","name":"Informations pratiques - F\u00eate de la Science","isPartOf":{"@id":"https:\/\/fetedelascience.ucly.fr\/en\/#website"},"primaryImageOfPage":{"@id":"https:\/\/fetedelascience.ucly.fr\/en\/informations-pratiques\/#primaryimage"},"image":{"@id":"https:\/\/fetedelascience.ucly.fr\/en\/informations-pratiques\/#primaryimage"},"thumbnailUrl":"https:\/\/fetedelascience.ucly.fr\/wp-content\/uploads\/sites\/31\/2020\/03\/header-enfants-fete-science-petri.jpg","datePublished":"2020-03-17T13:00:09+00:00","dateModified":"2025-07-02T13:20:58+00:00","description":"Retrouvez toues les informations pratiques concernant la f\u00eate de la science \u00e0 l'UCLy : comment y acc\u00e9der, o\u00f9 cela se d\u00e9roule, comment s'inscrire...","breadcrumb":{"@id":"https:\/\/fetedelascience.ucly.fr\/en\/informations-pratiques\/#breadcrumb"},"inLanguage":"en-US","potentialAction":[{"@type":"ReadAction","target":["https:\/\/fetedelascience.ucly.fr\/en\/informations-pratiques\/"]}]},{"@type":"ImageObject","inLanguage":"en-US","@id":"https:\/\/fetedelascience.ucly.fr\/en\/informations-pratiques\/#primaryimage","url":"https:\/\/fetedelascience.ucly.fr\/wp-content\/uploads\/sites\/31\/2020\/03\/header-enfants-fete-science-petri.jpg","contentUrl":"https:\/\/fetedelascience.ucly.fr\/wp-content\/uploads\/sites\/31\/2020\/03\/header-enfants-fete-science-petri.jpg","width":1920,"height":575,"caption":"header-enfants-fete-science-petri"},{"@type":"BreadcrumbList","@id":"https:\/\/fetedelascience.ucly.fr\/en\/informations-pratiques\/#breadcrumb","itemListElement":[{"@type":"ListItem","position":1,"name":"Accueil","item":"https:\/\/fetedelascience.ucly.fr\/en\/"},{"@type":"ListItem","position":2,"name":"Informations pratiques"}]},{"@type":"WebSite","@id":"https:\/\/fetedelascience.ucly.fr\/en\/#website","url":"https:\/\/fetedelascience.ucly.fr\/en\/","name":"F\u00eate de la Science","description":"","publisher":{"@id":"https:\/\/fetedelascience.ucly.fr\/en\/#organization"},"potentialAction":[{"@type":"SearchAction","target":{"@type":"EntryPoint","urlTemplate":"https:\/\/fetedelascience.ucly.fr\/en\/?s={search_term_string}"},"query-input":{"@type":"PropertyValueSpecification","valueRequired":true,"valueName":"search_term_string"}}],"inLanguage":"en-US"},{"@type":"Organization","@id":"https:\/\/fetedelascience.ucly.fr\/en\/#organization","name":"F\u00eate de la Science","url":"https:\/\/fetedelascience.ucly.fr\/en\/","logo":{"@type":"ImageObject","inLanguage":"en-US","@id":"https:\/\/fetedelascience.ucly.fr\/en\/#\/schema\/logo\/image\/","url":"https:\/\/fetedelascience.ucly.fr\/wp-content\/uploads\/sites\/31\/2024\/07\/cropped-logo-3-ecoles-en-tete-site-fds-2024.png","contentUrl":"https:\/\/fetedelascience.ucly.fr\/wp-content\/uploads\/sites\/31\/2024\/07\/cropped-logo-3-ecoles-en-tete-site-fds-2024.png","width":749,"height":422,"caption":"F\u00eate de la Science"},"image":{"@id":"https:\/\/fetedelascience.ucly.fr\/en\/#\/schema\/logo\/image\/"}}]}},"_links":{"self":[{"href":"https:\/\/fetedelascience.ucly.fr\/en\/wp-json\/wp\/v2\/pages\/369","targetHints":{"allow":["GET"]}}],"collection":[{"href":"https:\/\/fetedelascience.ucly.fr\/en\/wp-json\/wp\/v2\/pages"}],"about":[{"href":"https:\/\/fetedelascience.ucly.fr\/en\/wp-json\/wp\/v2\/types\/page"}],"author":[{"embeddable":true,"href":"https:\/\/fetedelascience.ucly.fr\/en\/wp-json\/wp\/v2\/users\/22"}],"replies":[{"embeddable":true,"href":"https:\/\/fetedelascience.ucly.fr\/en\/wp-json\/wp\/v2\/comments?post=369"}],"version-history":[{"count":3,"href":"https:\/\/fetedelascience.ucly.fr\/en\/wp-json\/wp\/v2\/pages\/369\/revisions"}],"predecessor-version":[{"id":2416,"href":"https:\/\/fetedelascience.ucly.fr\/en\/wp-json\/wp\/v2\/pages\/369\/revisions\/2416"}],"wp:featuredmedia":[{"embeddable":true,"href":"https:\/\/fetedelascience.ucly.fr\/en\/wp-json\/wp\/v2\/media\/359"}],"wp:attachment":[{"href":"https:\/\/fetedelascience.ucly.fr\/en\/wp-json\/wp\/v2\/media?parent=369"}],"curies":[{"name":"wp","href":"https:\/\/api.w.org\/{rel}","templated":true}]}}