{"id":497,"date":"2020-03-17T17:24:47","date_gmt":"2020-03-17T16:24:47","guid":{"rendered":"https:\/\/fetedelascience.test2.ucly.fr\/?page_id=497"},"modified":"2025-09-08T15:29:53","modified_gmt":"2025-09-08T13:29:53","slug":"programme-grand-public","status":"publish","type":"page","link":"https:\/\/fetedelascience.ucly.fr\/en\/programme\/programme-grand-public\/","title":{"rendered":"Programme Grand Public"},"content":{"rendered":"<p><strong>\u00c0 l\u2019occasion des 150 ans de notre Universit\u00e9, d\u00e9couvrez la programmation exceptionnelle de la F\u00eate de la Science 2025 :<\/strong><\/p><ul class=\"wp-block-list\"><li><strong>Samedi 4 octobre 2025, de 10h \u00e0 16h<\/strong>\u00a0: une journ\u00e9e in\u00e9dite avec de nombreux ateliers et animations, dont un\u00a0LabEscape\u00a0pour explorer nos laboratoires, d\u00e9couvrir le travail des enseignants-chercheurs de l'ESTBB et f\u00eater ensemble cet anniversaire.<\/li>\n\n<li><strong>Mercredi 8 octobre 2025, de 14h \u00e0 17h<\/strong>&nbsp;: un apr\u00e8s-midi convivial \u00e0 partager en famille autour d\u2019ateliers ludiques et participatifs.<\/li>\n\n<li><strong>Lundi 6, mardi 7 et mercredi 8 octobre 2025, de 18h \u00e0 19h<\/strong>\u00a0: des conf\u00e9rences scientifiques\u00a0propos\u00e9es par les enseignants de l\u2019UCLy.<\/li><\/ul><p><\/p><div class=\"wp-block-list js-fade-scroll\">\n  <p class=\"wp-block-list-title\">Programme des ateliers et des conf\u00e9rences pour le Grand Public<\/p>\n  <div class=\"wp-block-list-intro\"><\/div>\n\n          <a class=\"wp-block-list-item\" href=\"https:\/\/fetedelascience.ucly.fr\/?page_id=2421\" title=\"Programme Grand Public pour le Samedi 4 octobre\" target=\"_blank\" >\n      \n        <div class=\"wp-block-list-item-title\">Programme Grand Public pour le Samedi 4 octobre<\/div>\n        <div class=\"wp-block-list-item-intro\"><\/div>\n\n                <span class=\"wp-block-list-item-link\">\n            <span class=\"icon-more\"><\/span>\n          <\/span>\n        <\/a>\n                  <a class=\"wp-block-list-item\" href=\"https:\/\/fetedelascience.ucly.fr\/?page_id=2425\" title=\"Programme Grand public pour le Mercredi 8 octobre\" target=\"_blank\" >\n      \n        <div class=\"wp-block-list-item-title\">Programme Grand public pour le Mercredi 8 octobre<\/div>\n        <div class=\"wp-block-list-item-intro\"><\/div>\n\n                <span class=\"wp-block-list-item-link\">\n            <span class=\"icon-more\"><\/span>\n          <\/span>\n        <\/a>\n                  <a class=\"wp-block-list-item\" href=\"https:\/\/fetedelascience.ucly.fr\/programme-grand-public-conferences\/\" title=\"Programme des Conf\u00e9rences Grand Public\" target=\"_blank\" >\n      \n        <div class=\"wp-block-list-item-title\">Programme des Conf\u00e9rences Grand Public<\/div>\n        <div class=\"wp-block-list-item-intro\"><\/div>\n\n                <span class=\"wp-block-list-item-link\">\n            <span class=\"icon-more\"><\/span>\n          <\/span>\n        <\/a>\n          <\/div><h3 class=\"wp-block-heading\"><\/h3><div class=\"wp-block-cross-content js-fade-scroll\">\n    <p class=\"wp-block-cross-content-title\">D\u00e9couvrez aussi<\/p>\n            <div class=\"row wp-block-cross-content-row\">\n                                <div class=\"column small-12 medium-6 large-4 wp-block-cross-content-col\">\n                        <a class=\"wp-block-cross-content-top\" href=\"https:\/\/fetedelascience.ucly.fr\/en\/village-sciences\/\" title=\"Village des Sciences\">\n                            <span class=\"wp-block-cross-content-name\">Village des Sciences<\/span>\n                            <span class=\"wp-block-cross-content-image\"><img loading=\"lazy\" decoding=\"async\" width=\"630\" height=\"570\" src=\"https:\/\/fetedelascience.ucly.fr\/wp-content\/uploads\/sites\/31\/2020\/03\/header-enfant-fete-science-concentres-630x570.jpg\" class=\" wp-post-image\" alt=\"header-enfant-fete-science-concentres\" \/><\/span>\n                            <span class=\"wp-block-cross-content-more\">\n                                <span class=\"icon-more\"><\/span>\n                            <\/span>\n                        <\/a>\n                        <div class=\"wp-block-cross-content-excerpt\"><\/div>\n                    <\/div>\n                                                <div class=\"column small-12 medium-6 large-4 wp-block-cross-content-col\">\n                        <a class=\"wp-block-cross-content-top\" href=\"https:\/\/fetedelascience.ucly.fr\/en\/editions-precedentes\/\" title=\"\u00c9ditions pr\u00e9c\u00e9dentes\">\n                            <span class=\"wp-block-cross-content-name\">\u00c9ditions pr\u00e9c\u00e9dentes<\/span>\n                            <span class=\"wp-block-cross-content-image\"><img loading=\"lazy\" decoding=\"async\" width=\"630\" height=\"570\" src=\"https:\/\/fetedelascience.ucly.fr\/wp-content\/uploads\/sites\/31\/2020\/03\/header-fete-science-microscope-630x570.jpg\" class=\" wp-post-image\" alt=\"header-fete-science-microscope\" \/><\/span>\n                            <span class=\"wp-block-cross-content-more\">\n                                <span class=\"icon-more\"><\/span>\n                            <\/span>\n                        <\/a>\n                        <div class=\"wp-block-cross-content-excerpt\"><\/div>\n                    <\/div>\n                                                <div class=\"column small-12 medium-6 large-4 wp-block-cross-content-col\">\n                        <a class=\"wp-block-cross-content-top\" href=\"https:\/\/fetedelascience.ucly.fr\/en\/informations-pratiques\/\" title=\"Informations pratiques\">\n                            <span class=\"wp-block-cross-content-name\">Informations pratiques<\/span>\n                            <span class=\"wp-block-cross-content-image\"><img loading=\"lazy\" decoding=\"async\" width=\"630\" height=\"570\" src=\"https:\/\/fetedelascience.ucly.fr\/wp-content\/uploads\/sites\/31\/2020\/03\/header-enfants-fete-science-petri-630x570.jpg\" class=\" wp-post-image\" alt=\"header-enfants-fete-science-petri\" \/><\/span>\n                            <span class=\"wp-block-cross-content-more\">\n                                <span class=\"icon-more\"><\/span>\n                            <\/span>\n                        <\/a>\n                        <div class=\"wp-block-cross-content-excerpt\"><\/div>\n                    <\/div>\n                                    <\/div>\n    <\/div>","protected":false},"excerpt":{"rendered":"<p>\u00c0 l\u2019occasion des 150 ans de notre Universit\u00e9, d\u00e9couvrez la programmation exceptionnelle de la F\u00eate de la Science 2025 :<\/p>\n","protected":false},"author":22,"featured_media":2383,"parent":470,"menu_order":1,"comment_status":"closed","ping_status":"closed","template":"","meta":{"_acf_changed":false,"footnotes":""},"class_list":["post-497","page","type-page","status-publish","has-post-thumbnail","hentry"],"acf":[],"yoast_head":"<!-- This site is optimized with the Yoast SEO plugin v24.1 - https:\/\/yoast.com\/wordpress\/plugins\/seo\/ -->\n<title>Programme Grand Public - F\u00eate de la Science<\/title>\n<meta name=\"description\" content=\"D\u00e9couvrez le programme de la F\u00eate de la Science pour le Grand Public notamment les ateliers et conf\u00e9rences propos\u00e9es par l&#039;UCLy.\" \/>\n<meta name=\"robots\" content=\"index, follow, max-snippet:-1, max-image-preview:large, max-video-preview:-1\" \/>\n<link rel=\"canonical\" href=\"https:\/\/fetedelascience.ucly.fr\/en\/programme\/programme-grand-public\/\" \/>\n<meta property=\"og:locale\" content=\"en_US\" \/>\n<meta property=\"og:type\" content=\"article\" \/>\n<meta property=\"og:title\" content=\"Programme Grand Public - F\u00eate de la Science\" \/>\n<meta property=\"og:description\" content=\"D\u00e9couvrez le programme de la F\u00eate de la Science pour le Grand Public notamment les ateliers et conf\u00e9rences propos\u00e9es par l&#039;UCLy.\" \/>\n<meta property=\"og:url\" content=\"https:\/\/fetedelascience.ucly.fr\/en\/programme\/programme-grand-public\/\" \/>\n<meta property=\"og:site_name\" content=\"F\u00eate de la Science\" \/>\n<meta property=\"article:modified_time\" content=\"2025-09-08T13:29:53+00:00\" \/>\n<meta property=\"og:image\" content=\"https:\/\/fetedelascience.ucly.fr\/wp-content\/uploads\/sites\/31\/2025\/07\/fds2024_69_vds-ucly_visee-a-17-1200x576.jpg\" \/>\n\t<meta property=\"og:image:width\" content=\"1200\" \/>\n\t<meta property=\"og:image:height\" content=\"675\" \/>\n\t<meta property=\"og:image:type\" content=\"image\/jpeg\" \/>\n<meta name=\"twitter:card\" content=\"summary_large_image\" \/>\n<meta name=\"twitter:label1\" content=\"Est. reading time\" \/>\n\t<meta name=\"twitter:data1\" content=\"1 minute\" \/>\n<script type=\"application\/ld+json\" class=\"yoast-schema-graph\">{\"@context\":\"https:\/\/schema.org\",\"@graph\":[{\"@type\":\"WebPage\",\"@id\":\"https:\/\/fetedelascience.ucly.fr\/en\/programme\/programme-grand-public\/\",\"url\":\"https:\/\/fetedelascience.ucly.fr\/en\/programme\/programme-grand-public\/\",\"name\":\"Programme Grand Public - F\u00eate de la Science\",\"isPartOf\":{\"@id\":\"https:\/\/fetedelascience.ucly.fr\/en\/#website\"},\"primaryImageOfPage\":{\"@id\":\"https:\/\/fetedelascience.ucly.fr\/en\/programme\/programme-grand-public\/#primaryimage\"},\"image\":{\"@id\":\"https:\/\/fetedelascience.ucly.fr\/en\/programme\/programme-grand-public\/#primaryimage\"},\"thumbnailUrl\":\"https:\/\/fetedelascience.ucly.fr\/wp-content\/uploads\/sites\/31\/2025\/07\/fds2024_69_vds-ucly_visee-a-17-1200x576.jpg\",\"datePublished\":\"2020-03-17T16:24:47+00:00\",\"dateModified\":\"2025-09-08T13:29:53+00:00\",\"description\":\"D\u00e9couvrez le programme de la F\u00eate de la Science pour le Grand Public notamment les ateliers et conf\u00e9rences propos\u00e9es par l'UCLy.\",\"breadcrumb\":{\"@id\":\"https:\/\/fetedelascience.ucly.fr\/en\/programme\/programme-grand-public\/#breadcrumb\"},\"inLanguage\":\"en-US\",\"potentialAction\":[{\"@type\":\"ReadAction\",\"target\":[\"https:\/\/fetedelascience.ucly.fr\/en\/programme\/programme-grand-public\/\"]}]},{\"@type\":\"ImageObject\",\"inLanguage\":\"en-US\",\"@id\":\"https:\/\/fetedelascience.ucly.fr\/en\/programme\/programme-grand-public\/#primaryimage\",\"url\":\"https:\/\/fetedelascience.ucly.fr\/wp-content\/uploads\/sites\/31\/2025\/07\/fds2024_69_vds-ucly_visee-a-17-1200x576.jpg\",\"contentUrl\":\"https:\/\/fetedelascience.ucly.fr\/wp-content\/uploads\/sites\/31\/2025\/07\/fds2024_69_vds-ucly_visee-a-17-1200x576.jpg\",\"width\":1200,\"height\":675},{\"@type\":\"BreadcrumbList\",\"@id\":\"https:\/\/fetedelascience.ucly.fr\/en\/programme\/programme-grand-public\/#breadcrumb\",\"itemListElement\":[{\"@type\":\"ListItem\",\"position\":1,\"name\":\"Accueil\",\"item\":\"https:\/\/fetedelascience.ucly.fr\/en\/\"},{\"@type\":\"ListItem\",\"position\":2,\"name\":\"Programme\",\"item\":\"https:\/\/fetedelascience.ucly.fr\/en\/programme\/\"},{\"@type\":\"ListItem\",\"position\":3,\"name\":\"Programme Grand Public\"}]},{\"@type\":\"WebSite\",\"@id\":\"https:\/\/fetedelascience.ucly.fr\/en\/#website\",\"url\":\"https:\/\/fetedelascience.ucly.fr\/en\/\",\"name\":\"F\u00eate de la Science\",\"description\":\"\",\"publisher\":{\"@id\":\"https:\/\/fetedelascience.ucly.fr\/en\/#organization\"},\"potentialAction\":[{\"@type\":\"SearchAction\",\"target\":{\"@type\":\"EntryPoint\",\"urlTemplate\":\"https:\/\/fetedelascience.ucly.fr\/en\/?s={search_term_string}\"},\"query-input\":{\"@type\":\"PropertyValueSpecification\",\"valueRequired\":true,\"valueName\":\"search_term_string\"}}],\"inLanguage\":\"en-US\"},{\"@type\":\"Organization\",\"@id\":\"https:\/\/fetedelascience.ucly.fr\/en\/#organization\",\"name\":\"F\u00eate de la Science\",\"url\":\"https:\/\/fetedelascience.ucly.fr\/en\/\",\"logo\":{\"@type\":\"ImageObject\",\"inLanguage\":\"en-US\",\"@id\":\"https:\/\/fetedelascience.ucly.fr\/en\/#\/schema\/logo\/image\/\",\"url\":\"https:\/\/fetedelascience.ucly.fr\/wp-content\/uploads\/sites\/31\/2024\/07\/cropped-logo-3-ecoles-en-tete-site-fds-2024.png\",\"contentUrl\":\"https:\/\/fetedelascience.ucly.fr\/wp-content\/uploads\/sites\/31\/2024\/07\/cropped-logo-3-ecoles-en-tete-site-fds-2024.png\",\"width\":749,\"height\":422,\"caption\":\"F\u00eate de la Science\"},\"image\":{\"@id\":\"https:\/\/fetedelascience.ucly.fr\/en\/#\/schema\/logo\/image\/\"}}]}<\/script>\n<!-- \/ Yoast SEO plugin. -->","yoast_head_json":{"title":"Programme Grand Public - F\u00eate de la Science","description":"D\u00e9couvrez le programme de la F\u00eate de la Science pour le Grand Public notamment les ateliers et conf\u00e9rences propos\u00e9es par l'UCLy.","robots":{"index":"index","follow":"follow","max-snippet":"max-snippet:-1","max-image-preview":"max-image-preview:large","max-video-preview":"max-video-preview:-1"},"canonical":"https:\/\/fetedelascience.ucly.fr\/en\/programme\/programme-grand-public\/","og_locale":"en_US","og_type":"article","og_title":"Programme Grand Public - F\u00eate de la Science","og_description":"D\u00e9couvrez le programme de la F\u00eate de la Science pour le Grand Public notamment les ateliers et conf\u00e9rences propos\u00e9es par l'UCLy.","og_url":"https:\/\/fetedelascience.ucly.fr\/en\/programme\/programme-grand-public\/","og_site_name":"F\u00eate de la Science","article_modified_time":"2025-09-08T13:29:53+00:00","og_image":[{"width":1200,"height":675,"url":"https:\/\/fetedelascience.ucly.fr\/wp-content\/uploads\/sites\/31\/2025\/07\/fds2024_69_vds-ucly_visee-a-17-1200x576.jpg","type":"image\/jpeg"}],"twitter_card":"summary_large_image","twitter_misc":{"Est. reading time":"1 minute"},"schema":{"@context":"https:\/\/schema.org","@graph":[{"@type":"WebPage","@id":"https:\/\/fetedelascience.ucly.fr\/en\/programme\/programme-grand-public\/","url":"https:\/\/fetedelascience.ucly.fr\/en\/programme\/programme-grand-public\/","name":"Programme Grand Public - F\u00eate de la Science","isPartOf":{"@id":"https:\/\/fetedelascience.ucly.fr\/en\/#website"},"primaryImageOfPage":{"@id":"https:\/\/fetedelascience.ucly.fr\/en\/programme\/programme-grand-public\/#primaryimage"},"image":{"@id":"https:\/\/fetedelascience.ucly.fr\/en\/programme\/programme-grand-public\/#primaryimage"},"thumbnailUrl":"https:\/\/fetedelascience.ucly.fr\/wp-content\/uploads\/sites\/31\/2025\/07\/fds2024_69_vds-ucly_visee-a-17-1200x576.jpg","datePublished":"2020-03-17T16:24:47+00:00","dateModified":"2025-09-08T13:29:53+00:00","description":"D\u00e9couvrez le programme de la F\u00eate de la Science pour le Grand Public notamment les ateliers et conf\u00e9rences propos\u00e9es par l'UCLy.","breadcrumb":{"@id":"https:\/\/fetedelascience.ucly.fr\/en\/programme\/programme-grand-public\/#breadcrumb"},"inLanguage":"en-US","potentialAction":[{"@type":"ReadAction","target":["https:\/\/fetedelascience.ucly.fr\/en\/programme\/programme-grand-public\/"]}]},{"@type":"ImageObject","inLanguage":"en-US","@id":"https:\/\/fetedelascience.ucly.fr\/en\/programme\/programme-grand-public\/#primaryimage","url":"https:\/\/fetedelascience.ucly.fr\/wp-content\/uploads\/sites\/31\/2025\/07\/fds2024_69_vds-ucly_visee-a-17-1200x576.jpg","contentUrl":"https:\/\/fetedelascience.ucly.fr\/wp-content\/uploads\/sites\/31\/2025\/07\/fds2024_69_vds-ucly_visee-a-17-1200x576.jpg","width":1200,"height":675},{"@type":"BreadcrumbList","@id":"https:\/\/fetedelascience.ucly.fr\/en\/programme\/programme-grand-public\/#breadcrumb","itemListElement":[{"@type":"ListItem","position":1,"name":"Accueil","item":"https:\/\/fetedelascience.ucly.fr\/en\/"},{"@type":"ListItem","position":2,"name":"Programme","item":"https:\/\/fetedelascience.ucly.fr\/en\/programme\/"},{"@type":"ListItem","position":3,"name":"Programme Grand Public"}]},{"@type":"WebSite","@id":"https:\/\/fetedelascience.ucly.fr\/en\/#website","url":"https:\/\/fetedelascience.ucly.fr\/en\/","name":"F\u00eate de la Science","description":"","publisher":{"@id":"https:\/\/fetedelascience.ucly.fr\/en\/#organization"},"potentialAction":[{"@type":"SearchAction","target":{"@type":"EntryPoint","urlTemplate":"https:\/\/fetedelascience.ucly.fr\/en\/?s={search_term_string}"},"query-input":{"@type":"PropertyValueSpecification","valueRequired":true,"valueName":"search_term_string"}}],"inLanguage":"en-US"},{"@type":"Organization","@id":"https:\/\/fetedelascience.ucly.fr\/en\/#organization","name":"F\u00eate de la Science","url":"https:\/\/fetedelascience.ucly.fr\/en\/","logo":{"@type":"ImageObject","inLanguage":"en-US","@id":"https:\/\/fetedelascience.ucly.fr\/en\/#\/schema\/logo\/image\/","url":"https:\/\/fetedelascience.ucly.fr\/wp-content\/uploads\/sites\/31\/2024\/07\/cropped-logo-3-ecoles-en-tete-site-fds-2024.png","contentUrl":"https:\/\/fetedelascience.ucly.fr\/wp-content\/uploads\/sites\/31\/2024\/07\/cropped-logo-3-ecoles-en-tete-site-fds-2024.png","width":749,"height":422,"caption":"F\u00eate de la Science"},"image":{"@id":"https:\/\/fetedelascience.ucly.fr\/en\/#\/schema\/logo\/image\/"}}]}},"_links":{"self":[{"href":"https:\/\/fetedelascience.ucly.fr\/en\/wp-json\/wp\/v2\/pages\/497","targetHints":{"allow":["GET"]}}],"collection":[{"href":"https:\/\/fetedelascience.ucly.fr\/en\/wp-json\/wp\/v2\/pages"}],"about":[{"href":"https:\/\/fetedelascience.ucly.fr\/en\/wp-json\/wp\/v2\/types\/page"}],"author":[{"embeddable":true,"href":"https:\/\/fetedelascience.ucly.fr\/en\/wp-json\/wp\/v2\/users\/22"}],"replies":[{"embeddable":true,"href":"https:\/\/fetedelascience.ucly.fr\/en\/wp-json\/wp\/v2\/comments?post=497"}],"version-history":[{"count":3,"href":"https:\/\/fetedelascience.ucly.fr\/en\/wp-json\/wp\/v2\/pages\/497\/revisions"}],"predecessor-version":[{"id":2560,"href":"https:\/\/fetedelascience.ucly.fr\/en\/wp-json\/wp\/v2\/pages\/497\/revisions\/2560"}],"up":[{"embeddable":true,"href":"https:\/\/fetedelascience.ucly.fr\/en\/wp-json\/wp\/v2\/pages\/470"}],"wp:featuredmedia":[{"embeddable":true,"href":"https:\/\/fetedelascience.ucly.fr\/en\/wp-json\/wp\/v2\/media\/2383"}],"wp:attachment":[{"href":"https:\/\/fetedelascience.ucly.fr\/en\/wp-json\/wp\/v2\/media?parent=497"}],"curies":[{"name":"wp","href":"https:\/\/api.w.org\/{rel}","templated":true}]}}