{"id":654,"date":"2020-03-19T16:13:10","date_gmt":"2020-03-19T15:13:10","guid":{"rendered":"https:\/\/fetedelascience.test2.ucly.fr\/?page_id=654"},"modified":"2020-03-20T10:38:13","modified_gmt":"2020-03-20T09:38:13","slug":"atelier-bacteries-antibiotiques-combat","status":"publish","type":"page","link":"https:\/\/fetedelascience.ucly.fr\/en\/programme\/scolaire-college\/atelier-bacteries-antibiotiques-combat\/","title":{"rendered":"Atelier BACT\u00c9RIES ET ANTIBIOTIQUES, QUEL COMBAT !"},"content":{"rendered":"<div class=\"wp-block-text-image\">\n  <div class=\"row align-bottom collapse\">\n    <div class=\"column small-12 medium-6 xlarge-5 xxlarge-expand wp-block-text-image-info js-fade-scroll\">\n      <p class=\"wp-block-text-image-title\">Contenu<\/p>\n      <div class=\"wp-block-text-image-intro\"><ul class=\"rich-text editor-rich-text__editable block-editor-rich-text__editable is-selected\" role=\"textbox\" contenteditable=\"true\" aria-multiline=\"true\" aria-label=\"R\u00e9digez une liste\u2026\">\n<li>Qu\u2019est-ce qu\u2019un antibiotique ?<\/li>\n<li>Comment a-t-on d\u00e9couvert les antibiotiques ?<\/li>\n<li>Que signifie &#8220;r\u00e9sister aux antibiotiques&#8221; ? D\u00e9couverte d&#8217;un antibiogramme, son utilisation et sa lecture<\/li>\n<li>Jeu reconstituant un traitement antibiotique pour comprendre la notion de r\u00e9sistance<\/li>\n<li>Mise en situation ludique pour parler de la transmission bact\u00e9rienne des r\u00e9sistances aux antibiotiques<\/li>\n<\/ul>\n<\/div>\n    <\/div>\n\n    <div class=\"column small-12 medium-6 xlarge-7 xxlarge-shrink wp-block-text-image-picture js-fade-scroll\">\n      <img loading=\"lazy\" decoding=\"async\" width=\"608\" height=\"560\" src=\"https:\/\/fetedelascience.ucly.fr\/wp-content\/uploads\/sites\/31\/2020\/03\/image_anses-608x560.png\" class=\"attachment-text_image size-text_image\" alt=\"Image_ANSES\" srcset=\"https:\/\/fetedelascience.ucly.fr\/wp-content\/uploads\/sites\/31\/2020\/03\/image_anses-608x560.png 608w, https:\/\/fetedelascience.ucly.fr\/wp-content\/uploads\/sites\/31\/2020\/03\/image_anses-550x506.png 550w\" sizes=\"auto, (max-width: 608px) 100vw, 608px\" \/>    <\/div>\n  <\/div>\n<\/div><h2 class=\"wp-block-heading\">Informations pratiques<\/h2><p><strong>Niveau : Coll\u00e8ge<\/strong><\/p><p>Dur\u00e9e de l\u2019atelier&nbsp;: 1h30<\/p><p>Groupe&nbsp;: 1 classe\/cr\u00e9neau horaire<br> <br> <\/p><p><img loading=\"lazy\" decoding=\"async\" width=\"250\" height=\"374\" class=\"wp-image-655\" style=\"width: 250px;\" src=\"https:\/\/fetedelascience.test2.ucly.fr\/wp-content\/uploads\/sites\/31\/2020\/03\/1_fete_de_la_science_2017.jpg\" alt=\"Fete de la Science 2017 Universit\u00e9 Catholique de Lyon\" srcset=\"https:\/\/fetedelascience.ucly.fr\/wp-content\/uploads\/sites\/31\/2020\/03\/1_fete_de_la_science_2017.jpg 250w, https:\/\/fetedelascience.ucly.fr\/wp-content\/uploads\/sites\/31\/2020\/03\/1_fete_de_la_science_2017-94x140.jpg 94w\" sizes=\"auto, (max-width: 250px) 100vw, 250px\" \/><br><br><\/p><h2 class=\"wp-block-heading\">Dates et horaires<\/h2><ul class=\"wp-block-list\"><li>lundi 8 octobre : 10h15-11h45 \/ 14h15-15h45<\/li><li>mardi 9&nbsp;octobre : 13h30-15h \/ 14h15-15h45<\/li><li>mercredi 10 octobre : 9h30-11h \/ 10h15-11h45 \/ 13h30-15h \/ 14h15-15h45<br><br><\/li><\/ul><h2 class=\"wp-block-heading\">Partenariat<\/h2><p>Atelier propos\u00e9 en partenariat avec l'Agence Nationale de S\u00e9curit\u00e9 Sanitaire de l\u2019Alimentation, de l\u2019Environnement et du Travail (ANSES)<\/p><div class=\"wp-block-button js-fade-scroll\">\n\n    <a href=\"https:\/\/fetedelascience.test2.ucly.fr\/programme\/inscriptions\/\" target=\"_blank\" title=\"Inscrire un Groupe\" class=\"button primary\">Inscrire un Groupe<\/a>\n\n  <\/div><div class=\"wp-block-cross-content js-fade-scroll\">\n    <p class=\"wp-block-cross-content-title\">D\u00e9couvrez aussi<\/p>\n            <div class=\"row wp-block-cross-content-row\">\n                                <div class=\"column small-12 medium-6 large-4 wp-block-cross-content-col\">\n                        <a class=\"wp-block-cross-content-top\" href=\"https:\/\/fetedelascience.ucly.fr\/en\/programme\/scolaire-college\/\" title=\"Programme Scolaire - Niveau coll\u00e8ge\">\n                            <span class=\"wp-block-cross-content-name\">Programme Scolaire - Niveau coll\u00e8ge<\/span>\n                            <span class=\"wp-block-cross-content-image\"><img loading=\"lazy\" decoding=\"async\" width=\"630\" height=\"570\" src=\"https:\/\/fetedelascience.ucly.fr\/wp-content\/uploads\/sites\/31\/2021\/06\/header-page-programme-college-630x570.jpg\" class=\" wp-post-image\" alt=\"\" \/><\/span>\n                            <span class=\"wp-block-cross-content-more\">\n                                <span class=\"icon-more\"><\/span>\n                            <\/span>\n                        <\/a>\n                        <div class=\"wp-block-cross-content-excerpt\"><\/div>\n                    <\/div>\n                                                <div class=\"column small-12 medium-6 large-4 wp-block-cross-content-col\">\n                        <a class=\"wp-block-cross-content-top\" href=\"https:\/\/fetedelascience.ucly.fr\/en\/village-sciences\/\" title=\"Village des Sciences\">\n                            <span class=\"wp-block-cross-content-name\">Village des Sciences<\/span>\n                            <span class=\"wp-block-cross-content-image\"><img loading=\"lazy\" decoding=\"async\" width=\"630\" height=\"570\" src=\"https:\/\/fetedelascience.ucly.fr\/wp-content\/uploads\/sites\/31\/2020\/03\/header-enfant-fete-science-concentres-630x570.jpg\" class=\" wp-post-image\" alt=\"header-enfant-fete-science-concentres\" \/><\/span>\n                            <span class=\"wp-block-cross-content-more\">\n                                <span class=\"icon-more\"><\/span>\n                            <\/span>\n                        <\/a>\n                        <div class=\"wp-block-cross-content-excerpt\"><\/div>\n                    <\/div>\n                                                <div class=\"column small-12 medium-6 large-4 wp-block-cross-content-col\">\n                        <a class=\"wp-block-cross-content-top\" href=\"https:\/\/fetedelascience.ucly.fr\/en\/editions-precedentes\/\" title=\"\u00c9ditions pr\u00e9c\u00e9dentes\">\n                            <span class=\"wp-block-cross-content-name\">\u00c9ditions pr\u00e9c\u00e9dentes<\/span>\n                            <span class=\"wp-block-cross-content-image\"><img loading=\"lazy\" decoding=\"async\" width=\"630\" height=\"570\" src=\"https:\/\/fetedelascience.ucly.fr\/wp-content\/uploads\/sites\/31\/2020\/03\/header-fete-science-microscope-630x570.jpg\" class=\" wp-post-image\" alt=\"header-fete-science-microscope\" \/><\/span>\n                            <span class=\"wp-block-cross-content-more\">\n                                <span class=\"icon-more\"><\/span>\n                            <\/span>\n                        <\/a>\n                        <div class=\"wp-block-cross-content-excerpt\"><\/div>\n                    <\/div>\n                                    <\/div>\n    <\/div>","protected":false},"excerpt":{"rendered":"<p>Informations pratiquesNiveau : Coll\u00e8geDur\u00e9e de l\u2019atelier&nbsp;: 1h30Groupe&nbsp;: 1 classe\/cr\u00e9neau horaire Dates et horaireslundi 8 octobre : 10h15-11h45 \/ 14h15-15h45mardi 9&nbsp;octobre : 13h30-15h \/ 14h15-15h45mercredi [&hellip;]<\/p>\n","protected":false},"author":22,"featured_media":365,"parent":474,"menu_order":0,"comment_status":"closed","ping_status":"closed","template":"","meta":{"_acf_changed":false,"footnotes":""},"class_list":["post-654","page","type-page","status-publish","has-post-thumbnail","hentry"],"acf":[],"yoast_head":"<!-- This site is optimized with the Yoast SEO plugin v24.1 - https:\/\/yoast.com\/wordpress\/plugins\/seo\/ -->\n<title>Atelier BACT\u00c9RIES ET ANTIBIOTIQUES, QUEL COMBAT ! - F\u00eate de la Science<\/title>\n<meta name=\"description\" content=\"Qu\u2019est-ce qu\u2019un antibiotique ? Comment les a-t-on d\u00e9couvert ? Que signifie &quot;r\u00e9sister aux antibiotiques&quot; ? D\u00e9couvrez les r\u00e9ponses dans cet atelier.\" \/>\n<meta name=\"robots\" content=\"index, follow, max-snippet:-1, max-image-preview:large, max-video-preview:-1\" \/>\n<link rel=\"canonical\" href=\"https:\/\/fetedelascience.ucly.fr\/en\/programme\/scolaire-college\/atelier-bacteries-antibiotiques-combat\/\" \/>\n<meta property=\"og:locale\" content=\"en_US\" \/>\n<meta property=\"og:type\" content=\"article\" \/>\n<meta property=\"og:title\" content=\"Atelier BACT\u00c9RIES ET ANTIBIOTIQUES, QUEL COMBAT ! - F\u00eate de la Science\" \/>\n<meta property=\"og:description\" content=\"Qu\u2019est-ce qu\u2019un antibiotique ? Comment les a-t-on d\u00e9couvert ? Que signifie &quot;r\u00e9sister aux antibiotiques&quot; ? D\u00e9couvrez les r\u00e9ponses dans cet atelier.\" \/>\n<meta property=\"og:url\" content=\"https:\/\/fetedelascience.ucly.fr\/en\/programme\/scolaire-college\/atelier-bacteries-antibiotiques-combat\/\" \/>\n<meta property=\"og:site_name\" content=\"F\u00eate de la Science\" \/>\n<meta property=\"article:modified_time\" content=\"2020-03-20T09:38:13+00:00\" \/>\n<meta property=\"og:image\" content=\"https:\/\/fetedelascience.ucly.fr\/wp-content\/uploads\/sites\/31\/2020\/03\/header-fete-science-microscope.jpg\" \/>\n\t<meta property=\"og:image:width\" content=\"1920\" \/>\n\t<meta property=\"og:image:height\" content=\"575\" \/>\n\t<meta property=\"og:image:type\" content=\"image\/jpeg\" \/>\n<meta name=\"twitter:card\" content=\"summary_large_image\" \/>\n<script type=\"application\/ld+json\" class=\"yoast-schema-graph\">{\"@context\":\"https:\/\/schema.org\",\"@graph\":[{\"@type\":\"WebPage\",\"@id\":\"https:\/\/fetedelascience.ucly.fr\/en\/programme\/scolaire-college\/atelier-bacteries-antibiotiques-combat\/\",\"url\":\"https:\/\/fetedelascience.ucly.fr\/en\/programme\/scolaire-college\/atelier-bacteries-antibiotiques-combat\/\",\"name\":\"Atelier BACT\u00c9RIES ET ANTIBIOTIQUES, QUEL COMBAT ! - F\u00eate de la Science\",\"isPartOf\":{\"@id\":\"https:\/\/fetedelascience.ucly.fr\/en\/#website\"},\"primaryImageOfPage\":{\"@id\":\"https:\/\/fetedelascience.ucly.fr\/en\/programme\/scolaire-college\/atelier-bacteries-antibiotiques-combat\/#primaryimage\"},\"image\":{\"@id\":\"https:\/\/fetedelascience.ucly.fr\/en\/programme\/scolaire-college\/atelier-bacteries-antibiotiques-combat\/#primaryimage\"},\"thumbnailUrl\":\"https:\/\/fetedelascience.ucly.fr\/wp-content\/uploads\/sites\/31\/2020\/03\/header-fete-science-microscope.jpg\",\"datePublished\":\"2020-03-19T15:13:10+00:00\",\"dateModified\":\"2020-03-20T09:38:13+00:00\",\"description\":\"Qu\u2019est-ce qu\u2019un antibiotique ? Comment les a-t-on d\u00e9couvert ? Que signifie \\\"r\u00e9sister aux antibiotiques\\\" ? D\u00e9couvrez les r\u00e9ponses dans cet atelier.\",\"breadcrumb\":{\"@id\":\"https:\/\/fetedelascience.ucly.fr\/en\/programme\/scolaire-college\/atelier-bacteries-antibiotiques-combat\/#breadcrumb\"},\"inLanguage\":\"en-US\",\"potentialAction\":[{\"@type\":\"ReadAction\",\"target\":[\"https:\/\/fetedelascience.ucly.fr\/en\/programme\/scolaire-college\/atelier-bacteries-antibiotiques-combat\/\"]}]},{\"@type\":\"ImageObject\",\"inLanguage\":\"en-US\",\"@id\":\"https:\/\/fetedelascience.ucly.fr\/en\/programme\/scolaire-college\/atelier-bacteries-antibiotiques-combat\/#primaryimage\",\"url\":\"https:\/\/fetedelascience.ucly.fr\/wp-content\/uploads\/sites\/31\/2020\/03\/header-fete-science-microscope.jpg\",\"contentUrl\":\"https:\/\/fetedelascience.ucly.fr\/wp-content\/uploads\/sites\/31\/2020\/03\/header-fete-science-microscope.jpg\",\"width\":1920,\"height\":575,\"caption\":\"header-fete-science-microscope\"},{\"@type\":\"BreadcrumbList\",\"@id\":\"https:\/\/fetedelascience.ucly.fr\/en\/programme\/scolaire-college\/atelier-bacteries-antibiotiques-combat\/#breadcrumb\",\"itemListElement\":[{\"@type\":\"ListItem\",\"position\":1,\"name\":\"Accueil\",\"item\":\"https:\/\/fetedelascience.ucly.fr\/en\/\"},{\"@type\":\"ListItem\",\"position\":2,\"name\":\"Programme\",\"item\":\"https:\/\/fetedelascience.ucly.fr\/en\/programme\/\"},{\"@type\":\"ListItem\",\"position\":3,\"name\":\"Programme Scolaire - Niveau coll\u00e8ge\",\"item\":\"https:\/\/fetedelascience.ucly.fr\/en\/programme\/scolaire-college\/\"},{\"@type\":\"ListItem\",\"position\":4,\"name\":\"Atelier BACT\u00c9RIES ET ANTIBIOTIQUES, QUEL COMBAT !\"}]},{\"@type\":\"WebSite\",\"@id\":\"https:\/\/fetedelascience.ucly.fr\/en\/#website\",\"url\":\"https:\/\/fetedelascience.ucly.fr\/en\/\",\"name\":\"F\u00eate de la Science\",\"description\":\"\",\"publisher\":{\"@id\":\"https:\/\/fetedelascience.ucly.fr\/en\/#organization\"},\"potentialAction\":[{\"@type\":\"SearchAction\",\"target\":{\"@type\":\"EntryPoint\",\"urlTemplate\":\"https:\/\/fetedelascience.ucly.fr\/en\/?s={search_term_string}\"},\"query-input\":{\"@type\":\"PropertyValueSpecification\",\"valueRequired\":true,\"valueName\":\"search_term_string\"}}],\"inLanguage\":\"en-US\"},{\"@type\":\"Organization\",\"@id\":\"https:\/\/fetedelascience.ucly.fr\/en\/#organization\",\"name\":\"F\u00eate de la Science\",\"url\":\"https:\/\/fetedelascience.ucly.fr\/en\/\",\"logo\":{\"@type\":\"ImageObject\",\"inLanguage\":\"en-US\",\"@id\":\"https:\/\/fetedelascience.ucly.fr\/en\/#\/schema\/logo\/image\/\",\"url\":\"https:\/\/fetedelascience.ucly.fr\/wp-content\/uploads\/sites\/31\/2024\/07\/cropped-logo-3-ecoles-en-tete-site-fds-2024.png\",\"contentUrl\":\"https:\/\/fetedelascience.ucly.fr\/wp-content\/uploads\/sites\/31\/2024\/07\/cropped-logo-3-ecoles-en-tete-site-fds-2024.png\",\"width\":749,\"height\":422,\"caption\":\"F\u00eate de la Science\"},\"image\":{\"@id\":\"https:\/\/fetedelascience.ucly.fr\/en\/#\/schema\/logo\/image\/\"}}]}<\/script>\n<!-- \/ Yoast SEO plugin. -->","yoast_head_json":{"title":"Atelier BACT\u00c9RIES ET ANTIBIOTIQUES, QUEL COMBAT ! - F\u00eate de la Science","description":"Qu\u2019est-ce qu\u2019un antibiotique ? Comment les a-t-on d\u00e9couvert ? Que signifie \"r\u00e9sister aux antibiotiques\" ? D\u00e9couvrez les r\u00e9ponses dans cet atelier.","robots":{"index":"index","follow":"follow","max-snippet":"max-snippet:-1","max-image-preview":"max-image-preview:large","max-video-preview":"max-video-preview:-1"},"canonical":"https:\/\/fetedelascience.ucly.fr\/en\/programme\/scolaire-college\/atelier-bacteries-antibiotiques-combat\/","og_locale":"en_US","og_type":"article","og_title":"Atelier BACT\u00c9RIES ET ANTIBIOTIQUES, QUEL COMBAT ! - F\u00eate de la Science","og_description":"Qu\u2019est-ce qu\u2019un antibiotique ? Comment les a-t-on d\u00e9couvert ? Que signifie \"r\u00e9sister aux antibiotiques\" ? D\u00e9couvrez les r\u00e9ponses dans cet atelier.","og_url":"https:\/\/fetedelascience.ucly.fr\/en\/programme\/scolaire-college\/atelier-bacteries-antibiotiques-combat\/","og_site_name":"F\u00eate de la Science","article_modified_time":"2020-03-20T09:38:13+00:00","og_image":[{"width":1920,"height":575,"url":"https:\/\/fetedelascience.ucly.fr\/wp-content\/uploads\/sites\/31\/2020\/03\/header-fete-science-microscope.jpg","type":"image\/jpeg"}],"twitter_card":"summary_large_image","schema":{"@context":"https:\/\/schema.org","@graph":[{"@type":"WebPage","@id":"https:\/\/fetedelascience.ucly.fr\/en\/programme\/scolaire-college\/atelier-bacteries-antibiotiques-combat\/","url":"https:\/\/fetedelascience.ucly.fr\/en\/programme\/scolaire-college\/atelier-bacteries-antibiotiques-combat\/","name":"Atelier BACT\u00c9RIES ET ANTIBIOTIQUES, QUEL COMBAT ! - F\u00eate de la Science","isPartOf":{"@id":"https:\/\/fetedelascience.ucly.fr\/en\/#website"},"primaryImageOfPage":{"@id":"https:\/\/fetedelascience.ucly.fr\/en\/programme\/scolaire-college\/atelier-bacteries-antibiotiques-combat\/#primaryimage"},"image":{"@id":"https:\/\/fetedelascience.ucly.fr\/en\/programme\/scolaire-college\/atelier-bacteries-antibiotiques-combat\/#primaryimage"},"thumbnailUrl":"https:\/\/fetedelascience.ucly.fr\/wp-content\/uploads\/sites\/31\/2020\/03\/header-fete-science-microscope.jpg","datePublished":"2020-03-19T15:13:10+00:00","dateModified":"2020-03-20T09:38:13+00:00","description":"Qu\u2019est-ce qu\u2019un antibiotique ? Comment les a-t-on d\u00e9couvert ? Que signifie \"r\u00e9sister aux antibiotiques\" ? D\u00e9couvrez les r\u00e9ponses dans cet atelier.","breadcrumb":{"@id":"https:\/\/fetedelascience.ucly.fr\/en\/programme\/scolaire-college\/atelier-bacteries-antibiotiques-combat\/#breadcrumb"},"inLanguage":"en-US","potentialAction":[{"@type":"ReadAction","target":["https:\/\/fetedelascience.ucly.fr\/en\/programme\/scolaire-college\/atelier-bacteries-antibiotiques-combat\/"]}]},{"@type":"ImageObject","inLanguage":"en-US","@id":"https:\/\/fetedelascience.ucly.fr\/en\/programme\/scolaire-college\/atelier-bacteries-antibiotiques-combat\/#primaryimage","url":"https:\/\/fetedelascience.ucly.fr\/wp-content\/uploads\/sites\/31\/2020\/03\/header-fete-science-microscope.jpg","contentUrl":"https:\/\/fetedelascience.ucly.fr\/wp-content\/uploads\/sites\/31\/2020\/03\/header-fete-science-microscope.jpg","width":1920,"height":575,"caption":"header-fete-science-microscope"},{"@type":"BreadcrumbList","@id":"https:\/\/fetedelascience.ucly.fr\/en\/programme\/scolaire-college\/atelier-bacteries-antibiotiques-combat\/#breadcrumb","itemListElement":[{"@type":"ListItem","position":1,"name":"Accueil","item":"https:\/\/fetedelascience.ucly.fr\/en\/"},{"@type":"ListItem","position":2,"name":"Programme","item":"https:\/\/fetedelascience.ucly.fr\/en\/programme\/"},{"@type":"ListItem","position":3,"name":"Programme Scolaire - Niveau coll\u00e8ge","item":"https:\/\/fetedelascience.ucly.fr\/en\/programme\/scolaire-college\/"},{"@type":"ListItem","position":4,"name":"Atelier BACT\u00c9RIES ET ANTIBIOTIQUES, QUEL COMBAT !"}]},{"@type":"WebSite","@id":"https:\/\/fetedelascience.ucly.fr\/en\/#website","url":"https:\/\/fetedelascience.ucly.fr\/en\/","name":"F\u00eate de la Science","description":"","publisher":{"@id":"https:\/\/fetedelascience.ucly.fr\/en\/#organization"},"potentialAction":[{"@type":"SearchAction","target":{"@type":"EntryPoint","urlTemplate":"https:\/\/fetedelascience.ucly.fr\/en\/?s={search_term_string}"},"query-input":{"@type":"PropertyValueSpecification","valueRequired":true,"valueName":"search_term_string"}}],"inLanguage":"en-US"},{"@type":"Organization","@id":"https:\/\/fetedelascience.ucly.fr\/en\/#organization","name":"F\u00eate de la Science","url":"https:\/\/fetedelascience.ucly.fr\/en\/","logo":{"@type":"ImageObject","inLanguage":"en-US","@id":"https:\/\/fetedelascience.ucly.fr\/en\/#\/schema\/logo\/image\/","url":"https:\/\/fetedelascience.ucly.fr\/wp-content\/uploads\/sites\/31\/2024\/07\/cropped-logo-3-ecoles-en-tete-site-fds-2024.png","contentUrl":"https:\/\/fetedelascience.ucly.fr\/wp-content\/uploads\/sites\/31\/2024\/07\/cropped-logo-3-ecoles-en-tete-site-fds-2024.png","width":749,"height":422,"caption":"F\u00eate de la Science"},"image":{"@id":"https:\/\/fetedelascience.ucly.fr\/en\/#\/schema\/logo\/image\/"}}]}},"_links":{"self":[{"href":"https:\/\/fetedelascience.ucly.fr\/en\/wp-json\/wp\/v2\/pages\/654","targetHints":{"allow":["GET"]}}],"collection":[{"href":"https:\/\/fetedelascience.ucly.fr\/en\/wp-json\/wp\/v2\/pages"}],"about":[{"href":"https:\/\/fetedelascience.ucly.fr\/en\/wp-json\/wp\/v2\/types\/page"}],"author":[{"embeddable":true,"href":"https:\/\/fetedelascience.ucly.fr\/en\/wp-json\/wp\/v2\/users\/22"}],"replies":[{"embeddable":true,"href":"https:\/\/fetedelascience.ucly.fr\/en\/wp-json\/wp\/v2\/comments?post=654"}],"version-history":[{"count":10,"href":"https:\/\/fetedelascience.ucly.fr\/en\/wp-json\/wp\/v2\/pages\/654\/revisions"}],"predecessor-version":[{"id":739,"href":"https:\/\/fetedelascience.ucly.fr\/en\/wp-json\/wp\/v2\/pages\/654\/revisions\/739"}],"up":[{"embeddable":true,"href":"https:\/\/fetedelascience.ucly.fr\/en\/wp-json\/wp\/v2\/pages\/474"}],"wp:featuredmedia":[{"embeddable":true,"href":"https:\/\/fetedelascience.ucly.fr\/en\/wp-json\/wp\/v2\/media\/365"}],"wp:attachment":[{"href":"https:\/\/fetedelascience.ucly.fr\/en\/wp-json\/wp\/v2\/media?parent=654"}],"curies":[{"name":"wp","href":"https:\/\/api.w.org\/{rel}","templated":true}]}}