{"id":768,"date":"2020-03-20T11:13:27","date_gmt":"2020-03-20T10:13:27","guid":{"rendered":"https:\/\/fetedelascience.test2.ucly.fr\/?page_id=768"},"modified":"2020-03-20T11:13:56","modified_gmt":"2020-03-20T10:13:56","slug":"atelier-organisme-adn-echelle-vivant","status":"publish","type":"page","link":"https:\/\/fetedelascience.ucly.fr\/en\/programme\/programme-grand-public\/atelier-organisme-adn-echelle-vivant\/","title":{"rendered":"Atelier DE L\u2019ORGANISME A L\u2019ADN, ECHELLE DU VIVANT"},"content":{"rendered":"<div class=\"wp-block-text-image\">\n  <div class=\"row align-bottom collapse\">\n    <div class=\"column small-12 medium-6 xlarge-5 xxlarge-expand wp-block-text-image-info js-fade-scroll\">\n      <p class=\"wp-block-text-image-title\">Contenu<\/p>\n      <div class=\"wp-block-text-image-intro\"><p>&nbsp;<\/p>\n<ul>\n<li>Jeu d&#8217;introduction sur la taille des organismes<\/li>\n<li>Observation de microorganismes issus du quotidien : eau croupie, moisissures de fruits\u2026<\/li>\n<li>Utilisation des microorganismes dans l&#8217;alimentation : yaourt, pain&#8230;<\/li>\n<li>Focus sur l&#8217;ADN : extraction en direct et observation de cellules et leur noyau<\/li>\n<\/ul>\n<p>&nbsp;<\/p>\n<\/div>\n    <\/div>\n\n    <div class=\"column small-12 medium-6 xlarge-7 xxlarge-shrink wp-block-text-image-picture js-fade-scroll\">\n      <img loading=\"lazy\" decoding=\"async\" width=\"500\" height=\"329\" src=\"https:\/\/fetedelascience.ucly.fr\/wp-content\/uploads\/sites\/31\/2020\/03\/adn_precipite.jpg\" class=\"attachment-text_image size-text_image\" alt=\"ADN_precipite\" srcset=\"https:\/\/fetedelascience.ucly.fr\/wp-content\/uploads\/sites\/31\/2020\/03\/adn_precipite.jpg 500w, https:\/\/fetedelascience.ucly.fr\/wp-content\/uploads\/sites\/31\/2020\/03\/adn_precipite-213x140.jpg 213w\" sizes=\"auto, (max-width: 500px) 100vw, 500px\" \/>    <\/div>\n  <\/div>\n<\/div><h2 class=\"wp-block-heading\">Informations pratiques<\/h2><p><strong>Mercredi 9 octobre : 14h-16h<\/strong><\/p><p>Dur\u00e9e de l\u2019atelier : 1h<\/p><p>Accessible tout public \u00e0 partir de 9 ans<\/p><p><strong>Acc\u00e8s libre sans inscription <\/strong><br><br><\/p><p><img loading=\"lazy\" decoding=\"async\" width=\"250\" height=\"187\" class=\"wp-image-571\" style=\"width: 250px;\" src=\"https:\/\/fetedelascience.test2.ucly.fr\/wp-content\/uploads\/sites\/31\/2020\/03\/3-fete_de_la_science_2016-2.jpg\" alt=\"Fete_de_la_Science\" srcset=\"https:\/\/fetedelascience.ucly.fr\/wp-content\/uploads\/sites\/31\/2020\/03\/3-fete_de_la_science_2016-2.jpg 250w, https:\/\/fetedelascience.ucly.fr\/wp-content\/uploads\/sites\/31\/2020\/03\/3-fete_de_la_science_2016-2-187x140.jpg 187w\" sizes=\"auto, (max-width: 250px) 100vw, 250px\" \/><img loading=\"lazy\" decoding=\"async\" width=\"250\" height=\"187\" class=\"wp-image-568\" style=\"width: 250px;\" src=\"https:\/\/fetedelascience.test2.ucly.fr\/wp-content\/uploads\/sites\/31\/2020\/03\/3-fete_de_la_science_2016-1.jpg\" alt=\"Fete_de_la_Science\" srcset=\"https:\/\/fetedelascience.ucly.fr\/wp-content\/uploads\/sites\/31\/2020\/03\/3-fete_de_la_science_2016-1.jpg 250w, https:\/\/fetedelascience.ucly.fr\/wp-content\/uploads\/sites\/31\/2020\/03\/3-fete_de_la_science_2016-1-187x140.jpg 187w\" sizes=\"auto, (max-width: 250px) 100vw, 250px\" \/><img loading=\"lazy\" decoding=\"async\" width=\"250\" height=\"187\" class=\"wp-image-580\" style=\"width: 250px;\" src=\"https:\/\/fetedelascience.test2.ucly.fr\/wp-content\/uploads\/sites\/31\/2020\/03\/fete_de_la_science_2016-7.jpg\" alt=\"Fete_de_la_Science\" srcset=\"https:\/\/fetedelascience.ucly.fr\/wp-content\/uploads\/sites\/31\/2020\/03\/fete_de_la_science_2016-7.jpg 250w, https:\/\/fetedelascience.ucly.fr\/wp-content\/uploads\/sites\/31\/2020\/03\/fete_de_la_science_2016-7-187x140.jpg 187w\" sizes=\"auto, (max-width: 250px) 100vw, 250px\" \/><img loading=\"lazy\" decoding=\"async\" width=\"250\" height=\"187\" class=\"wp-image-574\" style=\"width: 250px;\" src=\"https:\/\/fetedelascience.test2.ucly.fr\/wp-content\/uploads\/sites\/31\/2020\/03\/4-fete_de_la_science_2016.jpg\" alt=\"Fete_de_la_Science\" srcset=\"https:\/\/fetedelascience.ucly.fr\/wp-content\/uploads\/sites\/31\/2020\/03\/4-fete_de_la_science_2016.jpg 250w, https:\/\/fetedelascience.ucly.fr\/wp-content\/uploads\/sites\/31\/2020\/03\/4-fete_de_la_science_2016-187x140.jpg 187w\" sizes=\"auto, (max-width: 250px) 100vw, 250px\" \/><img loading=\"lazy\" decoding=\"async\" width=\"250\" height=\"187\" class=\"wp-image-577\" style=\"width: 250px;\" src=\"https:\/\/fetedelascience.test2.ucly.fr\/wp-content\/uploads\/sites\/31\/2020\/03\/5-fete_de_la_science_2016.jpg\" alt=\"Fete_de_la_Science\" srcset=\"https:\/\/fetedelascience.ucly.fr\/wp-content\/uploads\/sites\/31\/2020\/03\/5-fete_de_la_science_2016.jpg 250w, https:\/\/fetedelascience.ucly.fr\/wp-content\/uploads\/sites\/31\/2020\/03\/5-fete_de_la_science_2016-187x140.jpg 187w\" sizes=\"auto, (max-width: 250px) 100vw, 250px\" \/><\/p><div class=\"wp-block-cross-content js-fade-scroll\">\n    <p class=\"wp-block-cross-content-title\">D\u00e9couvrez aussi<\/p>\n            <div class=\"row wp-block-cross-content-row\">\n                                <div class=\"column small-12 medium-6 large-4 wp-block-cross-content-col\">\n                        <a class=\"wp-block-cross-content-top\" href=\"https:\/\/fetedelascience.ucly.fr\/en\/programme\/programme-grand-public\/\" title=\"Programme Grand Public\">\n                            <span class=\"wp-block-cross-content-name\">Programme Grand Public<\/span>\n                            <span class=\"wp-block-cross-content-image\"><img loading=\"lazy\" decoding=\"async\" width=\"630\" height=\"570\" src=\"https:\/\/fetedelascience.ucly.fr\/wp-content\/uploads\/sites\/31\/2025\/07\/fds2024_69_vds-ucly_visee-a-17-630x570.jpg\" class=\" wp-post-image\" alt=\"\" \/><\/span>\n                            <span class=\"wp-block-cross-content-more\">\n                                <span class=\"icon-more\"><\/span>\n                            <\/span>\n                        <\/a>\n                        <div class=\"wp-block-cross-content-excerpt\"><\/div>\n                    <\/div>\n                                                <div class=\"column small-12 medium-6 large-4 wp-block-cross-content-col\">\n                        <a class=\"wp-block-cross-content-top\" href=\"https:\/\/fetedelascience.ucly.fr\/en\/village-sciences\/\" title=\"Village des Sciences\">\n                            <span class=\"wp-block-cross-content-name\">Village des Sciences<\/span>\n                            <span class=\"wp-block-cross-content-image\"><img loading=\"lazy\" decoding=\"async\" width=\"630\" height=\"570\" src=\"https:\/\/fetedelascience.ucly.fr\/wp-content\/uploads\/sites\/31\/2020\/03\/header-enfant-fete-science-concentres-630x570.jpg\" class=\" wp-post-image\" alt=\"header-enfant-fete-science-concentres\" \/><\/span>\n                            <span class=\"wp-block-cross-content-more\">\n                                <span class=\"icon-more\"><\/span>\n                            <\/span>\n                        <\/a>\n                        <div class=\"wp-block-cross-content-excerpt\"><\/div>\n                    <\/div>\n                                                <div class=\"column small-12 medium-6 large-4 wp-block-cross-content-col\">\n                        <a class=\"wp-block-cross-content-top\" href=\"https:\/\/fetedelascience.ucly.fr\/en\/editions-precedentes\/\" title=\"\u00c9ditions pr\u00e9c\u00e9dentes\">\n                            <span class=\"wp-block-cross-content-name\">\u00c9ditions pr\u00e9c\u00e9dentes<\/span>\n                            <span class=\"wp-block-cross-content-image\"><img loading=\"lazy\" decoding=\"async\" width=\"630\" height=\"570\" src=\"https:\/\/fetedelascience.ucly.fr\/wp-content\/uploads\/sites\/31\/2020\/03\/header-fete-science-microscope-630x570.jpg\" class=\" wp-post-image\" alt=\"header-fete-science-microscope\" \/><\/span>\n                            <span class=\"wp-block-cross-content-more\">\n                                <span class=\"icon-more\"><\/span>\n                            <\/span>\n                        <\/a>\n                        <div class=\"wp-block-cross-content-excerpt\"><\/div>\n                    <\/div>\n                                    <\/div>\n    <\/div>","protected":false},"excerpt":{"rendered":"<p>Informations pratiquesMercredi 9 octobre : 14h-16hDur\u00e9e de l\u2019atelier : 1hAccessible tout public \u00e0 partir de 9 ansAcc\u00e8s libre sans inscription<\/p>\n","protected":false},"author":22,"featured_media":362,"parent":497,"menu_order":0,"comment_status":"closed","ping_status":"closed","template":"","meta":{"_acf_changed":false,"footnotes":""},"class_list":["post-768","page","type-page","status-publish","has-post-thumbnail","hentry"],"acf":[],"yoast_head":"<!-- This site is optimized with the Yoast SEO plugin v24.1 - https:\/\/yoast.com\/wordpress\/plugins\/seo\/ -->\n<title>Atelier DE L\u2019ORGANISME A L\u2019ADN, ECHELLE DU VIVANT - F\u00eate de la Science<\/title>\n<meta name=\"description\" content=\"Venez nombreux d\u00e9couvrir les organismes comme vous ne les avez jamais vus. De l&#039;organisme \u00e0 l&#039;ADN, suivez l&#039;\u00e9chelle du vivant \u00e0 la F\u00eate de la Science.\" \/>\n<meta name=\"robots\" content=\"index, follow, max-snippet:-1, max-image-preview:large, max-video-preview:-1\" \/>\n<link rel=\"canonical\" href=\"https:\/\/fetedelascience.ucly.fr\/en\/programme\/programme-grand-public\/atelier-organisme-adn-echelle-vivant\/\" \/>\n<meta property=\"og:locale\" content=\"en_US\" \/>\n<meta property=\"og:type\" content=\"article\" \/>\n<meta property=\"og:title\" content=\"Atelier DE L\u2019ORGANISME A L\u2019ADN, ECHELLE DU VIVANT - F\u00eate de la Science\" \/>\n<meta property=\"og:description\" content=\"Venez nombreux d\u00e9couvrir les organismes comme vous ne les avez jamais vus. De l&#039;organisme \u00e0 l&#039;ADN, suivez l&#039;\u00e9chelle du vivant \u00e0 la F\u00eate de la Science.\" \/>\n<meta property=\"og:url\" content=\"https:\/\/fetedelascience.ucly.fr\/en\/programme\/programme-grand-public\/atelier-organisme-adn-echelle-vivant\/\" \/>\n<meta property=\"og:site_name\" content=\"F\u00eate de la Science\" \/>\n<meta property=\"article:modified_time\" content=\"2020-03-20T10:13:56+00:00\" \/>\n<meta property=\"og:image\" content=\"https:\/\/fetedelascience.ucly.fr\/wp-content\/uploads\/sites\/31\/2020\/03\/header-fete-science-enfants-demonstration.jpg\" \/>\n\t<meta property=\"og:image:width\" content=\"1920\" \/>\n\t<meta property=\"og:image:height\" content=\"575\" \/>\n\t<meta property=\"og:image:type\" content=\"image\/jpeg\" \/>\n<meta name=\"twitter:card\" content=\"summary_large_image\" \/>\n<script type=\"application\/ld+json\" class=\"yoast-schema-graph\">{\"@context\":\"https:\/\/schema.org\",\"@graph\":[{\"@type\":\"WebPage\",\"@id\":\"https:\/\/fetedelascience.ucly.fr\/en\/programme\/programme-grand-public\/atelier-organisme-adn-echelle-vivant\/\",\"url\":\"https:\/\/fetedelascience.ucly.fr\/en\/programme\/programme-grand-public\/atelier-organisme-adn-echelle-vivant\/\",\"name\":\"Atelier DE L\u2019ORGANISME A L\u2019ADN, ECHELLE DU VIVANT - F\u00eate de la Science\",\"isPartOf\":{\"@id\":\"https:\/\/fetedelascience.ucly.fr\/en\/#website\"},\"primaryImageOfPage\":{\"@id\":\"https:\/\/fetedelascience.ucly.fr\/en\/programme\/programme-grand-public\/atelier-organisme-adn-echelle-vivant\/#primaryimage\"},\"image\":{\"@id\":\"https:\/\/fetedelascience.ucly.fr\/en\/programme\/programme-grand-public\/atelier-organisme-adn-echelle-vivant\/#primaryimage\"},\"thumbnailUrl\":\"https:\/\/fetedelascience.ucly.fr\/wp-content\/uploads\/sites\/31\/2020\/03\/header-fete-science-enfants-demonstration.jpg\",\"datePublished\":\"2020-03-20T10:13:27+00:00\",\"dateModified\":\"2020-03-20T10:13:56+00:00\",\"description\":\"Venez nombreux d\u00e9couvrir les organismes comme vous ne les avez jamais vus. De l'organisme \u00e0 l'ADN, suivez l'\u00e9chelle du vivant \u00e0 la F\u00eate de la Science.\",\"breadcrumb\":{\"@id\":\"https:\/\/fetedelascience.ucly.fr\/en\/programme\/programme-grand-public\/atelier-organisme-adn-echelle-vivant\/#breadcrumb\"},\"inLanguage\":\"en-US\",\"potentialAction\":[{\"@type\":\"ReadAction\",\"target\":[\"https:\/\/fetedelascience.ucly.fr\/en\/programme\/programme-grand-public\/atelier-organisme-adn-echelle-vivant\/\"]}]},{\"@type\":\"ImageObject\",\"inLanguage\":\"en-US\",\"@id\":\"https:\/\/fetedelascience.ucly.fr\/en\/programme\/programme-grand-public\/atelier-organisme-adn-echelle-vivant\/#primaryimage\",\"url\":\"https:\/\/fetedelascience.ucly.fr\/wp-content\/uploads\/sites\/31\/2020\/03\/header-fete-science-enfants-demonstration.jpg\",\"contentUrl\":\"https:\/\/fetedelascience.ucly.fr\/wp-content\/uploads\/sites\/31\/2020\/03\/header-fete-science-enfants-demonstration.jpg\",\"width\":1920,\"height\":575,\"caption\":\"header-fete-science-enfants-demonstration\"},{\"@type\":\"BreadcrumbList\",\"@id\":\"https:\/\/fetedelascience.ucly.fr\/en\/programme\/programme-grand-public\/atelier-organisme-adn-echelle-vivant\/#breadcrumb\",\"itemListElement\":[{\"@type\":\"ListItem\",\"position\":1,\"name\":\"Accueil\",\"item\":\"https:\/\/fetedelascience.ucly.fr\/en\/\"},{\"@type\":\"ListItem\",\"position\":2,\"name\":\"Programme\",\"item\":\"https:\/\/fetedelascience.ucly.fr\/en\/programme\/\"},{\"@type\":\"ListItem\",\"position\":3,\"name\":\"Programme Grand Public\",\"item\":\"https:\/\/fetedelascience.ucly.fr\/en\/programme\/programme-grand-public\/\"},{\"@type\":\"ListItem\",\"position\":4,\"name\":\"Atelier DE L\u2019ORGANISME A L\u2019ADN, ECHELLE DU VIVANT\"}]},{\"@type\":\"WebSite\",\"@id\":\"https:\/\/fetedelascience.ucly.fr\/en\/#website\",\"url\":\"https:\/\/fetedelascience.ucly.fr\/en\/\",\"name\":\"F\u00eate de la Science\",\"description\":\"\",\"publisher\":{\"@id\":\"https:\/\/fetedelascience.ucly.fr\/en\/#organization\"},\"potentialAction\":[{\"@type\":\"SearchAction\",\"target\":{\"@type\":\"EntryPoint\",\"urlTemplate\":\"https:\/\/fetedelascience.ucly.fr\/en\/?s={search_term_string}\"},\"query-input\":{\"@type\":\"PropertyValueSpecification\",\"valueRequired\":true,\"valueName\":\"search_term_string\"}}],\"inLanguage\":\"en-US\"},{\"@type\":\"Organization\",\"@id\":\"https:\/\/fetedelascience.ucly.fr\/en\/#organization\",\"name\":\"F\u00eate de la Science\",\"url\":\"https:\/\/fetedelascience.ucly.fr\/en\/\",\"logo\":{\"@type\":\"ImageObject\",\"inLanguage\":\"en-US\",\"@id\":\"https:\/\/fetedelascience.ucly.fr\/en\/#\/schema\/logo\/image\/\",\"url\":\"https:\/\/fetedelascience.ucly.fr\/wp-content\/uploads\/sites\/31\/2024\/07\/cropped-logo-3-ecoles-en-tete-site-fds-2024.png\",\"contentUrl\":\"https:\/\/fetedelascience.ucly.fr\/wp-content\/uploads\/sites\/31\/2024\/07\/cropped-logo-3-ecoles-en-tete-site-fds-2024.png\",\"width\":749,\"height\":422,\"caption\":\"F\u00eate de la Science\"},\"image\":{\"@id\":\"https:\/\/fetedelascience.ucly.fr\/en\/#\/schema\/logo\/image\/\"}}]}<\/script>\n<!-- \/ Yoast SEO plugin. -->","yoast_head_json":{"title":"Atelier DE L\u2019ORGANISME A L\u2019ADN, ECHELLE DU VIVANT - F\u00eate de la Science","description":"Venez nombreux d\u00e9couvrir les organismes comme vous ne les avez jamais vus. De l'organisme \u00e0 l'ADN, suivez l'\u00e9chelle du vivant \u00e0 la F\u00eate de la Science.","robots":{"index":"index","follow":"follow","max-snippet":"max-snippet:-1","max-image-preview":"max-image-preview:large","max-video-preview":"max-video-preview:-1"},"canonical":"https:\/\/fetedelascience.ucly.fr\/en\/programme\/programme-grand-public\/atelier-organisme-adn-echelle-vivant\/","og_locale":"en_US","og_type":"article","og_title":"Atelier DE L\u2019ORGANISME A L\u2019ADN, ECHELLE DU VIVANT - F\u00eate de la Science","og_description":"Venez nombreux d\u00e9couvrir les organismes comme vous ne les avez jamais vus. De l'organisme \u00e0 l'ADN, suivez l'\u00e9chelle du vivant \u00e0 la F\u00eate de la Science.","og_url":"https:\/\/fetedelascience.ucly.fr\/en\/programme\/programme-grand-public\/atelier-organisme-adn-echelle-vivant\/","og_site_name":"F\u00eate de la Science","article_modified_time":"2020-03-20T10:13:56+00:00","og_image":[{"width":1920,"height":575,"url":"https:\/\/fetedelascience.ucly.fr\/wp-content\/uploads\/sites\/31\/2020\/03\/header-fete-science-enfants-demonstration.jpg","type":"image\/jpeg"}],"twitter_card":"summary_large_image","schema":{"@context":"https:\/\/schema.org","@graph":[{"@type":"WebPage","@id":"https:\/\/fetedelascience.ucly.fr\/en\/programme\/programme-grand-public\/atelier-organisme-adn-echelle-vivant\/","url":"https:\/\/fetedelascience.ucly.fr\/en\/programme\/programme-grand-public\/atelier-organisme-adn-echelle-vivant\/","name":"Atelier DE L\u2019ORGANISME A L\u2019ADN, ECHELLE DU VIVANT - F\u00eate de la Science","isPartOf":{"@id":"https:\/\/fetedelascience.ucly.fr\/en\/#website"},"primaryImageOfPage":{"@id":"https:\/\/fetedelascience.ucly.fr\/en\/programme\/programme-grand-public\/atelier-organisme-adn-echelle-vivant\/#primaryimage"},"image":{"@id":"https:\/\/fetedelascience.ucly.fr\/en\/programme\/programme-grand-public\/atelier-organisme-adn-echelle-vivant\/#primaryimage"},"thumbnailUrl":"https:\/\/fetedelascience.ucly.fr\/wp-content\/uploads\/sites\/31\/2020\/03\/header-fete-science-enfants-demonstration.jpg","datePublished":"2020-03-20T10:13:27+00:00","dateModified":"2020-03-20T10:13:56+00:00","description":"Venez nombreux d\u00e9couvrir les organismes comme vous ne les avez jamais vus. De l'organisme \u00e0 l'ADN, suivez l'\u00e9chelle du vivant \u00e0 la F\u00eate de la Science.","breadcrumb":{"@id":"https:\/\/fetedelascience.ucly.fr\/en\/programme\/programme-grand-public\/atelier-organisme-adn-echelle-vivant\/#breadcrumb"},"inLanguage":"en-US","potentialAction":[{"@type":"ReadAction","target":["https:\/\/fetedelascience.ucly.fr\/en\/programme\/programme-grand-public\/atelier-organisme-adn-echelle-vivant\/"]}]},{"@type":"ImageObject","inLanguage":"en-US","@id":"https:\/\/fetedelascience.ucly.fr\/en\/programme\/programme-grand-public\/atelier-organisme-adn-echelle-vivant\/#primaryimage","url":"https:\/\/fetedelascience.ucly.fr\/wp-content\/uploads\/sites\/31\/2020\/03\/header-fete-science-enfants-demonstration.jpg","contentUrl":"https:\/\/fetedelascience.ucly.fr\/wp-content\/uploads\/sites\/31\/2020\/03\/header-fete-science-enfants-demonstration.jpg","width":1920,"height":575,"caption":"header-fete-science-enfants-demonstration"},{"@type":"BreadcrumbList","@id":"https:\/\/fetedelascience.ucly.fr\/en\/programme\/programme-grand-public\/atelier-organisme-adn-echelle-vivant\/#breadcrumb","itemListElement":[{"@type":"ListItem","position":1,"name":"Accueil","item":"https:\/\/fetedelascience.ucly.fr\/en\/"},{"@type":"ListItem","position":2,"name":"Programme","item":"https:\/\/fetedelascience.ucly.fr\/en\/programme\/"},{"@type":"ListItem","position":3,"name":"Programme Grand Public","item":"https:\/\/fetedelascience.ucly.fr\/en\/programme\/programme-grand-public\/"},{"@type":"ListItem","position":4,"name":"Atelier DE L\u2019ORGANISME A L\u2019ADN, ECHELLE DU VIVANT"}]},{"@type":"WebSite","@id":"https:\/\/fetedelascience.ucly.fr\/en\/#website","url":"https:\/\/fetedelascience.ucly.fr\/en\/","name":"F\u00eate de la Science","description":"","publisher":{"@id":"https:\/\/fetedelascience.ucly.fr\/en\/#organization"},"potentialAction":[{"@type":"SearchAction","target":{"@type":"EntryPoint","urlTemplate":"https:\/\/fetedelascience.ucly.fr\/en\/?s={search_term_string}"},"query-input":{"@type":"PropertyValueSpecification","valueRequired":true,"valueName":"search_term_string"}}],"inLanguage":"en-US"},{"@type":"Organization","@id":"https:\/\/fetedelascience.ucly.fr\/en\/#organization","name":"F\u00eate de la Science","url":"https:\/\/fetedelascience.ucly.fr\/en\/","logo":{"@type":"ImageObject","inLanguage":"en-US","@id":"https:\/\/fetedelascience.ucly.fr\/en\/#\/schema\/logo\/image\/","url":"https:\/\/fetedelascience.ucly.fr\/wp-content\/uploads\/sites\/31\/2024\/07\/cropped-logo-3-ecoles-en-tete-site-fds-2024.png","contentUrl":"https:\/\/fetedelascience.ucly.fr\/wp-content\/uploads\/sites\/31\/2024\/07\/cropped-logo-3-ecoles-en-tete-site-fds-2024.png","width":749,"height":422,"caption":"F\u00eate de la Science"},"image":{"@id":"https:\/\/fetedelascience.ucly.fr\/en\/#\/schema\/logo\/image\/"}}]}},"_links":{"self":[{"href":"https:\/\/fetedelascience.ucly.fr\/en\/wp-json\/wp\/v2\/pages\/768","targetHints":{"allow":["GET"]}}],"collection":[{"href":"https:\/\/fetedelascience.ucly.fr\/en\/wp-json\/wp\/v2\/pages"}],"about":[{"href":"https:\/\/fetedelascience.ucly.fr\/en\/wp-json\/wp\/v2\/types\/page"}],"author":[{"embeddable":true,"href":"https:\/\/fetedelascience.ucly.fr\/en\/wp-json\/wp\/v2\/users\/22"}],"replies":[{"embeddable":true,"href":"https:\/\/fetedelascience.ucly.fr\/en\/wp-json\/wp\/v2\/comments?post=768"}],"version-history":[{"count":4,"href":"https:\/\/fetedelascience.ucly.fr\/en\/wp-json\/wp\/v2\/pages\/768\/revisions"}],"predecessor-version":[{"id":773,"href":"https:\/\/fetedelascience.ucly.fr\/en\/wp-json\/wp\/v2\/pages\/768\/revisions\/773"}],"up":[{"embeddable":true,"href":"https:\/\/fetedelascience.ucly.fr\/en\/wp-json\/wp\/v2\/pages\/497"}],"wp:featuredmedia":[{"embeddable":true,"href":"https:\/\/fetedelascience.ucly.fr\/en\/wp-json\/wp\/v2\/media\/362"}],"wp:attachment":[{"href":"https:\/\/fetedelascience.ucly.fr\/en\/wp-json\/wp\/v2\/media?parent=768"}],"curies":[{"name":"wp","href":"https:\/\/api.w.org\/{rel}","templated":true}]}}